{"id":3369,"date":"2021-06-24T13:47:14","date_gmt":"2021-06-24T12:47:14","guid":{"rendered":"https:\/\/angels35.com\/services-white\/"},"modified":"2026-04-08T16:38:52","modified_gmt":"2026-04-08T15:38:52","slug":"angels35-wedding-studio","status":"publish","type":"page","link":"https:\/\/angels35.com\/en\/","title":{"rendered":"Angels35 wedding studio"},"content":{"rendered":"<div class=\"wpb-content-wrapper\"><div data-vc-full-width=\"true\" data-vc-full-width-init=\"false\" data-vc-stretch-content=\"true\" class=\"vc_row wpb_row vc_row-fluid vc_row-6077376562fa1 vc_row-no-padding\"><div class=\"wpb_column vc_column_container vc_col-sm-12 vc_row-69f34c1ea2486\"><div class=\"vc_column-inner\"><div class=\"wpb_wrapper\"><div class=\"banner-area banner-area-5d63ae4f0bb6e banner-color-inherit\" data-settings=\"{&quot;loop&quot;:false,&quot;speed&quot;:500,&quot;autoplay&quot;:{&quot;delay&quot;:5000,&quot;disableOnInteraction&quot;:false,&quot;pauseOnMouseEnter&quot;:false},&quot;arrows&quot;:false,&quot;dots&quot;:false,&quot;dots_position&quot;:&quot;left&quot;,&quot;animation&quot;:&quot;&quot;}\"><div class=\"banner-social-buttons\"><div class=\"links\"><a href=\"https:\/\/www.facebook.com\/Angels35wedding\" class=\"item\" target=\"_blank\" rel=\"noopener\"><i class=\"fab fa-facebook-f\"><\/i><span>Facebook<\/span><\/a><a href=\"https:\/\/www.instagram.com\/angels35.wedding\/\" class=\"item\" target=\"_blank\" rel=\"noopener\"><i class=\"fab fa-instagram\"><\/i><span>Instagram<\/span><\/a><a href=\"https:\/\/vimeo.com\/gogson\" class=\"item\" target=\"_blank\" rel=\"noopener\"><i class=\"fab fa-vimeo-v\"><\/i><span>Vimeo<\/span><\/a><a href=\"https:\/\/www.youtube.com\/@angels35weddingstudio\" class=\"item\" target=\"_blank\" rel=\"noopener\"><i class=\"fab fa-youtube\"><\/i><span>YouTube<\/span><\/a><\/div><\/div><div class=\"banner banner-5d63ae4f0bb6e  fixed-height\" style=\"height:700px; --transition-speed: 2500ms;\"><div class=\"swiper-container\"><div class=\"swiper-wrapper\"><div class=\"item swiper-slide banner-item-5d63c3a5d9fdc tal with-shadow\">\n      <div class=\"bg-image\" style=\"background-image: url(https://spcdn.shortpixel.ai/spio/ret_img,q_cdnize,to_auto,s_webp:avif/angels35.com/wp-content/uploads/2022/02/Angels35-wedding-studio-fotograf-snimanje-vjencanja.jpg)\"><\/div>\n      \n      <div class=\"banner-decor-elements\"><div><\/div><div><\/div><div><\/div><div><\/div><\/div>\n      <div class=\"container\">\n        <div class=\"cell bottom\">\n          <div class=\"heading\">\n        <div class=\"sub-h\">ANGELS35 WEDDING STUDIO<\/div>\n        <h1 class=\"h\">Wedding Photography and Videography<\/h1>\n      <\/div>\n          \n          \n          \n        <\/div>\n      <\/div>\n    <\/div><\/div><\/div><\/div><\/div><\/div><\/div><\/div><\/div><div class=\"vc_row-full-width vc_clearfix\"><\/div><div class=\"vc_row wpb_row vc_row-fluid vc_row-69f34c1ea3d6b\"><div class=\"wpb_column vc_column_container vc_col-sm-12 vc_row-69f34c1ea3f2a\"><div class=\"vc_column-inner\"><div class=\"wpb_wrapper\">      <div class=\"heading-block heading-5d64ce0964b1d tal h-h2 with-line\">\n                  <div class=\"sub-h\">Angels35 - Wedding videographer and photographer<\/div>\n              <\/div>\n    \n\t<div class=\"wpb_text_column wpb_content_element\" >\n\t\t<div class=\"wpb_wrapper\">\n\t\t\t<h2><span style=\"font-size: 34px;\">Who is Angels35 wedding studio.<\/span><\/h2>\n<p><span class=\"relative -mx-px my-&#091;-0.2rem&#093; rounded px-px py-&#091;0.2rem&#093; transition-colors duration-100 ease-in-out\">Wedding photography and videography is our passion at Angels35 Studio.<\/span> <span class=\"relative -mx-px my-&#091;-0.2rem&#093; rounded px-px py-&#091;0.2rem&#093; transition-colors duration-100 ease-in-out\"><a href=\"https:\/\/angels35.com\/en\/renata-i-goran\/\">Renata and Goran<\/a>, life and business partners, are dedicated to creating unforgettable memories for every couple<\/span> Life and business partners who do everything together, or as I like to joke, \u201cPartners in Crime\u201d. <strong>Honest, positive, usually-unusual, communicative<\/strong>. With us, people feel comfortable and relaxed.<\/p>\n<blockquote><p>\nWhen filming, we only use honesty in large quantities. For example, when the groom is getting dressed, we don't allow him to spend half an hour adjusting his tie or buttoning his shirt. Or, for instance, bridesmaids fixing the bride's hair.<br \/>\nWhy do they fix it when she just came from the hairdresser? We immediately react to things that are unnatural and look silly on video.<br \/>\n<strong>Your behavior must be natural and normal.<\/strong> Because one day when you watch the <a href=\"https:\/\/angels35.com\/en\/wedding-videography\/\">video<\/a> or <a href=\"https:\/\/angels35.com\/en\/wedding-photographer\/\">photos<\/a> with friends or children, you shouldn't look funny or unnatural.\n<\/p><\/blockquote>\n\n\t\t<\/div>\n\t<\/div>\n<\/div><\/div><\/div><\/div><div class=\"vc_row wpb_row vc_row-fluid vc_row-69f34c1ea43a9\"><div class=\"wpb_column vc_column_container vc_col-sm-12 vc_row-69f34c1ea4539\"><div class=\"vc_column-inner\"><div class=\"wpb_wrapper\"><div class=\"vc_empty_space\"   style=\"height: 40px\"><span class=\"vc_empty_space_inner\"><\/span><\/div><\/div><\/div><\/div><\/div><div class=\"vc_row wpb_row vc_row-fluid vc_row-69f34c1ea48eb\"><div class=\"wpb_column vc_column_container vc_col-sm-12 vc_row-69f34c1ea4a7a\"><div class=\"vc_column-inner\"><div class=\"wpb_wrapper\">\n\t<div class=\"wpb_text_column wpb_content_element\" >\n\t\t<div class=\"wpb_wrapper\">\n\t\t\t<div data-src=\"https:\/\/cdn.trustindex.io\/loader.js?8a3f92525b2a717a0416668ff2c\"><\/div>\n\n\t\t<\/div>\n\t<\/div>\n<\/div><\/div><\/div><\/div><div class=\"vc_row wpb_row vc_row-fluid vc_row-69f34c1ea4e1a\"><div class=\"wpb_column vc_column_container vc_col-sm-12 vc_row-69f34c1ea4f9f\"><div class=\"vc_column-inner\"><div class=\"wpb_wrapper\">\n\t<div class=\"wpb_text_column wpb_content_element\" >\n\t\t<div class=\"wpb_wrapper\">\n\t\t\t<p>I mentioned that we are positive and communicative, and our smile never leaves our faces.<br \/>\nWe spread positive energy through communication while we work, and everyone is smiling and relaxed. In this way, we have beautiful, happy, <a href=\"https:\/\/angels35.com\/en\/videographer-photographer-our-story\/\">and smiling people in front of the camera.<\/a>That's why we get a video filled with lovely emotions.<\/p>\n<blockquote><p>\n<strong>Ordinary-unusual, we are ordinary until we start pulling out things from our bags: hair spray, hairpins, rubber bands, sanitary pads, scissors, needle and thread, painkillers, lip gloss, lipstick, nail file, super glue, etc.<\/strong><br \/>\nOver the years of experience at weddings, we have encountered various unforeseen situations where we were the only ones who could \"save the day\". We made the bride's hairstyle, sewed her wedding dress, glued on false eyelashes and nails, fixed her makeup, and so on.\n<\/p><\/blockquote>\n<p><strong>Nothing can surprise us; we are prepared for all situations. The wedding day has no repeat, it cannot be repeated. Our newlyweds must have a perfect day.<\/strong><\/p>\n<p><a href=\"https:\/\/angels35.com\/en\/wedding-photographer-prices-packages\/\">Contact us<\/a> regarding our packages.<\/p>\n\n\t\t<\/div>\n\t<\/div>\n<\/div><\/div><\/div><\/div><div class=\"vc_row wpb_row vc_row-fluid vc_row-69f34c1ea52b4\"><div class=\"wpb_column vc_column_container vc_col-sm-6 vc_row-69f34c1ea543e\"><div class=\"vc_column-inner\"><div class=\"wpb_wrapper\">\n\t<div class=\"wpb_raw_code wpb_raw_html wpb_content_element\" >\n\t\t<div class=\"wpb_wrapper\">\n\t\t\t<div style=\"position: relative; padding-bottom: 65%; height: 0; overflow: hidden;\">\r\n  <iframe src=\"https:\/\/www.youtube.com\/embed\/vjMR1ZFPkJE\" frameborder=\"0\" allowfullscreen style=\"position: absolute; top: 0; left: 0; width: 100%; height: 100%;\">\r\n  <\/iframe>\r\n<\/div>\n\t\t<\/div>\n\t<\/div>\n<\/div><\/div><\/div><div class=\"wpb_column vc_column_container vc_col-sm-6 vc_row-69f34c1ea57e6\"><div class=\"vc_column-inner\"><div class=\"wpb_wrapper\">\n\t<div class=\"wpb_raw_code wpb_raw_html wpb_content_element\" >\n\t\t<div class=\"wpb_wrapper\">\n\t\t\t<div style=\"position: relative; padding-bottom: 65%; height: 0; overflow: hidden;\">\r\n  <iframe src=\"https:\/\/www.youtube.com\/embed\/_iCpaGCiN3U\" frameborder=\"0\" allowfullscreen style=\"position: absolute; top: 0; left: 0; width: 100%; height: 100%;\">\r\n  <\/iframe>\r\n<\/div>\n\t\t<\/div>\n\t<\/div>\n<\/div><\/div><\/div><\/div><div class=\"vc_row wpb_row vc_row-fluid vc_row-69f34c1ea5a90\"><div class=\"wpb_column vc_column_container vc_col-sm-6 vc_row-69f34c1ea5bd1\"><div class=\"vc_column-inner\"><div class=\"wpb_wrapper\">\n\t<div class=\"wpb_raw_code wpb_raw_html wpb_content_element\" >\n\t\t<div class=\"wpb_wrapper\">\n\t\t\t<div style=\"position: relative; padding-bottom: 65%; height: 0; overflow: hidden;\">\r\n  <iframe src=\"https:\/\/www.youtube.com\/embed\/UOc1Xe8bxBE\" frameborder=\"0\" allowfullscreen style=\"position: absolute; top: 0; left: 0; width: 100%; height: 100%;\">\r\n  <\/iframe>\r\n<\/div>\n\t\t<\/div>\n\t<\/div>\n<\/div><\/div><\/div><div class=\"wpb_column vc_column_container vc_col-sm-6 vc_row-69f34c1ea5e52\"><div class=\"vc_column-inner\"><div class=\"wpb_wrapper\">\n\t<div class=\"wpb_raw_code wpb_raw_html wpb_content_element\" >\n\t\t<div class=\"wpb_wrapper\">\n\t\t\t<div style=\"position: relative; padding-bottom: 65%; height: 0; overflow: hidden;\">\r\n  <iframe src=\"https:\/\/www.youtube.com\/embed\/Fu0D6nH60oY\" frameborder=\"0\" allowfullscreen style=\"position: absolute; top: 0; left: 0; width: 100%; height: 100%;\">\r\n  <\/iframe>\r\n<\/div>\n\t\t<\/div>\n\t<\/div>\n<\/div><\/div><\/div><\/div><div class=\"vc_row wpb_row vc_row-fluid vc_row-69f34c1ea60f1\"><div class=\"wpb_column vc_column_container vc_col-sm-12 vc_row-69f34c1ea623a\"><div class=\"vc_column-inner\"><div class=\"wpb_wrapper\">      <div class=\"heading-block heading-5d64ce0964b1d tal h-h2 with-line\">\n                  <div class=\"sub-h\">Angels35 - WEDDING PHOTOGRAPHY AND RECORDING<\/div>\n                  <h2 class=\"h\">Frequently asked questions about weddings.<\/h2>\n              <\/div>\n    \n\t<div class=\"wpb_text_column wpb_content_element\" >\n\t\t<div class=\"wpb_wrapper\">\n\t\t\t<h3><span style=\"font-size: 26px;\">Weather conditions?<\/span><\/h3>\n<p>This question is mostly asked by the future bride and it goes like this: <strong>\"What if it rains? How can we do the photo shoot?\"<\/strong><br \/>\nIn that case, when weather conditions are not suitable for photography and filming, we will do a basic photoshoot, with a few photos and video clips from the wedding day itself.<br \/>\n. By unsuitable weather conditions, we mean heavy rain, snow, or a blizzard when it is truly not possible to do a photoshoot. Instead, we photograph and film two or three days after the wedding, when the weather is suitable for photography and filming.<br \/>\n<strong>Our couples will not be deprived of a photo shoot nor will they be charged extra.<\/strong><\/p>\n<p><span style=\"font-size: 18px;\">Take a look at our <a href=\"https:\/\/angels35.com\/en\/wedding-guide-for-couples\/\" target=\"_blank\" rel=\"noopener\"><strong>guide for couples<\/strong><\/a> , where you can find answers to many of your questions.<\/span><\/p>\n\n\t\t<\/div>\n\t<\/div>\n<\/div><\/div><\/div><\/div><div id=\"snimanje dronom\" class=\"vc_row wpb_row vc_row-fluid vc_row-621249b26d457\"><div class=\"wpb_column vc_column_container vc_col-sm-12 vc_row-69f34c1ea66a5\"><div class=\"vc_column-inner\"><div class=\"wpb_wrapper\">\n\t<div class=\"wpb_text_column wpb_content_element\" >\n\t\t<div class=\"wpb_wrapper\">\n\t\t\t<h3><span style=\"font-size: 26px;\">Wedding photography and videography with a drone?<\/span><\/h3>\n<p>One of the questions that couples often ask is about the equipment we use. Do we use Canon, Nikon, Sony? Or why don't we use cameras instead of photo cameras? Do we have enough light because \"it will be dark in the room\"? Or, for example, \"My room is very small, how will you capture my entire wedding dress?\" Yes, we receive many questions related to equipment.<\/p>\n<blockquote><p>\n<strong>However, the most important question is, do we have a drone? <\/strong>Yes, we have a drone and we use it for photography and videography of your wedding.<br \/>\nWe currently use drone <b>Dji air 3S<\/b>\u00a0, which serve to showcase the location of the event and introduce the viewer of the video into the story by showing them the setting of the story. Unfortunately, many people think that the drone should be used to film the entire wedding.<br \/>\n<strong>We have top-of-the-line professional equipment for wedding photography, videography, and audio recording<\/strong>\n<\/p><\/blockquote>\n<p>I have to quote <a href=\"https:\/\/en.wikipedia.org\/wiki\/Arnold_Newman\" target=\"_blank\" rel=\"noopener\">Arnolda Newmana<\/a> who said,<br \/>\n<strong>\"Many photographers think that if they buy a better camera they will be able to take better pictures. A better camera won't do anything for you if you don't have anything in your head or in your heart.\"<\/strong><\/p>\n<blockquote><p>\nWe have experience\u2014over 15 years of photographing weddings and filming celebrations. We have a lot of creativity in our minds and plenty of love in our hearts. That\u2019s why you don\u2019t need to worry about the equipment. You just need to be relaxed, smiling, and happy. Because that day is one of a kind, and you should enjoy every second of it.\n<\/p><\/blockquote>\n\n\t\t<\/div>\n\t<\/div>\n<\/div><\/div><\/div><\/div><div class=\"vc_row wpb_row vc_row-fluid vc_row-69f34c1ea6989\"><div class=\"wpb_column vc_column_container vc_col-sm-12 vc_row-69f34c1ea6ac5\"><div class=\"vc_column-inner\"><div class=\"wpb_wrapper\"><div class=\"vc_empty_space\"   style=\"height: 40px\"><span class=\"vc_empty_space_inner\"><\/span><\/div><\/div><\/div><\/div><\/div><div data-vc-full-width=\"true\" data-vc-full-width-init=\"false\" data-vc-stretch-content=\"true\" class=\"vc_row wpb_row vc_row-fluid vc_row-5d789937e3c31 vc_row-no-padding\"><div class=\"wpb_column vc_column_container vc_col-sm-12 vc_row-69f34c1ea6ed2\"><div class=\"vc_column-inner\"><div class=\"wpb_wrapper\"><div class=\"photo-carousel photo-carousel-69d61a4fc6f01\"><a href=\"https:\/\/www.instagram.com\/angels35.wedding\" class=\"button-style1\" target=\"_blank\" rel=\"noopener\"><i class=\"\"><\/i><span>Follow me<\/span><\/a><div class=\"carousel\"><div class=\"item\" style=\"background-image: url(https://spcdn.shortpixel.ai/spio/ret_img,q_cdnize,to_auto,s_webp:avif/angels35.com/wp-content/uploads/2026/04/Koliko-fotografija-dobijemo-sa-vjencanja-1024x683.jpg);\"><\/div><div class=\"item\" style=\"background-image: url(https://spcdn.shortpixel.ai/spio/ret_img,q_cdnize,to_auto,s_webp:avif/angels35.com/wp-content/uploads/2022/02/Fotograf-za-vjencanje-angels35-wedding-studio.jpg);\"><\/div><div class=\"item\" style=\"background-image: url(https://spcdn.shortpixel.ai/spio/ret_img,q_cdnize,to_auto,s_webp:avif/angels35.com/wp-content/uploads/2026/04/Najbolji-paket-za-fotografisanje-i-snimanje-vjencanja-2-1024x683.jpg);\"><\/div><div class=\"item\" style=\"background-image: url(https://spcdn.shortpixel.ai/spio/ret_img,q_cdnize,to_auto,s_webp:avif/angels35.com/wp-content/uploads/2026/04/Kada-zakazati-snimanje-vjencanja-4.jpg);\"><\/div><div class=\"item\" style=\"background-image: url(https://spcdn.shortpixel.ai/spio/ret_img,q_cdnize,to_auto,s_webp:avif/angels35.com/wp-content/uploads/2022/02/Fotografiranje-vjencanja-na-plazi-Karyna-i-Patric-106.jpg);\"><\/div><div class=\"item\" style=\"background-image: url(https://spcdn.shortpixel.ai/spio/ret_img,q_cdnize,to_auto,s_webp:avif/angels35.com/wp-content/uploads/2024/02/Fotograf-vjencanja-Banja-Luka-Angels35-wedding-studio-23-1024x683.jpg);\"><\/div><div class=\"item\" style=\"background-image: url(https://spcdn.shortpixel.ai/spio/ret_img,q_cdnize,to_auto,s_webp:avif/angels35.com/wp-content/uploads/2024/02/Fotograf-vjencanja-Angels35-wedding-studio-47-683x1024.jpg);\"><\/div><div class=\"item\" style=\"background-image: url(https://spcdn.shortpixel.ai/spio/ret_img,q_cdnize,to_auto,s_webp:avif/angels35.com/wp-content/uploads/2024/09/Fotograf-za-vjencanje-Opatija-40-1024x683.jpg);\"><\/div><div class=\"item\" style=\"background-image: url(https://spcdn.shortpixel.ai/spio/ret_img,q_cdnize,to_auto,s_webp:avif/angels35.com/wp-content/uploads/2024/09/Fotograf-vjencanja-Trebinje-101-683x1024.jpg);\"><\/div><div class=\"item\" style=\"background-image: url(https://spcdn.shortpixel.ai/spio/ret_img,q_cdnize,to_auto,s_webp:avif/angels35.com/wp-content/uploads/2024/09/najbolji-fotograf-za-vjencanje-3-1024x576.jpg);\"><\/div><div class=\"item\" style=\"background-image: url(https://spcdn.shortpixel.ai/spio/ret_img,q_cdnize,to_auto,s_webp:avif/angels35.com/wp-content/uploads/2024/09/najbolji-fotograf-za-vjencanje-5-1024x683.jpg);\"><\/div><div class=\"item\" style=\"background-image: url(https://spcdn.shortpixel.ai/spio/ret_img,q_cdnize,to_auto,s_webp:avif/angels35.com/wp-content/uploads/2024/09/najbolji-fotograf-za-vjencanje-23-683x1024.jpg);\"><\/div><div class=\"item\" style=\"background-image: url(https://spcdn.shortpixel.ai/spio/ret_img,q_cdnize,to_auto,s_webp:avif/angels35.com/wp-content/uploads/2024/09/najbolji-fotograf-za-vjencanje-35-1024x683.jpg);\"><\/div><div class=\"item\" style=\"background-image: url(https://spcdn.shortpixel.ai/spio/ret_img,q_cdnize,to_auto,s_webp:avif/angels35.com/wp-content/uploads/2024/09/najbolji-fotograf-za-vjencanje-52-1024x683.jpg);\"><\/div><div class=\"item\" style=\"background-image: url(https://spcdn.shortpixel.ai/spio/ret_img,q_cdnize,to_auto,s_webp:avif/angels35.com/wp-content/uploads/2024/09/najbolji-fotograf-za-vjencanje-56-1024x683.jpg);\"><\/div><\/div><\/div><\/div><\/div><\/div><\/div><div class=\"vc_row-full-width vc_clearfix\"><\/div>\n<\/div>","protected":false},"excerpt":{"rendered":"InstagramYouTube ANGELS35 WEDDING STUDIO Fotografisanje i Snimanje Vjen\u010danja Angels35 - FOTOGRAFISANJE i SNIMANJE VJEN\u010cANJA Ko je Angels35 wedding studio. Fotografisanje i snimanje vjen\u010danja su na\u0161a strast u Angels35 studiju. Renata i Goran, \u017eivotni i poslovni partneri, posve\u0107eni su stvaranju nezaboravnih uspomena za svaki par .\u00a0 \u017divotni i poslovni partneri koji sve rade zajedno, ili kako [...]","protected":false},"author":1,"featured_media":9269,"parent":0,"menu_order":0,"comment_status":"closed","ping_status":"closed","template":"template-landing.php","meta":{"_acf_changed":false,"footnotes":""},"class_list":["post-3369","page","type-page","status-publish","has-post-thumbnail","hentry"],"acf":[],"_links":{"self":[{"href":"https:\/\/angels35.com\/en\/wp-json\/wp\/v2\/pages\/3369","targetHints":{"allow":["GET"]}}],"collection":[{"href":"https:\/\/angels35.com\/en\/wp-json\/wp\/v2\/pages"}],"about":[{"href":"https:\/\/angels35.com\/en\/wp-json\/wp\/v2\/types\/page"}],"author":[{"embeddable":true,"href":"https:\/\/angels35.com\/en\/wp-json\/wp\/v2\/users\/1"}],"replies":[{"embeddable":true,"href":"https:\/\/angels35.com\/en\/wp-json\/wp\/v2\/comments?post=3369"}],"version-history":[{"count":8,"href":"https:\/\/angels35.com\/en\/wp-json\/wp\/v2\/pages\/3369\/revisions"}],"predecessor-version":[{"id":9289,"href":"https:\/\/angels35.com\/en\/wp-json\/wp\/v2\/pages\/3369\/revisions\/9289"}],"wp:featuredmedia":[{"embeddable":true,"href":"https:\/\/angels35.com\/en\/wp-json\/wp\/v2\/media\/9269"}],"wp:attachment":[{"href":"https:\/\/angels35.com\/en\/wp-json\/wp\/v2\/media?parent=3369"}],"curies":[{"name":"wp","href":"https:\/\/api.w.org\/{rel}","templated":true}]}}