{"id":3390,"date":"2022-02-16T11:46:58","date_gmt":"2022-02-16T11:46:58","guid":{"rendered":"https:\/\/angels35.com\/?page_id=3390"},"modified":"2026-04-08T11:29:15","modified_gmt":"2026-04-08T10:29:15","slug":"wedding-photographer-prices-packages","status":"publish","type":"page","link":"https:\/\/angels35.com\/en\/fotograf-vjencanja-cijene-paketi\/","title":{"rendered":"Wedding photographer prices"},"content":{"rendered":"<div class=\"wpb-content-wrapper\"><div class=\"vc_row wpb_row vc_row-fluid vc_custom_1645949825633 vc_row-69f34bb1bb471\"><div class=\"wpb_column vc_column_container vc_col-sm-12 vc_row-69f34bb1bb992\"><div class=\"vc_column-inner\"><div class=\"wpb_wrapper\">\n\t<div class=\"wpb_text_column wpb_content_element\" >\n\t\t<div class=\"wpb_wrapper\">\n\t\t\t<h1><span style=\"font-size: 26px;\">WEDDING PRICES AND PACKAGES - VIDEOGRAPHY AND PHOTOGRAPHY<\/span><\/h1>\n<p>The prices and packages for our professional <a href=\"https:\/\/angels35.com\/en\/wedding-videography\/\">wedding video <\/a>and <a href=\"https:\/\/angels35.com\/en\/wedding-photographer\/\">photographer<\/a> services are a bit more difficult to define. Of course, there are standard prices and packages that range from <strong>400 to 3500 euros,<br \/>\n<\/strong>depending on the wishes, ideas, and requirements of the couple, the size of the wedding, how many photographers and videographers are needed, whether one photographer and videographer are enough, etc.<br \/>\nYou can read about how we film and how long our work hours are on the <a href=\"https:\/\/angels35.com\/en\/\" rel=\"noopener\">ABOUT US<\/a>.<br \/>\nSome of<a href=\"https:\/\/angels35.com\/en\/videographer-photographer-our-story\/\"> our couples<\/a> have special requests for their wedding day, especially when it's a big wedding. Their desire is to capture as much documentary material as possible while filming footage for a video.<br \/>\n<strong>For such weddings, a minimum of two to three cameramen with assistants and at least two photographers is required.<\/strong><br \/>\nOnly in this way is it possible to cover all segments of the wedding. Organizing such a large wedding deserves it.<\/p>\n\n\t\t<\/div>\n\t<\/div>\n<\/div><\/div><\/div><\/div><div data-vc-full-width=\"true\" data-vc-full-width-init=\"false\" data-vc-stretch-content=\"true\" class=\"vc_row wpb_row vc_row-fluid vc_row-69f34bb1bbdbb vc_row-no-padding\"><div class=\"wpb_column vc_column_container vc_col-sm-12 vc_row-69f34bb1bbf4d\"><div class=\"vc_column-inner\"><div class=\"wpb_wrapper\">      <div class=\"button-container button-621371c390e9c center\">\n        <a class=\"button-style1\" href=\"https:\/\/angels35.com\/en\/videographer-photographer-our-story\/\" target=\"_self\">\n          <span>PORTFOLIO - ANGELS35 WEDDING STUDIO<\/span>\n        <\/a>\n      <\/div>\n    <\/div><\/div><\/div><\/div><div class=\"vc_row-full-width vc_clearfix\"><\/div><div class=\"vc_row wpb_row vc_row-fluid vc_row-69f34bb1bc13a\"><div class=\"wpb_column vc_column_container vc_col-sm-12 vc_row-69f34bb1bc2c4\"><div class=\"vc_column-inner\"><div class=\"wpb_wrapper\">\n\t<div class=\"wpb_text_column wpb_content_element\" >\n\t\t<div class=\"wpb_wrapper\">\n\t\t\t<div data-src=\"https:\/\/cdn.trustindex.io\/loader.js?8a3f92525b2a717a0416668ff2c\"><\/div>\n\n\t\t<\/div>\n\t<\/div>\n<\/div><\/div><\/div><\/div><div class=\"vc_row wpb_row vc_row-fluid vc_custom_1645949825633 vc_row-69f34bb1bc673\"><div class=\"wpb_column vc_column_container vc_col-sm-12 vc_row-69f34bb1bc7d1\"><div class=\"vc_column-inner\"><div class=\"wpb_wrapper\">\n\t<div class=\"wpb_text_column wpb_content_element\" >\n\t\t<div class=\"wpb_wrapper\">\n\t\t\t<h2><span style=\"font-size: 22px;\">OUR MISSION AND APPROACH<\/span><\/h2>\n<p>Our mission is to turn every wedding into a work of art.<br \/>\nWe believe that a wedding is not just an event but a unique story filled with emotions, love, and unforgettable moments.<br \/>\nAs a team of professionals, we are dedicated to capturing every significant moment in a way that conveys the authenticity and emotions of that day.<\/p>\n<h2><span style=\"font-size: 22px;\">LOCATIONS AROUND THE WORLD<\/span><\/h2>\n<p>One of our main advantages is the ability to adapt to various locations around the world. Our team has had the privilege of capturing weddings at some of the most beautiful destinations, including Bosnia and Herzegovina, Croatia, the Seychelles, Indonesia, as well as many countries across Europe.<br \/>\nThese diverse destinations provide us with the opportunity to experiment with light, colors, and compositions, creating unique photos and videos that reflect the spirit of each place.<\/p>\n<h3><span style=\"font-size: 20px;\">CHECK OUT SOME OF OUR PACKAGE OFFERS<\/span><\/h3>\n<p><span style=\"font-size: 16px;\">and for other package options, please contact us.<\/span><\/p>\n\n\t\t<\/div>\n\t<\/div>\n<\/div><\/div><\/div><\/div><div data-vc-full-width=\"true\" data-vc-full-width-init=\"false\" data-vc-stretch-content=\"true\" class=\"vc_row wpb_row vc_row-fluid vc_custom_1649616298489 vc_row-62530b5f356d8 vc_row-no-padding\"><div class=\"wpb_column vc_column_container vc_col-sm-12 vc_row-69f34bb1bcc47\"><div class=\"vc_column-inner\"><div class=\"wpb_wrapper\"><div class=\"price-list-type2 row price-list-type2-59c284b183e9e\"><div class=\"item price-list-type2-item-59c28461bdf64 col-12 col-sm-12 col-md-6 col-lg-3\">\r\n        <h6 class=\"h\">Wedding photographer<\/h6>\r\n        \r\n        <div class=\"img\" style=\"background-image: url(https://spcdn.shortpixel.ai/spio/ret_img,q_cdnize,to_auto,s_webp:avif/angels35.com/wp-content/uploads/2022/04/Fotograf-vjencanja-paket-cijena.jpg)\"><\/div>\r\n        <div class=\"options\">\r\n            <div class=\"heading-decor\"><h5>PHOTO PACKAGE<\/h5><\/div>\r\n            <div class=\"o-row\">2 x Professional photographer<br \/><\/div><div class=\"o-row\">12-14 working hours<br \/><\/div><div class=\"o-row\">Photo book<br \/><\/div><div class=\"o-row\">Web gallery for sharing<\/div>\r\n        <\/div>\r\n        <a href=\"https:\/\/angels35.com\/en\/wedding-photography-price-package\/\" class=\"button-style1\">MORE<\/a>\r\n    <\/div><div class=\"item price-list-type2-item-59c28461bdf64 col-12 col-sm-12 col-md-6 col-lg-3\">\r\n        <h6 class=\"h\">PHOTO + VIDEO<\/h6>\r\n        <div class=\"price\">RECOMMENDED<\/div>\r\n        <div class=\"img\" style=\"background-image: url(https://spcdn.shortpixel.ai/spio/ret_img,q_cdnize,to_auto,s_webp:avif/angels35.com/wp-content/uploads/2022/04/Snimanje-vjencanja-paket-2-cijena.jpg)\"><\/div>\r\n        <div class=\"options\">\r\n            <div class=\"heading-decor\"><h5>PHOTO + VIDEO PACKAGE<\/h5><\/div>\r\n            <div class=\"o-row\">1 x Professional photographer<br \/><\/div><div class=\"o-row\">1 x Professional videographer<br \/><\/div><div class=\"o-row\">12-14 working hours<br \/><\/div><div class=\"o-row\">Photo book + Spot + Film<\/div>\r\n        <\/div>\r\n        <a href=\"https:\/\/angels35.com\/en\/photographer-videographer-package-price\/\" class=\"button-style1\">MORE<\/a>\r\n    <\/div><div class=\"item price-list-type2-item-59c28461bdf64 col-12 col-sm-12 col-md-6 col-lg-3\">\r\n        <h6 class=\"h\">VIDEOGRAPHY<\/h6>\r\n        \r\n        <div class=\"img\" style=\"background-image: url(https://spcdn.shortpixel.ai/spio/ret_img,q_cdnize,to_auto,s_webp:avif/angels35.com/wp-content/uploads/2022/04/fotograf-vjencanja-cijena-paket.jpg)\"><\/div>\r\n        <div class=\"options\">\r\n            <div class=\"heading-decor\"><h5>VIDEO PACKAGE 1<\/h5><\/div>\r\n            <div class=\"o-row\">1 x Videographer<br \/><\/div><div class=\"o-row\">Drone filming<br \/><\/div><div class=\"o-row\">Wedding spot<br \/><\/div><div class=\"o-row\">12-14 working hours<\/div>\r\n        <\/div>\r\n        <a href=\"https:\/\/angels35.com\/en\/wedding-videography-package-1-prices\/\" class=\"button-style1\">MORE<\/a>\r\n    <\/div><div class=\"item price-list-type2-item-59c28461bdf64 col-12 col-sm-12 col-md-6 col-lg-3\">\r\n        <h6 class=\"h\">VIDEOGRAPHY<\/h6>\r\n        \r\n        <div class=\"img\" style=\"background-image: url(https://spcdn.shortpixel.ai/spio/ret_img,q_cdnize,to_auto,s_webp:avif/angels35.com/wp-content/uploads/2022/04/Snimanje-vjencanja-paket-1-cijena.jpg)\"><\/div>\r\n        <div class=\"options\">\r\n            <div class=\"heading-decor\"><h5>VIDEO PACKAGE 2<\/h5><\/div>\r\n            <div class=\"o-row\">2 x Videographers<br \/><\/div><div class=\"o-row\">Drone filming<br \/><\/div><div class=\"o-row\">Wedding spot<br \/><\/div><div class=\"o-row\">Short wedding film + FULL ...<\/div>\r\n        <\/div>\r\n        <a href=\"https:\/\/angels35.com\/en\/wedding-videography-package-2-price\/\" class=\"button-style1\">MORE<\/a>\r\n    <\/div><\/div><\/div><\/div><\/div><\/div><div class=\"vc_row-full-width vc_clearfix\"><\/div><div class=\"vc_row wpb_row vc_row-fluid vc_row-69f34bb1bed8f\"><div class=\"wpb_column vc_column_container vc_col-sm-12 vc_row-69f34bb1beefa\"><div class=\"vc_column-inner\"><div class=\"wpb_wrapper\">\n\t<div class=\"wpb_text_column wpb_content_element\" >\n\t\t<div class=\"wpb_wrapper\">\n\t\t\t<h3><span style=\"font-size: 26px;\">How to choose the right package?<\/span><\/h3>\n<p>Wedding photography prices packages - wedding filming prices packages<\/p>\n<p><strong>Kontaktirajte nas , posla\u0107emo Vam na\u0161e standardne cijene i pakete.<\/strong><br \/>\nWe also offer options for filming a <a href=\"https:\/\/angels35.com\/en\/#poseban dan\">special day<\/a> and <a href=\"https:\/\/angels35.com\/en\/wedding-invitation\/\">wedding invitations<\/a>.<\/p>\n<p>In conversation with us and in accordance with your plans for the wedding day, you can always get a special offer made just for you. If you are planning a big wedding or a micro wedding, we can arrange the best packages that will suit your wedding day.<\/p>\n\n\t\t<\/div>\n\t<\/div>\n<\/div><\/div><\/div><\/div><div class=\"vc_row wpb_row vc_row-fluid vc_custom_1647500998280 vc_row-621b318783a9e\"><div class=\"wpb_column vc_column_container vc_col-sm-12 vc_row-69f34bb1bf388\"><div class=\"vc_column-inner\"><div class=\"wpb_wrapper\">\n\t<div class=\"wpb_raw_code wpb_raw_html wpb_content_element\" >\n\t\t<div class=\"wpb_wrapper\">\n\t\t\t<div style=\"position: relative; padding-bottom: 56.25%; height: 0; overflow: hidden;\">\r\n  <iframe src=\"https:\/\/www.youtube.com\/embed\/T7tCLfbvo4c\" frameborder=\"0\" allowfullscreen style=\"position: absolute; top: 0; left: 0; width: 100%; height: 100%;\">\r\n  <\/iframe>\r\n<\/div>\n\t\t<\/div>\n\t<\/div>\n<\/div><\/div><\/div><\/div><div class=\"vc_row wpb_row vc_row-fluid vc_custom_1662726340471 vc_row-6252ebd44c737\"><div class=\"wpb_column vc_column_container vc_col-sm-12 vc_row-69f34bb1bf8d5\"><div class=\"vc_column-inner\"><div class=\"wpb_wrapper\">\n\t<div class=\"wpb_raw_code wpb_raw_html wpb_content_element\" >\n\t\t<div class=\"wpb_wrapper\">\n\t\t\t<script type=\"text\/javascript\" src=\"https:\/\/form.jotform.com\/jsform\/222301212689045\"><\/script>\n\t\t<\/div>\n\t<\/div>\n<\/div><\/div><\/div><\/div><div class=\"vc_row wpb_row vc_row-fluid vc_row-62ff50d4be688\"><div class=\"wpb_column vc_column_container vc_col-sm-12 vc_row-69f34bb1bfe0c\"><div class=\"vc_column-inner\"><div class=\"wpb_wrapper\"><div class=\"vc_empty_space\"   style=\"height: 32px\"><span class=\"vc_empty_space_inner\"><\/span><\/div><\/div><\/div><\/div><\/div><div class=\"vc_row wpb_row vc_row-fluid vc_custom_1660899627333 vc_row-6213a0a920575\"><div class=\"wpb_column vc_column_container vc_col-sm-12 vc_row-69f34bb1c034f\"><div class=\"vc_column-inner\"><div class=\"wpb_wrapper\"><div class=\"vc_separator wpb_content_element vc_separator_align_center vc_sep_width_100 vc_sep_border_width_2 vc_sep_pos_align_center vc_separator_no_text vc_sep_color_grey wpb_content_element  wpb_content_element\" ><span class=\"vc_sep_holder vc_sep_holder_l\"><span class=\"vc_sep_line\"><\/span><\/span><span class=\"vc_sep_holder vc_sep_holder_r\"><span class=\"vc_sep_line\"><\/span><\/span>\n<\/div><div class=\"vc_row wpb_row vc_inner vc_row-fluid\"><div class=\"wpb_column vc_column_container vc_col-sm-12\"><div class=\"vc_column-inner\"><div class=\"wpb_wrapper\"><\/div><\/div><\/div><\/div><\/div><\/div><\/div><\/div><div class=\"vc_row wpb_row vc_row-fluid vc_custom_1645950833069 vc_row-6065b69c88a52\"><div class=\"wpb_column vc_column_container vc_col-sm-12 vc_col-lg-4 vc_col-md-12 vc_row-69f34bb1c0fec\"><div class=\"vc_column-inner\"><div class=\"wpb_wrapper\"><div class=\"vc_row wpb_row vc_inner vc_row-fluid\"><div class=\"wpb_column vc_column_container vc_col-sm-3\"><div class=\"vc_column-inner\"><div class=\"wpb_wrapper\"><div class=\"vc_icon_element vc_icon_element-outer vc_do_icon vc_icon_element-align-left vc_icon_element-have-style\"><div class=\"vc_icon_element-inner vc_icon_element-color-custom vc_icon_element-have-style-inner vc_icon_element-size-md vc_icon_element-style-rounded-outline vc_icon_element-outline vc_icon_element-background-color-custom\"  style=\"border-color:#c48f56\"><span class=\"vc_icon_element-icon multimedia-icon-smartphone\" ><\/span><\/div><\/div><\/div><\/div><\/div><div class=\"wpb_column vc_column_container vc_col-sm-9\"><div class=\"vc_column-inner\"><div class=\"wpb_wrapper\">\n\t<div class=\"wpb_text_column wpb_content_element\" >\n\t\t<div class=\"wpb_wrapper\">\n\t\t\t<p style=\"text-align: left;\"><span style=\"font-size: 14px; font-weight: 300;\">+387 65 880 906<\/span><\/p>\n\n\t\t<\/div>\n\t<\/div>\n<\/div><\/div><\/div><\/div><\/div><\/div><\/div><div class=\"wpb_column vc_column_container vc_col-sm-12 vc_col-lg-4 vc_col-md-6 vc_col-xs-12 vc_row-69f34bb1c193e\"><div class=\"vc_column-inner\"><div class=\"wpb_wrapper\"><div class=\"vc_row wpb_row vc_inner vc_row-fluid\"><div class=\"wpb_column vc_column_container vc_col-sm-3\"><div class=\"vc_column-inner\"><div class=\"wpb_wrapper\"><div class=\"vc_icon_element vc_icon_element-outer vc_do_icon vc_icon_element-align-left vc_icon_element-have-style\"><div class=\"vc_icon_element-inner vc_icon_element-color-custom vc_icon_element-have-style-inner vc_icon_element-size-md vc_icon_element-style-rounded-outline vc_icon_element-outline vc_icon_element-background-color-custom\"  style=\"border-color:#c48f56\"><span class=\"vc_icon_element-icon multimedia-icon-envelope\" ><\/span><\/div><\/div><\/div><\/div><\/div><div class=\"wpb_column vc_column_container vc_col-sm-9\"><div class=\"vc_column-inner\"><div class=\"wpb_wrapper\">\n\t<div class=\"wpb_text_column wpb_content_element\" >\n\t\t<div class=\"wpb_wrapper\">\n\t\t\t<p style=\"text-align: left;\"><a href=\"mailto:info@angels35.com\"><span style=\"font-weight: 300;\">info@angels35.com<\/span><\/a><\/p>\n\n\t\t<\/div>\n\t<\/div>\n<\/div><\/div><\/div><\/div><\/div><\/div><\/div><div class=\"wpb_column vc_column_container vc_col-sm-12 vc_col-lg-4 vc_col-md-6 vc_row-69f34bb1c211b\"><div class=\"vc_column-inner\"><div class=\"wpb_wrapper\"><div class=\"vc_row wpb_row vc_inner vc_row-fluid\"><div class=\"wpb_column vc_column_container vc_col-sm-3\"><div class=\"vc_column-inner\"><div class=\"wpb_wrapper\"><div class=\"vc_icon_element vc_icon_element-outer vc_do_icon vc_icon_element-align-left vc_icon_element-have-style\"><div class=\"vc_icon_element-inner vc_icon_element-color-custom vc_icon_element-have-style-inner vc_icon_element-size-md vc_icon_element-style-rounded-outline vc_icon_element-outline vc_icon_element-background-color-custom\"  style=\"border-color:#c48f56\"><span class=\"vc_icon_element-icon multimedia-icon-placeholder\" ><\/span><\/div><\/div><\/div><\/div><\/div><div class=\"wpb_column vc_column_container vc_col-sm-9\"><div class=\"vc_column-inner\"><div class=\"wpb_wrapper\">\n\t<div class=\"wpb_text_column wpb_content_element\" >\n\t\t<div class=\"wpb_wrapper\">\n\t\t\t<p style=\"text-align: left;\"><span style=\"font-weight: 300;\">Banja Luka \u2013 Bosnia and Herzegovina<\/span><\/p>\n\n\t\t<\/div>\n\t<\/div>\n<\/div><\/div><\/div><\/div><\/div><\/div><\/div><\/div><div class=\"vc_row wpb_row vc_row-fluid vc_row-62ff2f13a1b0f\"><div class=\"wpb_column vc_column_container vc_col-sm-12 vc_row-69f34bb1c2a78\"><div class=\"vc_column-inner\"><div class=\"wpb_wrapper\"><div class=\"vc_separator wpb_content_element vc_separator_align_center vc_sep_width_100 vc_sep_border_width_2 vc_sep_pos_align_center vc_separator_no_text vc_sep_color_grey wpb_content_element  wpb_content_element\" ><span class=\"vc_sep_holder vc_sep_holder_l\"><span class=\"vc_sep_line\"><\/span><\/span><span class=\"vc_sep_holder vc_sep_holder_r\"><span class=\"vc_sep_line\"><\/span><\/span>\n<\/div><\/div><\/div><\/div><\/div>\n<\/div>","protected":false},"excerpt":{"rendered":"CIJENE I PAKETI VJEN\u010cANJA - snimanje i fotograf Cijene i paketi na\u0161ih usluga za profesionalno snimanje i fotografa vjen\u010danja je malo te\u017ee definisati. Naravno da postoje standardne cijene i paketi koji se krecu od 400 - 3500 eura, sve zavisi od \u017eelja, ideja i zahtjeva\u00a0 mladenaca , koliko je veliko vjen\u010danje, koliko je potrebno fotografa [...]","protected":false},"author":1,"featured_media":5154,"parent":0,"menu_order":0,"comment_status":"closed","ping_status":"closed","template":"template-landing.php","meta":{"_acf_changed":false,"footnotes":""},"class_list":["post-3390","page","type-page","status-publish","has-post-thumbnail","hentry"],"acf":[],"_links":{"self":[{"href":"https:\/\/angels35.com\/en\/wp-json\/wp\/v2\/pages\/3390","targetHints":{"allow":["GET"]}}],"collection":[{"href":"https:\/\/angels35.com\/en\/wp-json\/wp\/v2\/pages"}],"about":[{"href":"https:\/\/angels35.com\/en\/wp-json\/wp\/v2\/types\/page"}],"author":[{"embeddable":true,"href":"https:\/\/angels35.com\/en\/wp-json\/wp\/v2\/users\/1"}],"replies":[{"embeddable":true,"href":"https:\/\/angels35.com\/en\/wp-json\/wp\/v2\/comments?post=3390"}],"version-history":[{"count":34,"href":"https:\/\/angels35.com\/en\/wp-json\/wp\/v2\/pages\/3390\/revisions"}],"predecessor-version":[{"id":9276,"href":"https:\/\/angels35.com\/en\/wp-json\/wp\/v2\/pages\/3390\/revisions\/9276"}],"wp:featuredmedia":[{"embeddable":true,"href":"https:\/\/angels35.com\/en\/wp-json\/wp\/v2\/media\/5154"}],"wp:attachment":[{"href":"https:\/\/angels35.com\/en\/wp-json\/wp\/v2\/media?parent=3390"}],"curies":[{"name":"wp","href":"https:\/\/api.w.org\/{rel}","templated":true}]}}