{"id":3417,"date":"2022-02-16T12:01:40","date_gmt":"2022-02-16T12:01:40","guid":{"rendered":"https:\/\/angels35.com\/?page_id=3417"},"modified":"2025-06-18T09:46:56","modified_gmt":"2025-06-18T08:46:56","slug":"wedding-invitation","status":"publish","type":"page","link":"https:\/\/angels35.com\/en\/pozivnice-za-vjencanje\/","title":{"rendered":"Wedding Invitation"},"content":{"rendered":"<div class=\"wpb-content-wrapper\"><div data-vc-full-width=\"true\" data-vc-full-width-init=\"false\" data-vc-stretch-content=\"true\" class=\"vc_row wpb_row vc_row-fluid vc_row-6077376562fa1 vc_row-no-padding\"><div class=\"wpb_column vc_column_container vc_col-sm-12 vc_row-69ef774b071e4\"><div class=\"vc_column-inner\"><div class=\"wpb_wrapper\"><div class=\"banner-area banner-area-5d63ae4f0bb6e banner-color-inherit\" data-settings=\"{&quot;loop&quot;:false,&quot;speed&quot;:500,&quot;autoplay&quot;:false,&quot;arrows&quot;:false,&quot;dots&quot;:false,&quot;dots_position&quot;:&quot;left&quot;,&quot;animation&quot;:&quot;&quot;}\"><div class=\"banner banner-5d63ae4f0bb6e  fixed-height\" style=\"height:800px; --transition-speed: 2500ms;\"><div class=\"swiper-container\"><div class=\"swiper-wrapper\"><div class=\"item swiper-slide banner-item-5d63c3a5d9fdc tal with-shadow\">\n      <div class=\"bg-image\" style=\"background-image: url(https://spcdn.shortpixel.ai/spio/ret_img,q_cdnize,to_auto,s_webp:avif/angels35.com/wp-content/uploads/2022/02/Pozivnice-za-vjencanje.jpg)\"><\/div>\n      \n      <div class=\"banner-decor-elements\"><div><\/div><div><\/div><div><\/div><div><\/div><\/div>\n      <div class=\"container\">\n        <div class=\"cell bottom\">\n          <div class=\"heading\">\n        <div class=\"sub-h\">ANGELS35 WEDDING STUDIO<\/div>\n        <h1 class=\"h\">WEDDING INVITATION<\/h1>\n      <\/div>\n          \n          \n          \n        <\/div>\n      <\/div>\n    <\/div><\/div><\/div><\/div><\/div><\/div><\/div><\/div><\/div><div class=\"vc_row-full-width vc_clearfix\"><\/div><div class=\"vc_row wpb_row vc_row-fluid vc_custom_1645448334414 vc_row-62138c8970d35\"><div class=\"wpb_column vc_column_container vc_col-sm-12 vc_row-69ef774b07ec6\"><div class=\"vc_column-inner\"><div class=\"wpb_wrapper\">\n\t<div class=\"wpb_text_column wpb_content_element\" >\n\t\t<div class=\"wpb_wrapper\">\n\t\t\t<p>When we say invitations for <a href=\"https:\/\/angels35.com\/en\/\" target=\"_blank\" rel=\"noopener\">wedding<\/a> the first thing that comes to mind is a beautifully designed paper invitation with details about the wedding.<\/p>\n<p class=\"translation-block\">But it doesn\u2019t have to stop there. We offer our <a href=\"https:\/\/angels35.com\/en\/videographer-photographer-our-story\/\" target=\"_blank\" rel=\"noopener\">couples<\/a> the option of a video invitation.<br><\/p>\n\n\t\t<\/div>\n\t<\/div>\n<\/div><\/div><\/div><\/div><div class=\"vc_row wpb_row vc_row-fluid vc_row-69ef774b082b7\"><div class=\"wpb_column vc_column_container vc_col-sm-12 vc_row-69ef774b0841c\"><div class=\"vc_column-inner\"><div class=\"wpb_wrapper\">\n\t<div class=\"wpb_text_column wpb_content_element\" >\n\t\t<div class=\"wpb_wrapper\">\n\t\t\t<h4><span style=\"font-size: 30px;\">Video invitations for weddings<\/span><\/h4>\n<p>Video invitations are a new and creative way to invite guests to your wedding. They are very practical, especially in these times of <a href=\"https:\/\/en.wikipedia.org\/wiki\/COVID-19_pandemic\" target=\"_blank\" rel=\"noopener\">Cohabitation<\/a> , and for family and friends who are far away. <strong>The invitation is sent electronically to your future guests.<\/strong><\/p>\n<p>&nbsp;<\/p>\n<h5><span style=\"font-size: 24px;\">How to make such a video invitation?<\/span><\/h5>\n<p><a href=\"https:\/\/angels35.com\/en\/wedding-photographer\/\" target=\"_blank\" rel=\"noopener\">Photography<\/a> and <a href=\"https:\/\/angels35.com\/en\/wedding-videography\/\" target=\"_blank\" rel=\"noopener\">video shooting<\/a> is done several days, months before the wedding.<\/p>\n<p>Each couple has something that is unique to them and for which they are known among family and friends.<br \/>\nUsually, something like that is chosen, for example, both love sports, so a video is recorded in that style.<\/p>\n<p>You can reminisce about the engagement, the first kiss, or the place of the first date. <a href=\"https:\/\/angels35.com\/en\/dream-wedding\/\">Your imagination can come up with all sorts of things.<\/a>.<br \/>\nSome couples usually already have an idea of \u200b\u200bwhat are the things that are most related to them. They choose the wardrobe in which they want to be filmed and photographed,<br \/>\nand we agree on the location and the story.<\/p>\n<p>From those shots and photos, we make a video invitation, which serves not only as an invitation but also as an announcement of the wedding.<br \/>\nThe photos and videos we take that day, we can call it a<a href=\"https:\/\/angels35.com\/en\/#poseban dan\"> <strong>special day<\/strong> <\/a>, we use them in the final wedding video montage, short wedding video, video clip in the making of a PHOTO BOOK.<\/p>\n<p>If you have any questions about this type of invitation, <a href=\"https:\/\/angels35.com\/en\/wedding-photographer-prices-packages\/\">contact us.<\/a>.<\/p>\n<p>Take a look at how we made an invitation for our couple Milana and Marko.<\/p>\n\n\t\t<\/div>\n\t<\/div>\n<\/div><\/div><\/div><\/div><div class=\"vc_row wpb_row vc_row-fluid vc_row-608e6f06b1a2d\"><div class=\"wpb_column vc_column_container vc_col-sm-12 vc_row-69ef774b088ad\"><div class=\"vc_column-inner\"><div class=\"wpb_wrapper\"><div class=\"vc_row wpb_row vc_inner vc_row-fluid vc_column-gap-5\"><div class=\"wpb_column vc_column_container vc_col-sm-12\"><div class=\"vc_column-inner\"><div class=\"wpb_wrapper\">\n\t<div class=\"wpb_raw_code wpb_raw_html wpb_content_element\" >\n\t\t<div class=\"wpb_wrapper\">\n\t\t\t<div style=\"position: relative; padding-bottom: 56.25%; height: 0; overflow: hidden;\">\r\n  <iframe src=\"https:\/\/www.youtube.com\/embed\/MDwMIPFuVBE\" frameborder=\"0\" allowfullscreen style=\"position: absolute; top: 0; left: 0; width: 100%; height: 100%;\">\r\n  <\/iframe>\r\n<\/div>\r\n\n\t\t<\/div>\n\t<\/div>\n<\/div><\/div><\/div><\/div><\/div><\/div><\/div><\/div><div class=\"vc_row wpb_row vc_row-fluid vc_row-69ef774b09281\"><div class=\"wpb_column vc_column_container vc_col-sm-12 vc_row-69ef774b093d8\"><div class=\"vc_column-inner\"><div class=\"wpb_wrapper\">\n\t<div class=\"wpb_text_column wpb_content_element\" >\n\t\t<div class=\"wpb_wrapper\">\n\t\t\t<h5>Video invitation doesn't have to be only for weddings.<\/h5>\n<p>We live in a world where everyone uses the internet, and even our grandparents have learned to use it. That's why you can make a video invitation for any other occasion.<\/p>\n<p>The birth of a child is a wonderful occasion to make a small video to inform your family and friends about the new member of the family.<br \/>\nWhen it's time for christening, make a video invitation for it. You can invite your dear ones to any occasion and celebration with a unique video invitation<br \/>\nAnd there are always occasions, such as birthdays (especially emphasizing the 18th), graduations, anniversaries, etc.<br \/>\nInstead of standards and stereotypes, be unique and surprise others with a video invitation.<\/p>\n\n\t\t<\/div>\n\t<\/div>\n<\/div><\/div><\/div><\/div><div class=\"vc_row wpb_row vc_row-fluid vc_row-69ef774b096aa\"><div class=\"wpb_column vc_column_container vc_col-sm-12 vc_row-69ef774b09836\"><div class=\"vc_column-inner\"><div class=\"wpb_wrapper\"><div class=\"vc_empty_space\"   style=\"height: 40px\"><span class=\"vc_empty_space_inner\"><\/span><\/div><\/div><\/div><\/div><\/div>\n<\/div>","protected":false},"excerpt":{"rendered":"ANGELS35 WEDDING STUDIO POZIVNICE ZA VJEN\u010cANJE Kada ka\u017eemo pozivnice za vjen\u010danje prva asocijaciija na to je ljepo dizajnirana papirna pozivnica sa detaljima o vjen\u010danju. Ali ne mora samo da bude to. Mi svojim parovima nudimo opciju video pozivnice . \"Ograni\u010denja postoje samo u na\u0161im umovima. Ako koristimo ma\u0161tu, otvaramo si svijet beskona\u010dnih mogu\u0107nosti.\" - Jamie [...]","protected":false},"author":1,"featured_media":3450,"parent":0,"menu_order":0,"comment_status":"closed","ping_status":"closed","template":"template-landing.php","meta":{"_acf_changed":false,"footnotes":""},"class_list":["post-3417","page","type-page","status-publish","has-post-thumbnail","hentry"],"acf":[],"_links":{"self":[{"href":"https:\/\/angels35.com\/en\/wp-json\/wp\/v2\/pages\/3417","targetHints":{"allow":["GET"]}}],"collection":[{"href":"https:\/\/angels35.com\/en\/wp-json\/wp\/v2\/pages"}],"about":[{"href":"https:\/\/angels35.com\/en\/wp-json\/wp\/v2\/types\/page"}],"author":[{"embeddable":true,"href":"https:\/\/angels35.com\/en\/wp-json\/wp\/v2\/users\/1"}],"replies":[{"embeddable":true,"href":"https:\/\/angels35.com\/en\/wp-json\/wp\/v2\/comments?post=3417"}],"version-history":[{"count":3,"href":"https:\/\/angels35.com\/en\/wp-json\/wp\/v2\/pages\/3417\/revisions"}],"predecessor-version":[{"id":9261,"href":"https:\/\/angels35.com\/en\/wp-json\/wp\/v2\/pages\/3417\/revisions\/9261"}],"wp:featuredmedia":[{"embeddable":true,"href":"https:\/\/angels35.com\/en\/wp-json\/wp\/v2\/media\/3450"}],"wp:attachment":[{"href":"https:\/\/angels35.com\/en\/wp-json\/wp\/v2\/media?parent=3417"}],"curies":[{"name":"wp","href":"https:\/\/api.w.org\/{rel}","templated":true}]}}