{"id":5503,"date":"2022-04-10T18:33:14","date_gmt":"2022-04-10T17:33:14","guid":{"rendered":"https:\/\/angels35.com\/?page_id=5503"},"modified":"2025-04-10T06:58:17","modified_gmt":"2025-04-10T05:58:17","slug":"wedding-photography-price-package","status":"publish","type":"page","link":"https:\/\/angels35.com\/en\/fotograf-vjencanja-cijena\/","title":{"rendered":"Wedding photographer prices"},"content":{"rendered":"<div class=\"wpb-content-wrapper\"><div class=\"vc_row wpb_row vc_row-fluid vc_row-6077376562fa1\"><div class=\"wpb_column vc_column_container vc_col-sm-12 vc_row-69f49e06a5c06\"><div class=\"vc_column-inner\"><div class=\"wpb_wrapper\">      <div class=\"heading-block heading-6252dc48fdb20 tal h-h1\">\n                  <div class=\"sub-h\">ANGELS35 WEDDING STUDIO<\/div>\n                  <h1 class=\"h\">WEDDING PHOTOGRAPHER PRICES<\/h1>\n              <\/div>\n    <\/div><\/div><\/div><\/div><div data-vc-full-width=\"true\" data-vc-full-width-init=\"false\" class=\"vc_row wpb_row vc_row-fluid vc_custom_1649655348323 vc_row-60d07908d58b0 vc_row-has-fill vc_row-o-equal-height vc_row-o-content-middle vc_row-flex\"><div class=\"wpb_animate_when_almost_visible wpb_fadeInLeft fadeInLeft wpb_column vc_column_container vc_col-sm-6 vc_row-60d472f21239b vc_col-has-fill\"><div class=\"vc_column-inner vc_custom_1649660560899\"><div class=\"wpb_wrapper\"><\/div><\/div><\/div><div class=\"wpb_animate_when_almost_visible wpb_fadeInRight fadeInRight wpb_column vc_column_container vc_col-sm-6 vc_row-60d1beaebf03e\"><div class=\"vc_column-inner vc_custom_1624358579285\"><div class=\"wpb_wrapper\">      <div class=\"heading-block heading-5d67a36dc7e98 tal h-h2 with-line\">\n                  <h2 class=\"h\">Angels35<br \/>\n<span>PHOTOGRAPHER<\/span><\/h2>\n              <\/div>\n    \n\t<div class=\"wpb_text_column wpb_content_element\" >\n\t\t<div class=\"wpb_wrapper\">\n\t\t\t<p>Wedding photography starts early in the morning.<br \/>\nPhotos of the hairdresser, makeup artist, preparations, family photos, etc. are taken...<\/p>\n<p>Equipment:<br \/>\n3 x <a href=\"https:\/\/www.canon-europe.com\/cameras\/eos-r6\/\" target=\"_blank\" rel=\"noopener\"><strong>Canon R6<\/strong><\/a> , a wide range of <strong>Canon<\/strong> <strong>L<\/strong> series lenses 24, 35, 50, 85, 24-70, 70-200, professional flashes, tripods, reflectors.<\/p>\n<p><a href=\"https:\/\/angels35.com\/en\/wedding-photographer-prices-packages\/\">Contact us<\/a>, and we will send you samples of complete weddings.<\/p>\n\n\t\t<\/div>\n\t<\/div>\n<\/div><\/div><\/div><\/div><div class=\"vc_row-full-width vc_clearfix\"><\/div><div class=\"vc_row wpb_row vc_row-fluid vc_row-69f49e06a65f6\"><div class=\"wpb_animate_when_almost_visible wpb_fadeIn fadeIn wpb_column vc_column_container vc_col-sm-12 vc_row-69f49e06a6795\"><div class=\"vc_column-inner\"><div class=\"wpb_wrapper\">\n\t<div class=\"wpb_text_column wpb_content_element\" >\n\t\t<div class=\"wpb_wrapper\">\n\t\t\t<p><span style=\"font-size: 18px;\"><strong>WHAT'S INCLUDED IN THE PACKAGE<\/strong><\/span><\/p>\n<ul>\n<li>1 x Professional photographer \u2013 Photo Package 1<\/li>\n<li>2 x Professional photographers \u2013 Photo Package 2 or 3<\/li>\n<li>10-14 working hours<\/li>\n<li>Photo book size 30\u00d720 cm \u2013 Open 60\u00d720 cm \u2013 20 pages \u2013 40 sides.<\/li>\n<li>Processing of a minimum of 300-600 photos - all photos in color and black and white versions<\/li>\n<li><strong>All photos<\/strong> taken on the wedding day - light color correction and cropping 1500 - 4000 photos. <strong>Delivery 2-7 days.<\/strong><\/li>\n<li><strong>Web gallery for sharing<\/strong><\/li>\n<\/ul>\n<p>* <strong>DELIVERY DEADLINE<\/strong> for the photo book, processed photos, web gallery is\u00a0 <strong>30-120 days<br \/>\nAdditional photo books - price on request.<\/strong><\/p>\n\n\t\t<\/div>\n\t<\/div>\n<\/div><\/div><\/div><\/div><div class=\"vc_row wpb_row vc_row-fluid vc_custom_1645439611918 vc_row-62136a77e081e\"><div class=\"wpb_column vc_column_container vc_col-sm-12 vc_row-69f49e06a6bfc\"><div class=\"vc_column-inner\"><div class=\"wpb_wrapper\">      <div class=\"heading-block heading-62136a54b3088 tal h-h2\">\n                  <div class=\"sub-h\">TAKE A LOOK AT SOME EXAMPLES OF OUR WORK FROM COUPLES WHO CHOSE THIS PACKAGE.<\/div>\n              <\/div>\n    <\/div><\/div><\/div><\/div><div class=\"vc_row wpb_row vc_row-fluid vc_row-69f49e06a6d92\"><div class=\"wpb_column vc_column_container vc_col-sm-12 vc_row-69f49e06a6f0f\"><div class=\"vc_column-inner\"><div class=\"wpb_wrapper\"><div class=\"blog-block\"><div class=\"blog-items load-wrap row blog-type-grid blog-63c98836e7e32\"><article class=\"blog-item  category-33 category-9 category-34 with-image col-12 col-sm-4 col-md-4\"><div class=\"wrap\"><div class=\"img\" data-original=\"https:\/\/angels35.com\/wp-content\/uploads\/2022\/08\/Fotograf-vjencanja-na-otvorenom-92-1024x683.jpg\"><a href=\"https:\/\/angels35.com\/en\/jelena-i-marko-fotografisanje-vjencanja-na-otvorenom\/\" style=\"background-image: url(https://spcdn.shortpixel.ai/spio/ret_img,q_cdnize,to_auto,s_webp:avif/angels35.com/wp-content/uploads/2022/08/Fotograf-vjencanja-na-otvorenom-92-1024x683.jpg);\"><\/a><\/div><div class=\"content\"><h5><a href=\"https:\/\/angels35.com\/en\/jelena-i-marko-fotografisanje-vjencanja-na-otvorenom\/\">Jelena and Marko - Outdoor weddings<\/a><\/h5><p>When you wake up in the morning, bathed in the sun's rays, you know that the day will be perfect for outdoor wedding photography. As a photographer, I have to say that I always love shooting weddings when ...<\/p><\/div><\/div><\/article><article class=\"blog-item  category-9 category-23 with-image col-12 col-sm-4 col-md-4\"><div class=\"wrap\"><div class=\"img\" data-original=\"https:\/\/angels35.com\/wp-content\/uploads\/2022\/02\/Fotografisanje-vjencanja-Aleksandra-i-Deni-3-1.jpg\"><a href=\"https:\/\/angels35.com\/en\/aleksandra-deni-fotografisanje-vjencanja-rijeka\/\" style=\"background-image: url(https://spcdn.shortpixel.ai/spio/ret_img,q_cdnize,to_auto,s_webp:avif/angels35.com/wp-content/uploads/2022/02/Fotografisanje-vjencanja-Aleksandra-i-Deni-3-1.jpg);\"><\/a><\/div><div class=\"content\"><h5><a href=\"https:\/\/angels35.com\/en\/aleksandra-deni-fotografisanje-vjencanja-rijeka\/\">Aleksandra &amp; Deni - Wedding photography Rijeka<\/a><\/h5><p>Wedding photography Rijeka \/ Opatija \/ Croatia\nThat morning when we headed in the direction of Rijeka, we never dreamed of what a wonderful wedding we will attend.\nWe were happy to finally ...<\/p><\/div><\/div><\/article><article class=\"blog-item  category-9 category-23 with-image col-12 col-sm-4 col-md-4\"><div class=\"wrap\"><div class=\"img\" data-original=\"https:\/\/angels35.com\/wp-content\/uploads\/2023\/02\/Fotograf-i-snimatelj-vjencanja-24-1024x683.jpg\"><a href=\"https:\/\/angels35.com\/en\/fotografisanje-vjencanja-tuscany-branka-i-dragan\/\" style=\"background-image: url(https://spcdn.shortpixel.ai/spio/ret_img,q_cdnize,to_auto,s_webp:avif/angels35.com/wp-content/uploads/2023/02/Fotograf-i-snimatelj-vjencanja-24-1024x683.jpg);\"><\/a><\/div><div class=\"content\"><h5><a href=\"https:\/\/angels35.com\/en\/fotografisanje-vjencanja-tuscany-branka-i-dragan\/\">Wedding photography in Tuscany - Branka i Dragan<\/a><\/h5><p>Our job takes us to various parts of the world and many interesting locations. Traveling is an integral part of our job, and we always look forward to new and exciting destinations. We recently ...<\/p><\/div><\/div><\/article><\/div><\/div><\/div><\/div><\/div><\/div><div class=\"vc_row wpb_row vc_row-fluid vc_row-69f49e06aa92a\"><div class=\"wpb_column vc_column_container vc_col-sm-12 vc_row-69f49e06aaacb\"><div class=\"vc_column-inner\"><div class=\"wpb_wrapper\"><div class=\"vc_separator wpb_content_element vc_separator_align_center vc_sep_width_100 vc_sep_pos_align_center vc_separator_no_text vc_sep_color_grey wpb_content_element  wpb_content_element\" ><span class=\"vc_sep_holder vc_sep_holder_l\"><span class=\"vc_sep_line\"><\/span><\/span><span class=\"vc_sep_holder vc_sep_holder_r\"><span class=\"vc_sep_line\"><\/span><\/span>\n<\/div><\/div><\/div><\/div><\/div><div class=\"vc_row wpb_row vc_row-fluid vc_custom_1660898556170 vc_row-62ff4cf51e59b\"><div class=\"wpb_column vc_column_container vc_col-sm-12 vc_row-69f49e06ab207\"><div class=\"vc_column-inner\"><div class=\"wpb_wrapper\">      <div class=\"heading-block heading-6253c60233e1c tac h-h3\">\n                  <div class=\"sub-h\">CONTACT<\/div>\n                  <h3 class=\"h\">Wedding photographer prices<\/h3>\n              <\/div>\n    <\/div><\/div><\/div><\/div><div class=\"vc_row wpb_row vc_row-fluid vc_custom_1662726403544 vc_row-6252ebd44c737\"><div class=\"wpb_column vc_column_container vc_col-sm-12 vc_row-69f49e06ab673\"><div class=\"vc_column-inner\"><div class=\"wpb_wrapper\">\n\t<div class=\"wpb_raw_code wpb_raw_html wpb_content_element\" >\n\t\t<div class=\"wpb_wrapper\">\n\t\t\t<script type=\"text\/javascript\" src=\"https:\/\/form.jotform.com\/jsform\/222301212689045\"><\/script>\n\t\t<\/div>\n\t<\/div>\n<\/div><\/div><\/div><\/div><div class=\"vc_row wpb_row vc_row-fluid vc_row-69f49e06aba2f\"><div class=\"wpb_column vc_column_container vc_col-sm-12 vc_row-69f49e06abb7c\"><div class=\"vc_column-inner\"><div class=\"wpb_wrapper\"><div class=\"vc_separator wpb_content_element vc_separator_align_center vc_sep_width_100 vc_sep_pos_align_center vc_separator_no_text vc_sep_color_grey wpb_content_element  wpb_content_element\" ><span class=\"vc_sep_holder vc_sep_holder_l\"><span class=\"vc_sep_line\"><\/span><\/span><span class=\"vc_sep_holder vc_sep_holder_r\"><span class=\"vc_sep_line\"><\/span><\/span>\n<\/div><\/div><\/div><\/div><\/div><div class=\"vc_row wpb_row vc_row-fluid vc_custom_1645950833069 vc_row-6065b69c88a52\"><div class=\"wpb_column vc_column_container vc_col-sm-12 vc_col-lg-4 vc_col-md-12 vc_row-69f49e06ac0f6\"><div class=\"vc_column-inner\"><div class=\"wpb_wrapper\"><div class=\"vc_row wpb_row vc_inner vc_row-fluid\"><div class=\"wpb_column vc_column_container vc_col-sm-3\"><div class=\"vc_column-inner\"><div class=\"wpb_wrapper\"><div class=\"vc_icon_element vc_icon_element-outer vc_do_icon vc_icon_element-align-left vc_icon_element-have-style\"><div class=\"vc_icon_element-inner vc_icon_element-color-custom vc_icon_element-have-style-inner vc_icon_element-size-md vc_icon_element-style-rounded-outline vc_icon_element-outline vc_icon_element-background-color-custom\"  style=\"border-color:#c48f56\"><span class=\"vc_icon_element-icon multimedia-icon-smartphone\" ><\/span><\/div><\/div><\/div><\/div><\/div><div class=\"wpb_column vc_column_container vc_col-sm-9\"><div class=\"vc_column-inner\"><div class=\"wpb_wrapper\">\n\t<div class=\"wpb_text_column wpb_content_element\" >\n\t\t<div class=\"wpb_wrapper\">\n\t\t\t<p style=\"text-align: left;\"><span style=\"font-size: 14px; font-weight: 300;\">+387 65 880 906<\/span><\/p>\n\n\t\t<\/div>\n\t<\/div>\n<\/div><\/div><\/div><\/div><\/div><\/div><\/div><div class=\"wpb_column vc_column_container vc_col-sm-12 vc_col-lg-4 vc_col-md-6 vc_col-xs-12 vc_row-69f49e06accd4\"><div class=\"vc_column-inner\"><div class=\"wpb_wrapper\"><div class=\"vc_row wpb_row vc_inner vc_row-fluid\"><div class=\"wpb_column vc_column_container vc_col-sm-3\"><div class=\"vc_column-inner\"><div class=\"wpb_wrapper\"><div class=\"vc_icon_element vc_icon_element-outer vc_do_icon vc_icon_element-align-left vc_icon_element-have-style\"><div class=\"vc_icon_element-inner vc_icon_element-color-custom vc_icon_element-have-style-inner vc_icon_element-size-md vc_icon_element-style-rounded-outline vc_icon_element-outline vc_icon_element-background-color-custom\"  style=\"border-color:#c48f56\"><span class=\"vc_icon_element-icon multimedia-icon-envelope\" ><\/span><\/div><\/div><\/div><\/div><\/div><div class=\"wpb_column vc_column_container vc_col-sm-9\"><div class=\"vc_column-inner\"><div class=\"wpb_wrapper\">\n\t<div class=\"wpb_text_column wpb_content_element\" >\n\t\t<div class=\"wpb_wrapper\">\n\t\t\t<p style=\"text-align: left;\"><a href=\"mailto:info@angels35.com\">info@angels35.com<\/a><\/p>\n\n\t\t<\/div>\n\t<\/div>\n<\/div><\/div><\/div><\/div><\/div><\/div><\/div><div class=\"wpb_column vc_column_container vc_col-sm-12 vc_col-lg-4 vc_col-md-6 vc_row-69f49e06ad48e\"><div class=\"vc_column-inner\"><div class=\"wpb_wrapper\"><div class=\"vc_row wpb_row vc_inner vc_row-fluid\"><div class=\"wpb_column vc_column_container vc_col-sm-3\"><div class=\"vc_column-inner\"><div class=\"wpb_wrapper\"><div class=\"vc_icon_element vc_icon_element-outer vc_do_icon vc_icon_element-align-left vc_icon_element-have-style\"><div class=\"vc_icon_element-inner vc_icon_element-color-custom vc_icon_element-have-style-inner vc_icon_element-size-md vc_icon_element-style-rounded-outline vc_icon_element-outline vc_icon_element-background-color-custom\"  style=\"border-color:#c48f56\"><span class=\"vc_icon_element-icon multimedia-icon-placeholder\" ><\/span><\/div><\/div><\/div><\/div><\/div><div class=\"wpb_column vc_column_container vc_col-sm-9\"><div class=\"vc_column-inner\"><div class=\"wpb_wrapper\">\n\t<div class=\"wpb_text_column wpb_content_element\" >\n\t\t<div class=\"wpb_wrapper\">\n\t\t\t<p style=\"text-align: left;\"><span style=\"font-weight: 300;\">Banja Luka \u2013 Bosnia and Herzegovina<\/span><\/p>\n\n\t\t<\/div>\n\t<\/div>\n<\/div><\/div><\/div><\/div><\/div><\/div><\/div><\/div><div data-vc-full-width=\"true\" data-vc-full-width-init=\"false\" data-vc-stretch-content=\"true\" class=\"vc_row wpb_row vc_row-fluid vc_custom_1649657095995 vc_row-62530b5f356d8 vc_row-has-fill vc_row-no-padding\"><div class=\"wpb_column vc_column_container vc_col-sm-12 vc_row-69f49e06adddf\"><div class=\"vc_column-inner\"><div class=\"wpb_wrapper\"><div class=\"price-list-type2 row price-list-type2-59c284b183e9e\"><div class=\"item price-list-type2-item-59c28461bdf64 col-12 col-sm-12 col-md-6 col-lg-3\">\r\n        <h6 class=\"h\">Wedding photographer<\/h6>\r\n        \r\n        <div class=\"img\" style=\"background-image: url(https://spcdn.shortpixel.ai/spio/ret_img,q_cdnize,to_auto,s_webp:avif/angels35.com/wp-content/uploads/2022/04/Fotograf-vjencanja-paket-cijena.jpg)\"><\/div>\r\n        <div class=\"options\">\r\n            <div class=\"heading-decor\"><h5>PHOTO PACKAGE<\/h5><\/div>\r\n            \r\n        <\/div>\r\n        <a href=\"https:\/\/angels35.com\/en\/wedding-photography-price-package\/\" class=\"button-style1\">MORE<\/a>\r\n    <\/div><div class=\"item price-list-type2-item-59c28461bdf64 col-12 col-sm-12 col-md-6 col-lg-3\">\r\n        <h6 class=\"h\">PHOTO + VIDEO<\/h6>\r\n        <div class=\"price\">RECOMMENDED<\/div>\r\n        <div class=\"img\" style=\"background-image: url(https://spcdn.shortpixel.ai/spio/ret_img,q_cdnize,to_auto,s_webp:avif/angels35.com/wp-content/uploads/2022/04/Snimanje-vjencanja-paket-2-cijena.jpg)\"><\/div>\r\n        <div class=\"options\">\r\n            <div class=\"heading-decor\"><h5>PHOTO + VIDEO PACKAGE<\/h5><\/div>\r\n            \r\n        <\/div>\r\n        <a href=\"https:\/\/angels35.com\/en\/photographer-videographer-package-price\/\" class=\"button-style1\">MORE<\/a>\r\n    <\/div><div class=\"item price-list-type2-item-59c28461bdf64 col-12 col-sm-12 col-md-6 col-lg-3\">\r\n        <h6 class=\"h\">VIDEOGRAPHY<\/h6>\r\n        \r\n        <div class=\"img\" style=\"background-image: url(https://spcdn.shortpixel.ai/spio/ret_img,q_cdnize,to_auto,s_webp:avif/angels35.com/wp-content/uploads/2022/04/fotograf-vjencanja-cijena-paket.jpg)\"><\/div>\r\n        <div class=\"options\">\r\n            <div class=\"heading-decor\"><h5>VIDEO PACKAGE 1<\/h5><\/div>\r\n            \r\n        <\/div>\r\n        <a href=\"https:\/\/angels35.com\/en\/wedding-videography-package-1-prices\/\" class=\"button-style1\">MORE<\/a>\r\n    <\/div><div class=\"item price-list-type2-item-59c28461bdf64 col-12 col-sm-12 col-md-6 col-lg-3\">\r\n        <h6 class=\"h\">VIDEOGRAPHY<\/h6>\r\n        \r\n        <div class=\"img\" style=\"background-image: url(https://spcdn.shortpixel.ai/spio/ret_img,q_cdnize,to_auto,s_webp:avif/angels35.com/wp-content/uploads/2022/04/Snimanje-vjencanja-paket-1-cijena.jpg)\"><\/div>\r\n        <div class=\"options\">\r\n            <div class=\"heading-decor\"><h5>VIDEO PACKAGE 2<\/h5><\/div>\r\n            \r\n        <\/div>\r\n        <a href=\"https:\/\/angels35.com\/en\/wedding-videography-package-2-price\/\" class=\"button-style1\">MORE<\/a>\r\n    <\/div><\/div><\/div><\/div><\/div><\/div><div class=\"vc_row-full-width vc_clearfix\"><\/div>\n<\/div>","protected":false},"excerpt":{"rendered":"FacebookYouTube Fotografisanje vjen\u010danja Tuscany\/ Snimanje vjen\u010danja Tuscany Branka i Dragan Fotografisanje i snimanje vjen\u010danja Tuscany Branka i Dragan Lokacija: Tuscany Lokacija: Banja Luka Fotograf vjen\u010danja : Renata Video vjen\u010danja : Gogson Fotograf vjen\u010danja je zanimljiv, kreativan i veoma dinami\u010dan posao. Svaki novi par klijenata sa kojima radimo je nova pri\u010da, nova avantura. Svi oni su [...]","protected":false},"author":1,"featured_media":5590,"parent":0,"menu_order":0,"comment_status":"closed","ping_status":"closed","template":"template-landing.php","meta":{"_acf_changed":false,"footnotes":""},"class_list":["post-5503","page","type-page","status-publish","has-post-thumbnail","hentry"],"acf":[],"_links":{"self":[{"href":"https:\/\/angels35.com\/en\/wp-json\/wp\/v2\/pages\/5503","targetHints":{"allow":["GET"]}}],"collection":[{"href":"https:\/\/angels35.com\/en\/wp-json\/wp\/v2\/pages"}],"about":[{"href":"https:\/\/angels35.com\/en\/wp-json\/wp\/v2\/types\/page"}],"author":[{"embeddable":true,"href":"https:\/\/angels35.com\/en\/wp-json\/wp\/v2\/users\/1"}],"replies":[{"embeddable":true,"href":"https:\/\/angels35.com\/en\/wp-json\/wp\/v2\/comments?post=5503"}],"version-history":[{"count":44,"href":"https:\/\/angels35.com\/en\/wp-json\/wp\/v2\/pages\/5503\/revisions"}],"predecessor-version":[{"id":8323,"href":"https:\/\/angels35.com\/en\/wp-json\/wp\/v2\/pages\/5503\/revisions\/8323"}],"wp:featuredmedia":[{"embeddable":true,"href":"https:\/\/angels35.com\/en\/wp-json\/wp\/v2\/media\/5590"}],"wp:attachment":[{"href":"https:\/\/angels35.com\/en\/wp-json\/wp\/v2\/media?parent=5503"}],"curies":[{"name":"wp","href":"https:\/\/api.w.org\/{rel}","templated":true}]}}