{"id":5512,"date":"2022-04-10T16:15:01","date_gmt":"2022-04-10T15:15:01","guid":{"rendered":"https:\/\/angels35.com\/?page_id=5512"},"modified":"2025-05-08T15:46:38","modified_gmt":"2025-05-08T14:46:38","slug":"wedding-videography-package-2-price","status":"publish","type":"page","link":"https:\/\/angels35.com\/en\/snimanje-vjencanja-paket-2-cijena\/","title":{"rendered":"Wedding videography package 2 price"},"content":{"rendered":"<div class=\"wpb-content-wrapper\"><div class=\"vc_row wpb_row vc_row-fluid vc_row-6077376562fa1\"><div class=\"wpb_column vc_column_container vc_col-sm-12 vc_row-69ef0d6ed52bc\"><div class=\"vc_column-inner\"><div class=\"wpb_wrapper\">      <div class=\"heading-block heading-6252dc48fdb20 tal h-h1\">\n                  <div class=\"sub-h\">ANGELS35 WEDDING STUDIO<\/div>\n                  <h1 class=\"h\">WEDDING VIDEOGRAPHY PACKAGE 2 - PRICE<\/h1>\n              <\/div>\n    <\/div><\/div><\/div><\/div><div data-vc-full-width=\"true\" data-vc-full-width-init=\"false\" class=\"vc_row wpb_row vc_row-fluid vc_custom_1649655348323 vc_row-60d07908d58b0 vc_row-has-fill vc_row-o-equal-height vc_row-o-content-middle vc_row-flex\"><div class=\"wpb_animate_when_almost_visible wpb_fadeInLeft fadeInLeft wpb_column vc_column_container vc_col-sm-6 vc_row-60d472f21239b vc_col-has-fill\"><div class=\"vc_column-inner vc_custom_1649661549228\"><div class=\"wpb_wrapper\"><\/div><\/div><\/div><div class=\"wpb_animate_when_almost_visible wpb_fadeInRight fadeInRight wpb_column vc_column_container vc_col-sm-6 vc_row-60d1beaebf03e\"><div class=\"vc_column-inner vc_custom_1624358579285\"><div class=\"wpb_wrapper\">      <div class=\"heading-block heading-5d67a36dc7e98 tal h-h2 with-line\">\n                  <h2 class=\"h\">Angels35<br \/>\n<span>VIDEO PACKAGE 2<\/span><\/h2>\n              <\/div>\n    \n\t<div class=\"wpb_text_column wpb_content_element\" >\n\t\t<div class=\"wpb_wrapper\">\n\t\t\t<p>We start filming from the earliest morning hours.<br \/>\nOne cameraman is with the bride, makeup artist, hairstylist, bride's preparations, atmosphere, etc.<br \/>\nThe other cameraman is with the groom from early morning hours (by appointment), groom's preparations, atmosphere, etc.<\/p>\n<p>Equipment:<br \/>\n3 x <a href=\"https:\/\/www.canon-europe.com\/cameras\/eos-r6\/\" target=\"_blank\" rel=\"noopener\"><strong>Canon R6<\/strong><\/a> , a wide range of <strong>Canon<\/strong> <strong>L<\/strong> series lenses including 24, 35, 50, 85, 24-70, 70-200, <strong>Sony a7 III<\/strong> and a large number of Sony lenses, <a href=\"https:\/\/www.dji.com\/air-2s\" target=\"_blank\" rel=\"noopener\">2 x Dji Air 2S drones<\/a> , professional gimbals, professional lighting, and professional audio recorders.<\/p>\n<p>Contact us and we will send you samples of complete wedding videos we have filmed.<\/p>\n<p><a href=\"https:\/\/angels35.com\/en\/wedding-videography\/\">Check out more of our videos<\/a><\/p>\n\n\t\t<\/div>\n\t<\/div>\n<\/div><\/div><\/div><\/div><div class=\"vc_row-full-width vc_clearfix\"><\/div><div class=\"vc_row wpb_row vc_row-fluid vc_row-69ef0d6ed5ce3\"><div class=\"wpb_animate_when_almost_visible wpb_fadeIn fadeIn wpb_column vc_column_container vc_col-sm-12 vc_row-69ef0d6ed5e92\"><div class=\"vc_column-inner\"><div class=\"wpb_wrapper\">\n\t<div class=\"wpb_text_column wpb_content_element\" >\n\t\t<div class=\"wpb_wrapper\">\n\t\t\t<ul>\n<li>Video paket 2 &#8211; 2 x profesionalni video snimatelja<\/li>\n<li>Video paket 3 &#8211; 2 x profesionalni video snimatelj + dron operater<\/li>\n<li>Each cameraman has their own drone<\/li>\n<li>10-14 working hours<\/li>\n<li>Cameras in cars<\/li>\n<li>Interview<\/li>\n<li>All events are covered with professional audio recorders<\/li>\n<li><strong>FINAL PRODUCT<\/strong><br \/>\nFully edited video 120-180 minutes + wedding spot<\/li>\n<li>Color corection<\/li>\n<li><strong>Drone filming<\/strong><\/li>\n<\/ul>\n<p>* <strong>DELIVERY DEADLINE<\/strong> for the final video via WeTransfer is\u00a0 <strong>20-150 days.<\/strong><\/p>\n<p>Special price offer for a special day if PHOTO + VIDEO are done together.<\/p>\n\n\t\t<\/div>\n\t<\/div>\n<\/div><\/div><\/div><\/div><div class=\"vc_row wpb_row vc_row-fluid vc_row-681cc0e92ea05\"><div class=\"wpb_column vc_column_container vc_col-sm-12 vc_row-69ef0d6ed6484\"><div class=\"vc_column-inner\"><div class=\"wpb_wrapper\">\n\t<div class=\"wpb_raw_code wpb_raw_html wpb_content_element\" >\n\t\t<div class=\"wpb_wrapper\">\n\t\t\t<style>\r\n.video-flex-row {\r\n  display: flex;\r\n  flex-wrap: wrap;\r\n  gap: 20px;\r\n  justify-content: space-between;\r\n}\r\n\r\n.video-flex-item {\r\n  flex: 1 1 32%;\r\n  aspect-ratio: 16 \/ 9;\r\n  position: relative;\r\n  overflow: hidden;\r\n}\r\n\r\n.video-flex-item iframe {\r\n  position: absolute;\r\n  top: 0;\r\n  left: 0;\r\n  width: 100%;\r\n  height: 100%;\r\n}\r\n\r\n@media (max-width: 768px) {\r\n  .video-flex-item {\r\n    flex: 1 1 100%;\r\n  }\r\n}\r\n<\/style>\r\n\r\n<div class=\"video-flex-row\">\r\n  <div class=\"video-flex-item\">\r\n    <iframe src=\"https:\/\/www.youtube.com\/embed\/Wo41hz23tFY?rel=0&modestbranding=1\" frameborder=\"0\" allowfullscreen><\/iframe>\r\n  <\/div>\r\n  <div class=\"video-flex-item\">\r\n    <iframe src=\"https:\/\/www.youtube.com\/embed\/LoUYsL3oG9o?rel=0&modestbranding=1\" frameborder=\"0\" allowfullscreen><\/iframe>\r\n  <\/div>\r\n  <div class=\"video-flex-item\">\r\n    <iframe src=\"https:\/\/www.youtube.com\/embed\/vjMR1ZFPkJE?rel=0&modestbranding=1\" frameborder=\"0\" allowfullscreen><\/iframe>\r\n  <\/div>\r\n<\/div>\r\n\n\t\t<\/div>\n\t<\/div>\n<\/div><\/div><\/div><\/div><div class=\"vc_row wpb_row vc_row-fluid vc_row-69ef0d6ed6868\"><div class=\"wpb_column vc_column_container vc_col-sm-12 vc_row-69ef0d6ed69b3\"><div class=\"vc_column-inner\"><div class=\"wpb_wrapper\">      <div class=\"heading-block heading-6253c60233e1c tac h-h3\">\n                  <div class=\"sub-h\">CONTACT<\/div>\n                  <h3 class=\"h\">Wedding videography package 2<\/h3>\n              <\/div>\n    <\/div><\/div><\/div><\/div><div class=\"vc_row wpb_row vc_row-fluid vc_custom_1660898566650 vc_row-6252ebd44c737\"><div class=\"wpb_column vc_column_container vc_col-sm-12 vc_row-69ef0d6ed6cac\"><div class=\"vc_column-inner\"><div class=\"wpb_wrapper\">\n\t<div class=\"wpb_raw_code wpb_raw_html wpb_content_element\" >\n\t\t<div class=\"wpb_wrapper\">\n\t\t\t<script type=\"text\/javascript\" src=\"https:\/\/form.jotform.com\/jsform\/222301212689045\"><\/script>\n\t\t<\/div>\n\t<\/div>\n<\/div><\/div><\/div><\/div><div class=\"vc_row wpb_row vc_row-fluid vc_row-69ef0d6ed6f6b\"><div class=\"wpb_column vc_column_container vc_col-sm-12 vc_row-69ef0d6ed70ef\"><div class=\"vc_column-inner\"><div class=\"wpb_wrapper\"><div class=\"vc_separator wpb_content_element vc_separator_align_center vc_sep_width_100 vc_sep_pos_align_center vc_separator_no_text vc_sep_color_grey wpb_content_element  wpb_content_element\" ><span class=\"vc_sep_holder vc_sep_holder_l\"><span class=\"vc_sep_line\"><\/span><\/span><span class=\"vc_sep_holder vc_sep_holder_r\"><span class=\"vc_sep_line\"><\/span><\/span>\n<\/div><\/div><\/div><\/div><\/div><div class=\"vc_row wpb_row vc_row-fluid vc_custom_1645950833069 vc_row-6065b69c88a52\"><div class=\"wpb_column vc_column_container vc_col-sm-12 vc_col-lg-4 vc_col-md-12 vc_row-69ef0d6ed788f\"><div class=\"vc_column-inner\"><div class=\"wpb_wrapper\"><div class=\"vc_row wpb_row vc_inner vc_row-fluid\"><div class=\"wpb_column vc_column_container vc_col-sm-3\"><div class=\"vc_column-inner\"><div class=\"wpb_wrapper\"><div class=\"vc_icon_element vc_icon_element-outer vc_do_icon vc_icon_element-align-left vc_icon_element-have-style\"><div class=\"vc_icon_element-inner vc_icon_element-color-custom vc_icon_element-have-style-inner vc_icon_element-size-md vc_icon_element-style-rounded-outline vc_icon_element-outline vc_icon_element-background-color-custom\"  style=\"border-color:#c48f56\"><span class=\"vc_icon_element-icon multimedia-icon-smartphone\" ><\/span><\/div><\/div><\/div><\/div><\/div><div class=\"wpb_column vc_column_container vc_col-sm-9\"><div class=\"vc_column-inner\"><div class=\"wpb_wrapper\">\n\t<div class=\"wpb_text_column wpb_content_element\" >\n\t\t<div class=\"wpb_wrapper\">\n\t\t\t<p style=\"text-align: left;\"><span style=\"font-size: 14px; font-weight: 300;\">+387 65 880 906<\/span><\/p>\n\n\t\t<\/div>\n\t<\/div>\n<\/div><\/div><\/div><\/div><\/div><\/div><\/div><div class=\"wpb_column vc_column_container vc_col-sm-12 vc_col-lg-4 vc_col-md-6 vc_col-xs-12 vc_row-69ef0d6ed84be\"><div class=\"vc_column-inner\"><div class=\"wpb_wrapper\"><div class=\"vc_row wpb_row vc_inner vc_row-fluid\"><div class=\"wpb_column vc_column_container vc_col-sm-3\"><div class=\"vc_column-inner\"><div class=\"wpb_wrapper\"><div class=\"vc_icon_element vc_icon_element-outer vc_do_icon vc_icon_element-align-left vc_icon_element-have-style\"><div class=\"vc_icon_element-inner vc_icon_element-color-custom vc_icon_element-have-style-inner vc_icon_element-size-md vc_icon_element-style-rounded-outline vc_icon_element-outline vc_icon_element-background-color-custom\"  style=\"border-color:#c48f56\"><span class=\"vc_icon_element-icon multimedia-icon-envelope\" ><\/span><\/div><\/div><\/div><\/div><\/div><div class=\"wpb_column vc_column_container vc_col-sm-9\"><div class=\"vc_column-inner\"><div class=\"wpb_wrapper\">\n\t<div class=\"wpb_text_column wpb_content_element\" >\n\t\t<div class=\"wpb_wrapper\">\n\t\t\t<p style=\"text-align: left;\"><a href=\"mailto:info@angels35.com\"><span style=\"font-weight: 300;\">info@angels35.com<\/span><\/a><\/p>\n\n\t\t<\/div>\n\t<\/div>\n<\/div><\/div><\/div><\/div><\/div><\/div><\/div><div class=\"wpb_column vc_column_container vc_col-sm-12 vc_col-lg-4 vc_col-md-6 vc_row-69ef0d6ed8cac\"><div class=\"vc_column-inner\"><div class=\"wpb_wrapper\"><div class=\"vc_row wpb_row vc_inner vc_row-fluid\"><div class=\"wpb_column vc_column_container vc_col-sm-3\"><div class=\"vc_column-inner\"><div class=\"wpb_wrapper\"><div class=\"vc_icon_element vc_icon_element-outer vc_do_icon vc_icon_element-align-left vc_icon_element-have-style\"><div class=\"vc_icon_element-inner vc_icon_element-color-custom vc_icon_element-have-style-inner vc_icon_element-size-md vc_icon_element-style-rounded-outline vc_icon_element-outline vc_icon_element-background-color-custom\"  style=\"border-color:#c48f56\"><span class=\"vc_icon_element-icon multimedia-icon-placeholder\" ><\/span><\/div><\/div><\/div><\/div><\/div><div class=\"wpb_column vc_column_container vc_col-sm-9\"><div class=\"vc_column-inner\"><div class=\"wpb_wrapper\">\n\t<div class=\"wpb_text_column wpb_content_element\" >\n\t\t<div class=\"wpb_wrapper\">\n\t\t\t<p style=\"text-align: left;\"><span style=\"font-weight: 300;\">Banja Luka \u2013 Bosnia and Herzegovina<\/span><\/p>\n\n\t\t<\/div>\n\t<\/div>\n<\/div><\/div><\/div><\/div><\/div><\/div><\/div><\/div><div class=\"vc_row wpb_row vc_row-fluid vc_row-69ef0d6ed95fa\"><div class=\"wpb_column vc_column_container vc_col-sm-12 vc_row-69ef0d6ed973b\"><div class=\"vc_column-inner\"><div class=\"wpb_wrapper\"><div class=\"vc_separator wpb_content_element vc_separator_align_center vc_sep_width_100 vc_sep_pos_align_center vc_separator_no_text vc_sep_color_grey wpb_content_element  wpb_content_element\" ><span class=\"vc_sep_holder vc_sep_holder_l\"><span class=\"vc_sep_line\"><\/span><\/span><span class=\"vc_sep_holder vc_sep_holder_r\"><span class=\"vc_sep_line\"><\/span><\/span>\n<\/div><\/div><\/div><\/div><\/div><div data-vc-full-width=\"true\" data-vc-full-width-init=\"false\" data-vc-stretch-content=\"true\" class=\"vc_row wpb_row vc_row-fluid vc_custom_1649657095995 vc_row-62530b5f356d8 vc_row-has-fill vc_row-no-padding\"><div class=\"wpb_column vc_column_container vc_col-sm-12 vc_row-69ef0d6ed9cb8\"><div class=\"vc_column-inner\"><div class=\"wpb_wrapper\"><div class=\"price-list-type2 row price-list-type2-59c284b183e9e\"><div class=\"item price-list-type2-item-59c28461bdf64 col-12 col-sm-12 col-md-6 col-lg-3\">\r\n        <h6 class=\"h\">Wedding photographer<\/h6>\r\n        \r\n        <div class=\"img\" style=\"background-image: url(https://spcdn.shortpixel.ai/spio/ret_img,q_cdnize,to_auto,s_webp:avif/angels35.com/wp-content/uploads/2022/04/Fotograf-vjencanja-paket-cijena.jpg)\"><\/div>\r\n        <div class=\"options\">\r\n            <div class=\"heading-decor\"><h5>PHOTO PACKAGE<\/h5><\/div>\r\n            \r\n        <\/div>\r\n        <a href=\"https:\/\/angels35.com\/en\/wedding-photography-price-package\/\" class=\"button-style1\">MORE<\/a>\r\n    <\/div><div class=\"item price-list-type2-item-59c28461bdf64 col-12 col-sm-12 col-md-6 col-lg-3\">\r\n        <h6 class=\"h\">PHOTO + VIDEO<\/h6>\r\n        <div class=\"price\">RECOMMENDED<\/div>\r\n        <div class=\"img\" style=\"background-image: url(https://spcdn.shortpixel.ai/spio/ret_img,q_cdnize,to_auto,s_webp:avif/angels35.com/wp-content/uploads/2022/04/Snimanje-vjencanja-paket-2-cijena.jpg)\"><\/div>\r\n        <div class=\"options\">\r\n            <div class=\"heading-decor\"><h5>PHOTO + VIDEO PACKAGE<\/h5><\/div>\r\n            \r\n        <\/div>\r\n        <a href=\"https:\/\/angels35.com\/en\/photographer-videographer-package-price\/\" class=\"button-style1\">MORE<\/a>\r\n    <\/div><div class=\"item price-list-type2-item-59c28461bdf64 col-12 col-sm-12 col-md-6 col-lg-3\">\r\n        <h6 class=\"h\">VIDEOGRAPHY<\/h6>\r\n        \r\n        <div class=\"img\" style=\"background-image: url(https://spcdn.shortpixel.ai/spio/ret_img,q_cdnize,to_auto,s_webp:avif/angels35.com/wp-content/uploads/2022/04/fotograf-vjencanja-cijena-paket.jpg)\"><\/div>\r\n        <div class=\"options\">\r\n            <div class=\"heading-decor\"><h5>VIDEO PACKAGE 1<\/h5><\/div>\r\n            \r\n        <\/div>\r\n        <a href=\"https:\/\/angels35.com\/en\/wedding-videography-package-1-prices\/\" class=\"button-style1\">MORE<\/a>\r\n    <\/div><div class=\"item price-list-type2-item-59c28461bdf64 col-12 col-sm-12 col-md-6 col-lg-3\">\r\n        <h6 class=\"h\">VIDEOGRAPHY<\/h6>\r\n        \r\n        <div class=\"img\" style=\"background-image: url(https://spcdn.shortpixel.ai/spio/ret_img,q_cdnize,to_auto,s_webp:avif/angels35.com/wp-content/uploads/2022/04/Snimanje-vjencanja-paket-1-cijena.jpg)\"><\/div>\r\n        <div class=\"options\">\r\n            <div class=\"heading-decor\"><h5>VIDEO PACKAGE 2<\/h5><\/div>\r\n            \r\n        <\/div>\r\n        <a href=\"https:\/\/angels35.com\/en\/wedding-videography-package-2-price\/\" class=\"button-style1\">MORE<\/a>\r\n    <\/div><\/div><\/div><\/div><\/div><\/div><div class=\"vc_row-full-width vc_clearfix\"><\/div>\n<\/div>","protected":false},"excerpt":{"rendered":"ANGELS35 WEDDING STUDIO SNIMANJE VJEN\u010cANJA PAKET 2 - CIJENA Angels35 VIDEO PAKET 2 Snimanje po\u010dinjemo od najranijih jutarnjih sati. Jedan kamerman kod mlade, \u0161minker, frizer, pripreme mlade, atmosfera kod mlade itd .. Drugi kamerman je kod mlado\u017eenje od ranih jutarnjih sati ( po dogovoru ) , pripreme mlado\u017eenje, atmosfera , itd .. Oprema: 3 x [...]","protected":false},"author":1,"featured_media":5528,"parent":0,"menu_order":0,"comment_status":"closed","ping_status":"closed","template":"template-landing.php","meta":{"_acf_changed":false,"footnotes":""},"class_list":["post-5512","page","type-page","status-publish","has-post-thumbnail","hentry"],"acf":[],"_links":{"self":[{"href":"https:\/\/angels35.com\/en\/wp-json\/wp\/v2\/pages\/5512","targetHints":{"allow":["GET"]}}],"collection":[{"href":"https:\/\/angels35.com\/en\/wp-json\/wp\/v2\/pages"}],"about":[{"href":"https:\/\/angels35.com\/en\/wp-json\/wp\/v2\/types\/page"}],"author":[{"embeddable":true,"href":"https:\/\/angels35.com\/en\/wp-json\/wp\/v2\/users\/1"}],"replies":[{"embeddable":true,"href":"https:\/\/angels35.com\/en\/wp-json\/wp\/v2\/comments?post=5512"}],"version-history":[{"count":36,"href":"https:\/\/angels35.com\/en\/wp-json\/wp\/v2\/pages\/5512\/revisions"}],"predecessor-version":[{"id":7683,"href":"https:\/\/angels35.com\/en\/wp-json\/wp\/v2\/pages\/5512\/revisions\/7683"}],"wp:featuredmedia":[{"embeddable":true,"href":"https:\/\/angels35.com\/en\/wp-json\/wp\/v2\/media\/5528"}],"wp:attachment":[{"href":"https:\/\/angels35.com\/en\/wp-json\/wp\/v2\/media?parent=5512"}],"curies":[{"name":"wp","href":"https:\/\/api.w.org\/{rel}","templated":true}]}}