{"id":5514,"date":"2022-04-10T16:16:35","date_gmt":"2022-04-10T15:16:35","guid":{"rendered":"https:\/\/angels35.com\/?page_id=5514"},"modified":"2026-04-08T16:42:36","modified_gmt":"2026-04-08T15:42:36","slug":"photographer-videographer-package-price","status":"publish","type":"page","link":"https:\/\/angels35.com\/en\/fotograf-snimanje-vjencanja-paket-cijena\/","title":{"rendered":"photographer videographer package price"},"content":{"rendered":"<div class=\"wpb-content-wrapper\"><div class=\"vc_row wpb_row vc_row-fluid vc_row-6077376562fa1\"><div class=\"wpb_column vc_column_container vc_col-sm-12 vc_row-69dc3c76d01a7\"><div class=\"vc_column-inner\"><div class=\"wpb_wrapper\">      <div class=\"heading-block heading-6252dc48fdb20 tal h-h1\">\n                  <div class=\"sub-h\">ANGELS35 WEDDING STUDIO<\/div>\n                  <h1 class=\"h\">WEDDING PHOTO VIDEO PACKAGE PRICE<\/h1>\n              <\/div>\n    <\/div><\/div><\/div><\/div><div data-vc-full-width=\"true\" data-vc-full-width-init=\"false\" class=\"vc_row wpb_row vc_row-fluid vc_custom_1649655348323 vc_row-60d07908d58b0 vc_row-has-fill vc_row-o-equal-height vc_row-o-content-middle vc_row-flex\"><div class=\"wpb_animate_when_almost_visible wpb_fadeInLeft fadeInLeft wpb_column vc_column_container vc_col-sm-6 vc_row-60d472f21239b vc_col-has-fill\"><div class=\"vc_column-inner vc_custom_1649655768241\"><div class=\"wpb_wrapper\"><\/div><\/div><\/div><div class=\"wpb_animate_when_almost_visible wpb_fadeInRight fadeInRight wpb_column vc_column_container vc_col-sm-6 vc_row-60d1beaebf03e\"><div class=\"vc_column-inner vc_custom_1624358579285\"><div class=\"wpb_wrapper\">      <div class=\"heading-block heading-5d67a36dc7e98 tal h-h2 with-line\">\n                  <h2 class=\"h\">Angels35<br \/>\n<span>PHOTO + VIDEO<\/span><\/h2>\n              <\/div>\n    \n\t<div class=\"wpb_text_column wpb_content_element\" >\n\t\t<div class=\"wpb_wrapper\">\n\t\t\t<p>We start filming and photographing weddings with the groom, preparations, dressing, atmosphere with the groom, parents, etc.<br \/>\nThe videographer and photographer go to the bride's location before the groom's arrival, capturing the bride's preparations, atmosphere, parents, groom's arrival, etc.<\/p>\n<p>Equipment:<br \/>\n4 x <a href=\"https:\/\/www.canon-europe.com\/cameras\/eos-r6\/\" target=\"_blank\" rel=\"noopener\"><strong>Canon <\/strong><b>R6<\/b><\/a>\u00a0, a wide range of <strong>Canon<\/strong> <strong>L<\/strong> series lenses 24, 35, 50, 85, 24-70, 70-200, Sony a7 III, Sony lenses, professional gimbals, professional lighting, professional audio recorders, professional flashes, umbrellas, tripods.<\/p>\n<p>Contact us, and we will send you samples of complete wedding videos and photographs.<\/p>\n<p><a href=\"https:\/\/angels35.com\/en\/wedding-videography\/\">Check out more of our videos<\/a><\/p>\n\n\t\t<\/div>\n\t<\/div>\n<\/div><\/div><\/div><\/div><div class=\"vc_row-full-width vc_clearfix\"><\/div><div class=\"vc_row wpb_row vc_row-fluid vc_row-6252d98cf5ed7\"><div class=\"wpb_animate_when_almost_visible wpb_fadeIn fadeIn wpb_column vc_column_container vc_col-sm-6 vc_row-6252e4fb73d6e\"><div class=\"vc_column-inner\"><div class=\"wpb_wrapper\">\n\t<div class=\"wpb_text_column wpb_content_element\" >\n\t\t<div class=\"wpb_wrapper\">\n\t\t\t<p><span style=\"font-size: 18px;\"><strong>WHAT'S INCLUDED IN THE PACKAGE<\/strong><\/span><\/p>\n<ul>\n<li>1 x Professional photographer \u2013 Photo Package 1<\/li>\n<li>2 x Professional photographers \u2013 Photo Package 2 or 3<\/li>\n<li>10-14 working hours<\/li>\n<li>Photo book size 30\u00d720 cm \u2013 Open 60\u00d720 cm \u2013 20 pages \u2013 40 sides.<\/li>\n<li>Processing of a minimum of 300-600 photos - all photos in color and black and white versions<\/li>\n<li><strong>All photos<\/strong> taken on the wedding day - light color correction and cropping 1500 - 4000 photos. <strong>Delivery 2-7 days.<\/strong><\/li>\n<li><strong>Web gallery for sharing<\/strong><\/li>\n<\/ul>\n<p>* <strong>DELIVERY DEADLINE<\/strong> for the photo book, processed photos, web gallery is\u00a0 <strong>30-120 days<br \/>\nAdditional photo books - price on request.<\/strong><\/p>\n\n\t\t<\/div>\n\t<\/div>\n<\/div><\/div><\/div><div class=\"wpb_column vc_column_container vc_col-sm-6 vc_row-69dc3c76d1007\"><div class=\"vc_column-inner\"><div class=\"wpb_wrapper\">\n\t<div class=\"wpb_text_column wpb_content_element\" >\n\t\t<div class=\"wpb_wrapper\">\n\t\t\t<p><span style=\"font-size: 18px;\"><strong>VIDEO<\/strong><\/span><\/p>\n<ul>\n<li>1 professional videographer \/ video package 1 \/<\/li>\n<li>2 professional videographers \/ video package 2 \/<\/li>\n<li>2 professional videographers + a dedicated drone operator \/ video package 3 \/<\/li>\n<li>All events are covered with professional audio recorders<\/li>\n<li><strong>Final product<\/strong><br \/>\nFull edited video 20\u2013180 minutes + wedding spot<br \/>\n* instagram reel \/ depending on the selected package \/<\/li>\n<li><strong>Each videographer has their own DJI Air 3S drone<\/strong><\/li>\n<li><strong>Drone filming included in the price<\/strong><\/li>\n<li>10-14 working hours<\/li>\n<\/ul>\n<p>* <strong>DELIVERY DEADLINE<\/strong> for the final video via WeTransfer is\u00a0 <strong>30-150 days.<\/strong><\/p>\n\n\t\t<\/div>\n\t<\/div>\n<\/div><\/div><\/div><\/div><div class=\"vc_row wpb_row vc_row-fluid vc_custom_1645439611918 vc_row-62136a77e081e\"><div class=\"wpb_column vc_column_container vc_col-sm-12 vc_row-69dc3c76d1436\"><div class=\"vc_column-inner\"><div class=\"wpb_wrapper\">      <div class=\"heading-block heading-62136a54b3088 tal h-h2\">\n                  <div class=\"sub-h\">TAKE A LOOK AT SOME EXAMPLES OF OUR WORK FROM COUPLES WHO CHOSE THIS PACKAGE.<\/div>\n                  <h2 class=\"h\">PHOTO + VIDEO PACKAGE<\/h2>\n              <\/div>\n    <\/div><\/div><\/div><\/div><div class=\"vc_row wpb_row vc_row-fluid vc_custom_1645180855961 vc_row-620f77ae81293\"><div class=\"wpb_column vc_column_container vc_col-sm-12 vc_row-69dc3c76d175a\"><div class=\"vc_column-inner\"><div class=\"wpb_wrapper\">\n\t<div class=\"wpb_raw_code wpb_raw_html wpb_content_element\" >\n\t\t<div class=\"wpb_wrapper\">\n\t\t\t<div style=\"position: relative; padding-bottom: 56.25%; height: 0; overflow: hidden;\">\r\n  <iframe src=\"https:\/\/www.youtube.com\/embed\/_iCpaGCiN3U\" frameborder=\"0\" allowfullscreen style=\"position: absolute; top: 0; left: 0; width: 100%; height: 100%;\">\r\n  <\/iframe>\r\n<\/div>\n\t\t<\/div>\n\t<\/div>\n<\/div><\/div><\/div><\/div><div class=\"vc_row wpb_row vc_row-fluid vc_row-69dc3c76d1b17\"><div class=\"wpb_column vc_column_container vc_col-sm-12 vc_row-69dc3c76d1ca1\"><div class=\"vc_column-inner\"><div class=\"wpb_wrapper\"><div class=\"blog-block\"><div class=\"blog-items load-wrap row blog-type-grid blog-63c98836e7e32\"><article class=\"blog-item  category-9 category-23 category-34 with-image col-12 col-sm-4 col-md-4\"><div class=\"wrap\"><div class=\"img\" data-original=\"https:\/\/angels35.com\/wp-content\/uploads\/2025\/12\/Vjencanje-Villa-Slatina-Banja-Luka-1-1024x682.jpg\"><a href=\"https:\/\/angels35.com\/en\/samia-sahar-haris-vjencanje-villa-slatina-banja-luka\/\" style=\"background-image: url(https://spcdn.shortpixel.ai/spio/ret_img,q_cdnize,to_auto,s_webp:avif/angels35.com/wp-content/uploads/2025/12/Vjencanje-Villa-Slatina-Banja-Luka-1-1024x682.jpg);\"><\/a><\/div><div class=\"content\"><h5><a href=\"https:\/\/angels35.com\/en\/samia-sahar-haris-vjencanje-villa-slatina-banja-luka\/\">Samia Sahar &amp; Haris - Wedding Villa Slatina Banja Luka<\/a><\/h5><p>An elegant and emotional wedding of Samia Sahar and Haris took place in the beautiful setting of Villa Slatina in Banja Luka. This special day brought together different cultures, style, and deep emotions into one sincere love story.<\/p><\/div><\/div><\/article><article class=\"blog-item  category-9 category-23 with-image col-12 col-sm-4 col-md-4\"><div class=\"wrap\"><div class=\"img\" data-original=\"https:\/\/angels35.com\/wp-content\/uploads\/2024\/09\/Fotograf-vjencanja-Banja-Luka-138-1024x683.jpg\"><a href=\"https:\/\/angels35.com\/en\/fotograf-svadbe-banja-luka-jelena-i-dario-magicni-dan\/\" style=\"background-image: url(https://spcdn.shortpixel.ai/spio/ret_img,q_cdnize,to_auto,s_webp:avif/angels35.com/wp-content/uploads/2024/09/Fotograf-vjencanja-Banja-Luka-138-1024x683.jpg);\"><\/a><\/div><div class=\"content\"><h5><a href=\"https:\/\/angels35.com\/en\/fotograf-svadbe-banja-luka-jelena-i-dario-magicni-dan\/\">Wedding Photographer Banja Luka \u2013 Jelena &amp; Dario | A Magical Day<\/a><\/h5><p>The wedding of Jelena and Dario was told through several special days and different locations that together form one complete story. From intimate pre-wedding moments to the wedding celebration itself, each part added its own emotion and atmosphere to their unique journey.<\/p><\/div><\/div><\/article><article class=\"blog-item  category-9 category-23 with-image col-12 col-sm-4 col-md-4\"><div class=\"wrap\"><div class=\"img\" data-original=\"https:\/\/angels35.com\/wp-content\/uploads\/2025\/12\/Nikolina-i-Domagoj-Fotografisanje-vjencanja-Zminj-6-1024x683.jpg\"><a href=\"https:\/\/angels35.com\/en\/fotograf-vjencanja-zminj-nikolina-i-domagoj\/\" style=\"background-image: url(https://spcdn.shortpixel.ai/spio/ret_img,q_cdnize,to_auto,s_webp:avif/angels35.com/wp-content/uploads/2025/12/Nikolina-i-Domagoj-Fotografisanje-vjencanja-Zminj-6-1024x683.jpg);\"><\/a><\/div><div class=\"content\"><h5><a href=\"https:\/\/angels35.com\/en\/fotograf-vjencanja-zminj-nikolina-i-domagoj\/\">Nikolina &amp; Domagoj \u2013 Wedding Photography in \u017dminj<\/a><\/h5><p>The wedding of Nikolina and Domagoj in \u017dminj and Svetvin\u010denat, captured through professional wedding photography and videography. Preparations at Agroturizam Paladnjaki in \u017dminj, a church ceremony at the Church of the Annunciation of the Blessed Virgin Mary in Svetvin\u010denat, \u2026<\/p><\/div><\/div><\/article><\/div><\/div><\/div><\/div><\/div><\/div><div class=\"vc_row wpb_row vc_row-fluid vc_custom_1645180855961 vc_row-620f77ae81293\"><div class=\"wpb_column vc_column_container vc_col-sm-12 vc_row-69dc3c76d55ca\"><div class=\"vc_column-inner\"><div class=\"wpb_wrapper\">\n\t<div class=\"wpb_raw_code wpb_raw_html wpb_content_element\" >\n\t\t<div class=\"wpb_wrapper\">\n\t\t\t<div style=\"position: relative; padding-bottom: 56.25%; height: 0; overflow: hidden;\">\r\n  <iframe src=\"https:\/\/www.youtube.com\/embed\/UFhdm2lg964\" frameborder=\"0\" allowfullscreen style=\"position: absolute; top: 0; left: 0; width: 100%; height: 100%;\">\r\n  <\/iframe>\r\n<\/div>\n\t\t<\/div>\n\t<\/div>\n<\/div><\/div><\/div><\/div><div class=\"vc_row wpb_row vc_row-fluid vc_row-69dc3c76d59af\"><div class=\"wpb_column vc_column_container vc_col-sm-12 vc_row-69dc3c76d5af9\"><div class=\"vc_column-inner\"><div class=\"wpb_wrapper\">      <div class=\"heading-block heading-6253c60233e1c tac h-h3\">\n                  <div class=\"sub-h\">CONTACT<\/div>\n                  <h3 class=\"h\">photographer videographer package price<\/h3>\n              <\/div>\n    <\/div><\/div><\/div><\/div><div class=\"vc_row wpb_row vc_row-fluid vc_custom_1660898566650 vc_row-6252ebd44c737\"><div class=\"wpb_column vc_column_container vc_col-sm-12 vc_row-69dc3c76d5dde\"><div class=\"vc_column-inner\"><div class=\"wpb_wrapper\">\n\t<div class=\"wpb_raw_code wpb_raw_html wpb_content_element\" >\n\t\t<div class=\"wpb_wrapper\">\n\t\t\t<script type=\"text\/javascript\" src=\"https:\/\/form.jotform.com\/jsform\/222301212689045\"><\/script>\n\t\t<\/div>\n\t<\/div>\n<\/div><\/div><\/div><\/div><div class=\"vc_row wpb_row vc_row-fluid vc_row-69dc3c76d6073\"><div class=\"wpb_column vc_column_container vc_col-sm-12 vc_row-69dc3c76d61ff\"><div class=\"vc_column-inner\"><div class=\"wpb_wrapper\"><div class=\"vc_separator wpb_content_element vc_separator_align_center vc_sep_width_100 vc_sep_pos_align_center vc_separator_no_text vc_sep_color_grey wpb_content_element  wpb_content_element\" ><span class=\"vc_sep_holder vc_sep_holder_l\"><span class=\"vc_sep_line\"><\/span><\/span><span class=\"vc_sep_holder vc_sep_holder_r\"><span class=\"vc_sep_line\"><\/span><\/span>\n<\/div><\/div><\/div><\/div><\/div><div class=\"vc_row wpb_row vc_row-fluid vc_custom_1645950833069 vc_row-6065b69c88a52\"><div class=\"wpb_column vc_column_container vc_col-sm-12 vc_col-lg-4 vc_col-md-12 vc_row-69dc3c76d6966\"><div class=\"vc_column-inner\"><div class=\"wpb_wrapper\"><div class=\"vc_row wpb_row vc_inner vc_row-fluid\"><div class=\"wpb_column vc_column_container vc_col-sm-3\"><div class=\"vc_column-inner\"><div class=\"wpb_wrapper\"><div class=\"vc_icon_element vc_icon_element-outer vc_do_icon vc_icon_element-align-left vc_icon_element-have-style\"><div class=\"vc_icon_element-inner vc_icon_element-color-custom vc_icon_element-have-style-inner vc_icon_element-size-md vc_icon_element-style-rounded-outline vc_icon_element-outline vc_icon_element-background-color-custom\"  style=\"border-color:#c48f56\"><span class=\"vc_icon_element-icon multimedia-icon-smartphone\" ><\/span><\/div><\/div><\/div><\/div><\/div><div class=\"wpb_column vc_column_container vc_col-sm-9\"><div class=\"vc_column-inner\"><div class=\"wpb_wrapper\">\n\t<div class=\"wpb_text_column wpb_content_element\" >\n\t\t<div class=\"wpb_wrapper\">\n\t\t\t<p style=\"text-align: left;\"><span style=\"font-size: 14px; font-weight: 300;\">+387 65 880 906<\/span><\/p>\n\n\t\t<\/div>\n\t<\/div>\n<\/div><\/div><\/div><\/div><\/div><\/div><\/div><div class=\"wpb_column vc_column_container vc_col-sm-12 vc_col-lg-4 vc_col-md-6 vc_col-xs-12 vc_row-69dc3c76d75a0\"><div class=\"vc_column-inner\"><div class=\"wpb_wrapper\"><div class=\"vc_row wpb_row vc_inner vc_row-fluid\"><div class=\"wpb_column vc_column_container vc_col-sm-3\"><div class=\"vc_column-inner\"><div class=\"wpb_wrapper\"><div class=\"vc_icon_element vc_icon_element-outer vc_do_icon vc_icon_element-align-left vc_icon_element-have-style\"><div class=\"vc_icon_element-inner vc_icon_element-color-custom vc_icon_element-have-style-inner vc_icon_element-size-md vc_icon_element-style-rounded-outline vc_icon_element-outline vc_icon_element-background-color-custom\"  style=\"border-color:#c48f56\"><span class=\"vc_icon_element-icon multimedia-icon-envelope\" ><\/span><\/div><\/div><\/div><\/div><\/div><div class=\"wpb_column vc_column_container vc_col-sm-9\"><div class=\"vc_column-inner\"><div class=\"wpb_wrapper\">\n\t<div class=\"wpb_text_column wpb_content_element\" >\n\t\t<div class=\"wpb_wrapper\">\n\t\t\t<p style=\"text-align: left;\"><a href=\"mailto:info@angels35.com\"><span style=\"font-weight: 300;\">info@angels35.com<\/span><\/a><\/p>\n\n\t\t<\/div>\n\t<\/div>\n<\/div><\/div><\/div><\/div><\/div><\/div><\/div><div class=\"wpb_column vc_column_container vc_col-sm-12 vc_col-lg-4 vc_col-md-6 vc_row-69dc3c76d7dcc\"><div class=\"vc_column-inner\"><div class=\"wpb_wrapper\"><div class=\"vc_row wpb_row vc_inner vc_row-fluid\"><div class=\"wpb_column vc_column_container vc_col-sm-3\"><div class=\"vc_column-inner\"><div class=\"wpb_wrapper\"><div class=\"vc_icon_element vc_icon_element-outer vc_do_icon vc_icon_element-align-left vc_icon_element-have-style\"><div class=\"vc_icon_element-inner vc_icon_element-color-custom vc_icon_element-have-style-inner vc_icon_element-size-md vc_icon_element-style-rounded-outline vc_icon_element-outline vc_icon_element-background-color-custom\"  style=\"border-color:#c48f56\"><span class=\"vc_icon_element-icon multimedia-icon-placeholder\" ><\/span><\/div><\/div><\/div><\/div><\/div><div class=\"wpb_column vc_column_container vc_col-sm-9\"><div class=\"vc_column-inner\"><div class=\"wpb_wrapper\">\n\t<div class=\"wpb_text_column wpb_content_element\" >\n\t\t<div class=\"wpb_wrapper\">\n\t\t\t<p style=\"text-align: left;\"><span style=\"font-weight: 300;\">Banja Luka \u2013 Bosnia and Herzegovina<\/span><\/p>\n\n\t\t<\/div>\n\t<\/div>\n<\/div><\/div><\/div><\/div><\/div><\/div><\/div><\/div><div class=\"vc_row wpb_row vc_row-fluid vc_row-69dc3c76d8747\"><div class=\"wpb_column vc_column_container vc_col-sm-12 vc_row-69dc3c76d8894\"><div class=\"vc_column-inner\"><div class=\"wpb_wrapper\"><div class=\"vc_separator wpb_content_element vc_separator_align_center vc_sep_width_100 vc_sep_pos_align_center vc_separator_no_text vc_sep_color_grey wpb_content_element  wpb_content_element\" ><span class=\"vc_sep_holder vc_sep_holder_l\"><span class=\"vc_sep_line\"><\/span><\/span><span class=\"vc_sep_holder vc_sep_holder_r\"><span class=\"vc_sep_line\"><\/span><\/span>\n<\/div><\/div><\/div><\/div><\/div><div data-vc-full-width=\"true\" data-vc-full-width-init=\"false\" data-vc-stretch-content=\"true\" class=\"vc_row wpb_row vc_row-fluid vc_custom_1649657095995 vc_row-62530b5f356d8 vc_row-has-fill vc_row-no-padding\"><div class=\"wpb_column vc_column_container vc_col-sm-12 vc_row-69dc3c76d8e21\"><div class=\"vc_column-inner\"><div class=\"wpb_wrapper\"><div class=\"price-list-type2 row price-list-type2-59c284b183e9e\"><div class=\"item price-list-type2-item-59c28461bdf64 col-12 col-sm-12 col-md-6 col-lg-3\">\r\n        <h6 class=\"h\">Wedding photographer<\/h6>\r\n        \r\n        <div class=\"img\" style=\"background-image: url(https://spcdn.shortpixel.ai/spio/ret_img,q_cdnize,to_auto,s_webp:avif/angels35.com/wp-content/uploads/2022/04/Fotograf-vjencanja-paket-cijena.jpg)\"><\/div>\r\n        <div class=\"options\">\r\n            <div class=\"heading-decor\"><h5>PHOTO PACKAGE<\/h5><\/div>\r\n            \r\n        <\/div>\r\n        <a href=\"https:\/\/angels35.com\/en\/wedding-photography-price-package\/\" class=\"button-style1\">MORE<\/a>\r\n    <\/div><div class=\"item price-list-type2-item-59c28461bdf64 col-12 col-sm-12 col-md-6 col-lg-3\">\r\n        <h6 class=\"h\">PHOTO + VIDEO<\/h6>\r\n        <div class=\"price\">RECOMMENDED<\/div>\r\n        <div class=\"img\" style=\"background-image: url(https://spcdn.shortpixel.ai/spio/ret_img,q_cdnize,to_auto,s_webp:avif/angels35.com/wp-content/uploads/2022/04/Snimanje-vjencanja-paket-2-cijena.jpg)\"><\/div>\r\n        <div class=\"options\">\r\n            <div class=\"heading-decor\"><h5>PHOTO + VIDEO PACKAGE<\/h5><\/div>\r\n            \r\n        <\/div>\r\n        <a href=\"https:\/\/angels35.com\/en\/photographer-videographer-package-price\/\" class=\"button-style1\">MORE<\/a>\r\n    <\/div><div class=\"item price-list-type2-item-59c28461bdf64 col-12 col-sm-12 col-md-6 col-lg-3\">\r\n        <h6 class=\"h\">VIDEOGRAPHY<\/h6>\r\n        \r\n        <div class=\"img\" style=\"background-image: url(https://spcdn.shortpixel.ai/spio/ret_img,q_cdnize,to_auto,s_webp:avif/angels35.com/wp-content/uploads/2022/04/fotograf-vjencanja-cijena-paket.jpg)\"><\/div>\r\n        <div class=\"options\">\r\n            <div class=\"heading-decor\"><h5>VIDEO PACKAGE 1<\/h5><\/div>\r\n            \r\n        <\/div>\r\n        <a href=\"https:\/\/angels35.com\/en\/wedding-videography-package-1-prices\/\" class=\"button-style1\">MORE<\/a>\r\n    <\/div><div class=\"item price-list-type2-item-59c28461bdf64 col-12 col-sm-12 col-md-6 col-lg-3\">\r\n        <h6 class=\"h\">VIDEOGRAPHY<\/h6>\r\n        \r\n        <div class=\"img\" style=\"background-image: url(https://spcdn.shortpixel.ai/spio/ret_img,q_cdnize,to_auto,s_webp:avif/angels35.com/wp-content/uploads/2022/04/Snimanje-vjencanja-paket-1-cijena.jpg)\"><\/div>\r\n        <div class=\"options\">\r\n            <div class=\"heading-decor\"><h5>VIDEO PACKAGE 2<\/h5><\/div>\r\n            \r\n        <\/div>\r\n        <a href=\"https:\/\/angels35.com\/en\/wedding-videography-package-2-price\/\" class=\"button-style1\">MORE<\/a>\r\n    <\/div><\/div><\/div><\/div><\/div><\/div><div class=\"vc_row-full-width vc_clearfix\"><\/div>\n<\/div>","protected":false},"excerpt":{"rendered":"FacebookYouTube Fotograf vjencanja \u017dminj Nikolina &amp; Domagoj FOTOGRAF VJEN\u010cANJA \u017dMINJ Nikolina &amp; Domagoj\u00a0 Kao fotograf vjen\u010danja , uvijek nam je posebno zadovoljstvo raditi vjen\u010danja na autenti\u010dnim istarskim lokacijama, gdje se priroda, tradicija i emocije spajaju u jednu pri\u010du. Vjen\u010danje Nikoline i Domagoja upravo je takvo \u2013 iskreno, opu\u0161teno i potpuno u skladu s istarskim okru\u017eenjem. [...]","protected":false},"author":1,"featured_media":5529,"parent":0,"menu_order":0,"comment_status":"closed","ping_status":"closed","template":"template-landing.php","meta":{"_acf_changed":false,"footnotes":""},"class_list":["post-5514","page","type-page","status-publish","has-post-thumbnail","hentry"],"acf":[],"_links":{"self":[{"href":"https:\/\/angels35.com\/en\/wp-json\/wp\/v2\/pages\/5514","targetHints":{"allow":["GET"]}}],"collection":[{"href":"https:\/\/angels35.com\/en\/wp-json\/wp\/v2\/pages"}],"about":[{"href":"https:\/\/angels35.com\/en\/wp-json\/wp\/v2\/types\/page"}],"author":[{"embeddable":true,"href":"https:\/\/angels35.com\/en\/wp-json\/wp\/v2\/users\/1"}],"replies":[{"embeddable":true,"href":"https:\/\/angels35.com\/en\/wp-json\/wp\/v2\/comments?post=5514"}],"version-history":[{"count":49,"href":"https:\/\/angels35.com\/en\/wp-json\/wp\/v2\/pages\/5514\/revisions"}],"predecessor-version":[{"id":9291,"href":"https:\/\/angels35.com\/en\/wp-json\/wp\/v2\/pages\/5514\/revisions\/9291"}],"wp:featuredmedia":[{"embeddable":true,"href":"https:\/\/angels35.com\/en\/wp-json\/wp\/v2\/media\/5529"}],"wp:attachment":[{"href":"https:\/\/angels35.com\/en\/wp-json\/wp\/v2\/media?parent=5514"}],"curies":[{"name":"wp","href":"https:\/\/api.w.org\/{rel}","templated":true}]}}