{"id":3369,"date":"2021-06-24T13:47:14","date_gmt":"2021-06-24T12:47:14","guid":{"rendered":"https:\/\/angels35.com\/services-white\/"},"modified":"2026-04-08T16:38:52","modified_gmt":"2026-04-08T15:38:52","slug":"angels35-wedding-studio","status":"publish","type":"page","link":"https:\/\/angels35.com\/hr\/","title":{"rendered":"Angels35 foto studio"},"content":{"rendered":"<div class=\"wpb-content-wrapper\"><div data-vc-full-width=\"true\" data-vc-full-width-init=\"false\" data-vc-stretch-content=\"true\" class=\"vc_row wpb_row vc_row-fluid vc_row-6077376562fa1 vc_row-no-padding\"><div class=\"wpb_column vc_column_container vc_col-sm-12 vc_row-69e3aa91b1374\"><div class=\"vc_column-inner\"><div class=\"wpb_wrapper\"><div class=\"banner-area banner-area-5d63ae4f0bb6e banner-color-inherit\" data-settings=\"{&quot;loop&quot;:false,&quot;speed&quot;:500,&quot;autoplay&quot;:{&quot;delay&quot;:5000,&quot;disableOnInteraction&quot;:false,&quot;pauseOnMouseEnter&quot;:false},&quot;arrows&quot;:false,&quot;dots&quot;:false,&quot;dots_position&quot;:&quot;left&quot;,&quot;animation&quot;:&quot;&quot;}\"><div class=\"banner-social-buttons\"><div class=\"links\"><a href=\"https:\/\/www.facebook.com\/Angels35wedding\" class=\"item\" target=\"_blank\" rel=\"noopener\"><i class=\"fab fa-facebook-f\"><\/i><span>Facebook<\/span><\/a><a href=\"https:\/\/www.instagram.com\/angels35.wedding\/\" class=\"item\" target=\"_blank\" rel=\"noopener\"><i class=\"fab fa-instagram\"><\/i><span>Instagram<\/span><\/a><a href=\"https:\/\/vimeo.com\/gogson\" class=\"item\" target=\"_blank\" rel=\"noopener\"><i class=\"fab fa-vimeo-v\"><\/i><span>Vimeo<\/span><\/a><a href=\"https:\/\/www.youtube.com\/@angels35weddingstudio\" class=\"item\" target=\"_blank\" rel=\"noopener\"><i class=\"fab fa-youtube\"><\/i><span>YouTube<\/span><\/a><\/div><\/div><div class=\"banner banner-5d63ae4f0bb6e  fixed-height\" style=\"height:700px; --transition-speed: 2500ms;\"><div class=\"swiper-container\"><div class=\"swiper-wrapper\"><div class=\"item swiper-slide banner-item-5d63c3a5d9fdc tal with-shadow\">\n      <div class=\"bg-image\" style=\"background-image: url(https://spcdn.shortpixel.ai/spio/ret_img,q_cdnize,to_auto,s_webp:avif/angels35.com/wp-content/uploads/2022/02/Angels35-wedding-studio-fotograf-snimanje-vjencanja.jpg)\"><\/div>\n      \n      <div class=\"banner-decor-elements\"><div><\/div><div><\/div><div><\/div><div><\/div><\/div>\n      <div class=\"container\">\n        <div class=\"cell bottom\">\n          <div class=\"heading\">\n        <div class=\"sub-h\">ANGELS35 WEDDING STUDIO<\/div>\n        <h1 class=\"h\">Fotografiranje i Snimanje Vjen\u010danja<\/h1>\n      <\/div>\n          \n          \n          \n        <\/div>\n      <\/div>\n    <\/div><\/div><\/div><\/div><\/div><\/div><\/div><\/div><\/div><div class=\"vc_row-full-width vc_clearfix\"><\/div><div class=\"vc_row wpb_row vc_row-fluid vc_row-69e3aa91b2c4c\"><div class=\"wpb_column vc_column_container vc_col-sm-12 vc_row-69e3aa91b2dfa\"><div class=\"vc_column-inner\"><div class=\"wpb_wrapper\">      <div class=\"heading-block heading-5d64ce0964b1d tal h-h2 with-line\">\n                  <div class=\"sub-h\">Angels35 - FOTOGRAFIRANJE i SNIMANJE VJEN\u010cANJA<\/div>\n              <\/div>\n    \n\t<div class=\"wpb_text_column wpb_content_element\" >\n\t\t<div class=\"wpb_wrapper\">\n\t\t\t<h2><span style=\"font-size: 34px;\">Tko je Angels35 vjen\u010dani studio.<\/span><\/h2>\n<p><span class=\"relative -mx-px my-&#091;-0.2rem&#093; rounded px-px py-&#091;0.2rem&#093; transition-colors duration-100 ease-in-out\">Fotografiranje i snimanje vjen\u010danja su na\u0161a strast u Angels35 studiju.<\/span> <span class=\"relative -mx-px my-&#091;-0.2rem&#093; rounded px-px py-&#091;0.2rem&#093; transition-colors duration-100 ease-in-out\"><a href=\"https:\/\/angels35.com\/hr\/renata-i-goran\/\">Renata i Goran<\/a>, \u017eivotni i poslovni partneri, posve\u0107eni su stvaranju nezaboravnih uspomena za svaki par<\/span> .\u00a0 \u017divotni i poslovni partneri koji sve rade zajedno, ili kako ja volim da se \u0161alim &#8220;Partneri u zlo\u010dinu&#8221;. <strong>Iskreni, pozitivni, obi\u010dno-neobi\u010dni, komunikativni<\/strong>. Sa nama se ljudi osje\u0107aju ugodno i opu\u0161teno.<\/p>\n<blockquote><p>\nPrilikom snimanja samo iskrenost koristimo u velikim koli\u010dinama.\u00a0 Npr. kada se mlado\u017eenja obla\u010di mi ne dozvoljavamo da pola sata namje\u0161ta kravatu, ili vrti neki gumb na ko\u0161ulji. Ili recimo djeveru\u0161e popravljaju frizuru kod mlade.<br \/>\nZa\u0161to je popravljaju kad je tek do\u0161la od frizera? Odmah reagiramo na stvari koje u videu nisu prirodne i izgledaju glupo.<br \/>\n<strong>Va\u0161e pona\u0161anje mora da bude prirodno i normalno.<\/strong> Jer jednog dana kada budete gledali <a href=\"https:\/\/angels35.com\/hr\/snimanje-vjencanja-hrvatska\/\">video<\/a> ili <a href=\"https:\/\/angels35.com\/hr\/fotograf-vjencanja\/\">fotografije<\/a> sa prijateljima ili djecom ne smijete da izgledate smije\u0161no i neprirodno.\n<\/p><\/blockquote>\n\n\t\t<\/div>\n\t<\/div>\n<\/div><\/div><\/div><\/div><div class=\"vc_row wpb_row vc_row-fluid vc_row-69e3aa91b325a\"><div class=\"wpb_column vc_column_container vc_col-sm-12 vc_row-69e3aa91b33ee\"><div class=\"vc_column-inner\"><div class=\"wpb_wrapper\"><div class=\"vc_empty_space\"   style=\"height: 40px\"><span class=\"vc_empty_space_inner\"><\/span><\/div><\/div><\/div><\/div><\/div><div class=\"vc_row wpb_row vc_row-fluid vc_row-69e3aa91b3790\"><div class=\"wpb_column vc_column_container vc_col-sm-12 vc_row-69e3aa91b391a\"><div class=\"vc_column-inner\"><div class=\"wpb_wrapper\">\n\t<div class=\"wpb_text_column wpb_content_element\" >\n\t\t<div class=\"wpb_wrapper\">\n\t\t\t<div data-src=\"https:\/\/cdn.trustindex.io\/loader.js?8a3f92525b2a717a0416668ff2c\"><\/div>\n\n\t\t<\/div>\n\t<\/div>\n<\/div><\/div><\/div><\/div><div class=\"vc_row wpb_row vc_row-fluid vc_row-69e3aa91b3ca7\"><div class=\"wpb_column vc_column_container vc_col-sm-12 vc_row-69e3aa91b3e2c\"><div class=\"vc_column-inner\"><div class=\"wpb_wrapper\">\n\t<div class=\"wpb_text_column wpb_content_element\" >\n\t\t<div class=\"wpb_wrapper\">\n\t\t\t<p>Rekoh da smo pozitivni i komunikativni, nama nikada osmjeh ne silazi sa lica.<br \/>\n\u0160irimo pozitivnu energiju putem komunikacije dok radimo i svi su nasmijani opu\u0161teni. Na taj na\u010din imamo predivne, sretne i <a href=\"https:\/\/angels35.com\/hr\/snimanja-fotografiranja-vjencanja-price\/\">nasmijene ljude ispred kamera<\/a>. Zbog toga dobijemo snimak ispunjen divnim emocijama.<\/p>\n<blockquote><p>\n<strong>Obi\u010dno-neobi\u010dni, obi\u010dni smo dok iz torbi ne po\u010dnemo da vadimo: lak za kosu, ukosnice, gumice, higijenske ulo\u0161ke, makaze, iglu i konac, tablete protv bolova, sjaj za usta, karmin, turpiju, super ljepilo, itd&#8230;<\/strong><br \/>\nTijekom godina iskustva na vjen\u010danjima nailazili smo na razne nepredvi\u0111ene situacije u kojima smo jedini mogli \u201cspasiti stvar\u201d. Napravili smo frizuru za budu\u0107u mladu, \u0161ili vjen\u010danicu, zalijepili trepavice i nokte, popravili \u0161minku itd...\n<\/p><\/blockquote>\n<p><strong>Ni\u0161ta nas ne mo\u017ee iznenaditi, spremni smo za sve situacije. Dan vjen\u010danja nema reprizu, ne mo\u017ee se ponoviti. Na\u0161i mladenci moraju imati savr\u0161en dan.<\/strong><\/p>\n<p><a href=\"https:\/\/angels35.com\/hr\/fotograf-vjencanja-cijene-paketi\/\">Kontaktirajte nas<\/a> vezano za na\u0161e pakete.<\/p>\n\n\t\t<\/div>\n\t<\/div>\n<\/div><\/div><\/div><\/div><div class=\"vc_row wpb_row vc_row-fluid vc_row-69e3aa91b4138\"><div class=\"wpb_column vc_column_container vc_col-sm-6 vc_row-69e3aa91b42bb\"><div class=\"vc_column-inner\"><div class=\"wpb_wrapper\">\n\t<div class=\"wpb_raw_code wpb_raw_html wpb_content_element\" >\n\t\t<div class=\"wpb_wrapper\">\n\t\t\t<div style=\"position: relative; padding-bottom: 65%; height: 0; overflow: hidden;\">\r\n  <iframe src=\"https:\/\/www.youtube.com\/embed\/vjMR1ZFPkJE\" frameborder=\"0\" allowfullscreen style=\"position: absolute; top: 0; left: 0; width: 100%; height: 100%;\">\r\n  <\/iframe>\r\n<\/div>\n\t\t<\/div>\n\t<\/div>\n<\/div><\/div><\/div><div class=\"wpb_column vc_column_container vc_col-sm-6 vc_row-69e3aa91b4661\"><div class=\"vc_column-inner\"><div class=\"wpb_wrapper\">\n\t<div class=\"wpb_raw_code wpb_raw_html wpb_content_element\" >\n\t\t<div class=\"wpb_wrapper\">\n\t\t\t<div style=\"position: relative; padding-bottom: 65%; height: 0; overflow: hidden;\">\r\n  <iframe src=\"https:\/\/www.youtube.com\/embed\/_iCpaGCiN3U\" frameborder=\"0\" allowfullscreen style=\"position: absolute; top: 0; left: 0; width: 100%; height: 100%;\">\r\n  <\/iframe>\r\n<\/div>\n\t\t<\/div>\n\t<\/div>\n<\/div><\/div><\/div><\/div><div class=\"vc_row wpb_row vc_row-fluid vc_row-69e3aa91b4906\"><div class=\"wpb_column vc_column_container vc_col-sm-6 vc_row-69e3aa91b4a45\"><div class=\"vc_column-inner\"><div class=\"wpb_wrapper\">\n\t<div class=\"wpb_raw_code wpb_raw_html wpb_content_element\" >\n\t\t<div class=\"wpb_wrapper\">\n\t\t\t<div style=\"position: relative; padding-bottom: 65%; height: 0; overflow: hidden;\">\r\n  <iframe src=\"https:\/\/www.youtube.com\/embed\/UOc1Xe8bxBE\" frameborder=\"0\" allowfullscreen style=\"position: absolute; top: 0; left: 0; width: 100%; height: 100%;\">\r\n  <\/iframe>\r\n<\/div>\n\t\t<\/div>\n\t<\/div>\n<\/div><\/div><\/div><div class=\"wpb_column vc_column_container vc_col-sm-6 vc_row-69e3aa91b4cbe\"><div class=\"vc_column-inner\"><div class=\"wpb_wrapper\">\n\t<div class=\"wpb_raw_code wpb_raw_html wpb_content_element\" >\n\t\t<div class=\"wpb_wrapper\">\n\t\t\t<div style=\"position: relative; padding-bottom: 65%; height: 0; overflow: hidden;\">\r\n  <iframe src=\"https:\/\/www.youtube.com\/embed\/Fu0D6nH60oY\" frameborder=\"0\" allowfullscreen style=\"position: absolute; top: 0; left: 0; width: 100%; height: 100%;\">\r\n  <\/iframe>\r\n<\/div>\n\t\t<\/div>\n\t<\/div>\n<\/div><\/div><\/div><\/div><div class=\"vc_row wpb_row vc_row-fluid vc_row-69e3aa91b4f4e\"><div class=\"wpb_column vc_column_container vc_col-sm-12 vc_row-69e3aa91b5097\"><div class=\"vc_column-inner\"><div class=\"wpb_wrapper\">      <div class=\"heading-block heading-5d64ce0964b1d tal h-h2 with-line\">\n                  <div class=\"sub-h\">Angels35 - FOTOGRAFIRANJE I SNIMANJE VJEN\u010cANJA<\/div>\n                  <h2 class=\"h\">\u010cesta pitanja u vezi vjen\u010danja.<\/h2>\n              <\/div>\n    \n\t<div class=\"wpb_text_column wpb_content_element\" >\n\t\t<div class=\"wpb_wrapper\">\n\t\t\t<h3><span style=\"font-size: 26px;\">Vremenski uvjeti ?<\/span><\/h3>\n<p>Ovo pitanje ve\u0107inom postavi budu\u0107a mlada a ono glasi. <strong>\u0160ta ako ki\u0161a pada? Kako onda da uradimo foto\u0161uting?<\/strong><br \/>\nU tom slu\u010daju kada vremenski uslovi nisu mogu\u0107i za fotografiranje i snimanje, uradicemo osnovni foto\u0161uting, par fotorgafija i snimaka sa samog dana vjen\u010danja.<br \/>\n. Pod nemogu\u0107im vremenskim uslovima mislimo na te\u0161ku ki\u0161u, snjeg, me\u0107avu kada stvarno nije mogu\u0107e uraditi foto\u0161uting . Umjesto toga fotografi\u0161emo i snimamo dva, tri dana poslije vjen\u010danja, kada vrijeme bude pogodno za fotorgafisanje i snimanje.<br \/>\n<strong>Na\u0161i parovi ne\u0107e biti uskra\u0107eni za foto\u0161uting niti \u0107e im biti dodatno napla\u0107en.<\/strong><\/p>\n<p><span style=\"font-size: 18px;\">Pogledajte na\u0161 <a href=\"https:\/\/angels35.com\/hr\/vodic-za-mladence\/\" target=\"_blank\" rel=\"noopener\"><strong>vodi\u010d za mladence<\/strong><\/a> , tu mo\u017eete na\u0107i odgovore na mnoga Va\u0161a pitanja.<\/span><\/p>\n\n\t\t<\/div>\n\t<\/div>\n<\/div><\/div><\/div><\/div><div id=\"snimanje dronom\" class=\"vc_row wpb_row vc_row-fluid vc_row-621249b26d457\"><div class=\"wpb_column vc_column_container vc_col-sm-12 vc_row-69e3aa91b54f3\"><div class=\"vc_column-inner\"><div class=\"wpb_wrapper\">\n\t<div class=\"wpb_text_column wpb_content_element\" >\n\t\t<div class=\"wpb_wrapper\">\n\t\t\t<h3><span style=\"font-size: 26px;\">Fotografiranje i snimanje vjen\u010danja dronom ?<\/span><\/h3>\n<p>Obavezna su i pitanja parova koju opremu koristimo. Da li koristimo Canon , Nikonom, Sony ? Ili za\u0161to ne koristimo kamere umjesto foto aparata. Da li imamo svjetlo jer \u2018 biti \u0107e mrak u dvorani \u2018 . Ili npr. \u201cSoba mi je jako malena, kao \u0107ete mi snimiti cijelu vjen\u010danicu ? Da, dobijmo puno pitanja u vezi opreme.<\/p>\n<blockquote><p>\n<strong>Me\u0111utim najva\u017enije je pitanje imate li dron ? <\/strong>Da imamo dron i sa njim radimo fotorgafiranje i snimnje va\u0161eg vjen\u010danja.<br \/>\nMi trenutno koristimo dronove <b>Dji air 3S<\/b>\u00a0, dron slu\u017ei za predstavljanje mjesta doga\u0111aja, za nje\u017eno uvo\u0111enje gledatelja videa u pri\u010du pokazuju\u0107i mu mjesto pri\u010de. Na\u017ealost, mnogi misle da s njim treba snimiti kompletno vjen\u010danje.<br \/>\n<strong>Mi posjedujemo najsuvremeniju profesionalnu opremu za fotografiranje vjen\u010danja, video snimanje i audio snimanje.<\/strong>\n<\/p><\/blockquote>\n<p>Moram Vam citirati <a href=\"https:\/\/en.wikipedia.org\/wiki\/Arnold_Newman\" target=\"_blank\" rel=\"noopener\">Arnolda Newmana<\/a> koji je rekao:<br \/>\n<strong>&#8220;Mnogi fotografi smatraju da \u0107e ako kupuju bolji fotoaparat mo\u0107i bolje slikati. Bolja kamera ne\u0107e u\u010diniti ni\u0161ta za vas ako nemate ni\u0161ta u svojoj glavi ili u srcu. &#8220;<\/strong><\/p>\n<blockquote><p>\nMi imamo iskustvo, preko 15 godina fotografi\u0161emo vjen\u010danja i snimamo svadbe. Imamo mnogo ma\u0161te u svojoj glavi i puno ljubavi u srcu. Zbog toga ne treba da brinete oko opreme. Vi treba samo da budete opu\u0161teni , nasmijani i sretni. Jer taj dan je jedan i jedinstven a Vi treba da u\u017eivate u svakoj njegovoj sekundi.\n<\/p><\/blockquote>\n\n\t\t<\/div>\n\t<\/div>\n<\/div><\/div><\/div><\/div><div class=\"vc_row wpb_row vc_row-fluid vc_row-69e3aa91b57bf\"><div class=\"wpb_column vc_column_container vc_col-sm-12 vc_row-69e3aa91b58fa\"><div class=\"vc_column-inner\"><div class=\"wpb_wrapper\"><div class=\"vc_empty_space\"   style=\"height: 40px\"><span class=\"vc_empty_space_inner\"><\/span><\/div><\/div><\/div><\/div><\/div><div data-vc-full-width=\"true\" data-vc-full-width-init=\"false\" data-vc-stretch-content=\"true\" class=\"vc_row wpb_row vc_row-fluid vc_row-5d789937e3c31 vc_row-no-padding\"><div class=\"wpb_column vc_column_container vc_col-sm-12 vc_row-69e3aa91b5cf6\"><div class=\"vc_column-inner\"><div class=\"wpb_wrapper\"><div class=\"photo-carousel photo-carousel-69d61a4fc6f01\"><a href=\"https:\/\/www.instagram.com\/angels35.wedding\" class=\"button-style1\" target=\"_blank\" rel=\"noopener\"><i class=\"\"><\/i><span>Follow me<\/span><\/a><div class=\"carousel\"><div class=\"item\" style=\"background-image: url(https://spcdn.shortpixel.ai/spio/ret_img,q_cdnize,to_auto,s_webp:avif/angels35.com/wp-content/uploads/2026/04/Koliko-fotografija-dobijemo-sa-vjencanja-1024x683.jpg);\"><\/div><div class=\"item\" style=\"background-image: url(https://spcdn.shortpixel.ai/spio/ret_img,q_cdnize,to_auto,s_webp:avif/angels35.com/wp-content/uploads/2022/02/Fotograf-za-vjencanje-angels35-wedding-studio.jpg);\"><\/div><div class=\"item\" style=\"background-image: url(https://spcdn.shortpixel.ai/spio/ret_img,q_cdnize,to_auto,s_webp:avif/angels35.com/wp-content/uploads/2026/04/Najbolji-paket-za-fotografisanje-i-snimanje-vjencanja-2-1024x683.jpg);\"><\/div><div class=\"item\" style=\"background-image: url(https://spcdn.shortpixel.ai/spio/ret_img,q_cdnize,to_auto,s_webp:avif/angels35.com/wp-content/uploads/2026/04/Kada-zakazati-snimanje-vjencanja-4.jpg);\"><\/div><div class=\"item\" style=\"background-image: url(https://spcdn.shortpixel.ai/spio/ret_img,q_cdnize,to_auto,s_webp:avif/angels35.com/wp-content/uploads/2022/02/Fotografiranje-vjencanja-na-plazi-Karyna-i-Patric-106.jpg);\"><\/div><div class=\"item\" style=\"background-image: url(https://spcdn.shortpixel.ai/spio/ret_img,q_cdnize,to_auto,s_webp:avif/angels35.com/wp-content/uploads/2024/02/Fotograf-vjencanja-Banja-Luka-Angels35-wedding-studio-23-1024x683.jpg);\"><\/div><div class=\"item\" style=\"background-image: url(https://spcdn.shortpixel.ai/spio/ret_img,q_cdnize,to_auto,s_webp:avif/angels35.com/wp-content/uploads/2024/02/Fotograf-vjencanja-Angels35-wedding-studio-47-683x1024.jpg);\"><\/div><div class=\"item\" style=\"background-image: url(https://spcdn.shortpixel.ai/spio/ret_img,q_cdnize,to_auto,s_webp:avif/angels35.com/wp-content/uploads/2024/09/Fotograf-za-vjencanje-Opatija-40-1024x683.jpg);\"><\/div><div class=\"item\" style=\"background-image: url(https://spcdn.shortpixel.ai/spio/ret_img,q_cdnize,to_auto,s_webp:avif/angels35.com/wp-content/uploads/2024/09/Fotograf-vjencanja-Trebinje-101-683x1024.jpg);\"><\/div><div class=\"item\" style=\"background-image: url(https://spcdn.shortpixel.ai/spio/ret_img,q_cdnize,to_auto,s_webp:avif/angels35.com/wp-content/uploads/2024/09/najbolji-fotograf-za-vjencanje-3-1024x576.jpg);\"><\/div><div class=\"item\" style=\"background-image: url(https://spcdn.shortpixel.ai/spio/ret_img,q_cdnize,to_auto,s_webp:avif/angels35.com/wp-content/uploads/2024/09/najbolji-fotograf-za-vjencanje-5-1024x683.jpg);\"><\/div><div class=\"item\" style=\"background-image: url(https://spcdn.shortpixel.ai/spio/ret_img,q_cdnize,to_auto,s_webp:avif/angels35.com/wp-content/uploads/2024/09/najbolji-fotograf-za-vjencanje-23-683x1024.jpg);\"><\/div><div class=\"item\" style=\"background-image: url(https://spcdn.shortpixel.ai/spio/ret_img,q_cdnize,to_auto,s_webp:avif/angels35.com/wp-content/uploads/2024/09/najbolji-fotograf-za-vjencanje-35-1024x683.jpg);\"><\/div><div class=\"item\" style=\"background-image: url(https://spcdn.shortpixel.ai/spio/ret_img,q_cdnize,to_auto,s_webp:avif/angels35.com/wp-content/uploads/2024/09/najbolji-fotograf-za-vjencanje-52-1024x683.jpg);\"><\/div><div class=\"item\" style=\"background-image: url(https://spcdn.shortpixel.ai/spio/ret_img,q_cdnize,to_auto,s_webp:avif/angels35.com/wp-content/uploads/2024/09/najbolji-fotograf-za-vjencanje-56-1024x683.jpg);\"><\/div><\/div><\/div><\/div><\/div><\/div><\/div><div class=\"vc_row-full-width vc_clearfix\"><\/div>\n<\/div>","protected":false},"excerpt":{"rendered":"InstagramYouTube ANGELS35 WEDDING STUDIO Fotografisanje i Snimanje Vjen\u010danja Angels35 - FOTOGRAFISANJE i SNIMANJE VJEN\u010cANJA Ko je Angels35 wedding studio. Fotografisanje i snimanje vjen\u010danja su na\u0161a strast u Angels35 studiju. Renata i Goran, \u017eivotni i poslovni partneri, posve\u0107eni su stvaranju nezaboravnih uspomena za svaki par .\u00a0 \u017divotni i poslovni partneri koji sve rade zajedno, ili kako [...]","protected":false},"author":1,"featured_media":9269,"parent":0,"menu_order":0,"comment_status":"closed","ping_status":"closed","template":"template-landing.php","meta":{"_acf_changed":false,"footnotes":""},"class_list":["post-3369","page","type-page","status-publish","has-post-thumbnail","hentry"],"acf":[],"_links":{"self":[{"href":"https:\/\/angels35.com\/hr\/wp-json\/wp\/v2\/pages\/3369","targetHints":{"allow":["GET"]}}],"collection":[{"href":"https:\/\/angels35.com\/hr\/wp-json\/wp\/v2\/pages"}],"about":[{"href":"https:\/\/angels35.com\/hr\/wp-json\/wp\/v2\/types\/page"}],"author":[{"embeddable":true,"href":"https:\/\/angels35.com\/hr\/wp-json\/wp\/v2\/users\/1"}],"replies":[{"embeddable":true,"href":"https:\/\/angels35.com\/hr\/wp-json\/wp\/v2\/comments?post=3369"}],"version-history":[{"count":8,"href":"https:\/\/angels35.com\/hr\/wp-json\/wp\/v2\/pages\/3369\/revisions"}],"predecessor-version":[{"id":9289,"href":"https:\/\/angels35.com\/hr\/wp-json\/wp\/v2\/pages\/3369\/revisions\/9289"}],"wp:featuredmedia":[{"embeddable":true,"href":"https:\/\/angels35.com\/hr\/wp-json\/wp\/v2\/media\/9269"}],"wp:attachment":[{"href":"https:\/\/angels35.com\/hr\/wp-json\/wp\/v2\/media?parent=3369"}],"curies":[{"name":"wp","href":"https:\/\/api.w.org\/{rel}","templated":true}]}}