{"id":3390,"date":"2022-02-16T11:46:58","date_gmt":"2022-02-16T11:46:58","guid":{"rendered":"https:\/\/angels35.com\/?page_id=3390"},"modified":"2026-04-08T11:29:15","modified_gmt":"2026-04-08T10:29:15","slug":"fotograf-vjencanja-cijene-paketi","status":"publish","type":"page","link":"https:\/\/angels35.com\/hr\/fotograf-vjencanja-cijene-paketi\/","title":{"rendered":"Fotograf za vjen\u010danja cijena"},"content":{"rendered":"<div class=\"wpb-content-wrapper\"><div class=\"vc_row wpb_row vc_row-fluid vc_custom_1645949825633 vc_row-69f361b0e057c\"><div class=\"wpb_column vc_column_container vc_col-sm-12 vc_row-69f361b0e0a9f\"><div class=\"vc_column-inner\"><div class=\"wpb_wrapper\">\n\t<div class=\"wpb_text_column wpb_content_element\" >\n\t\t<div class=\"wpb_wrapper\">\n\t\t\t<h1><span style=\"font-size: 26px;\">CIJENE I PAKETI VJEN\u010cANJA &#8211; snimanje i fotograf<\/span><\/h1>\n<p>Cijene i paketi na\u0161ih usluga za profesionalno <a href=\"https:\/\/angels35.com\/hr\/snimanje-vjencanja-hrvatska\/\">snimanje <\/a>ja <a href=\"https:\/\/angels35.com\/hr\/fotograf-vjencanja\/\">fotografa<\/a> vjen\u010danja je malo te\u017ee definisati. Naravno da postoje standardne cijene i paketi koji se krecu od <strong>400 &#8211; 3500 eura,<br \/>\n<\/strong>sve zavisi od \u017eelja, ideja i zahtjeva\u00a0 mladenaca , koliko je veliko vjen\u010danje, koliko je potrebno fotografa i snimatelja, da li Va\u0161e vjen\u010danje mogu snimiti i fotografisati jedan fotograf i jedan snimatelj itd ..<br \/>\nKako snimamo i koliko traje sati na\u0161e radno vrijeme, mo\u017eete pro\u010ditati na stranici <a href=\"https:\/\/angels35.com\/hr\/\" rel=\"noopener\">O NAMA<\/a>.<br \/>\nNeki<a href=\"https:\/\/angels35.com\/hr\/snimanja-fotografiranja-vjencanja-price\/\"> na\u0161i parovi<\/a> imaju posebne \u017eelje u vezi dana vjen\u010danja, pogotovo kada je velika svadba, \u017eelja im je snimiti \u0161to vi\u0161e dokumentarnog materijala, ali ujedno i snimiti snimke za video.<br \/>\n<strong>Za takvo vjen\u010danje potrebna su vam barem dva-tri snimatelja s asistentima i minimalno dva fotografa.<\/strong><br \/>\nSamo na taj na\u010din mogu\u0107e je pokriti sve segmente vjen\u010danja. Organizacija ovako velike svadbe to zaslu\u017euje.<\/p>\n\n\t\t<\/div>\n\t<\/div>\n<\/div><\/div><\/div><\/div><div data-vc-full-width=\"true\" data-vc-full-width-init=\"false\" data-vc-stretch-content=\"true\" class=\"vc_row wpb_row vc_row-fluid vc_row-69f361b0e0ec3 vc_row-no-padding\"><div class=\"wpb_column vc_column_container vc_col-sm-12 vc_row-69f361b0e1053\"><div class=\"vc_column-inner\"><div class=\"wpb_wrapper\">      <div class=\"button-container button-621371c390e9c center\">\n        <a class=\"button-style1\" href=\"https:\/\/angels35.com\/hr\/snimanja-fotografiranja-vjencanja-price\/\" target=\"_self\">\n          <span>PORTFOLIO - ANGELS35 WEDDING STUDIO<\/span>\n        <\/a>\n      <\/div>\n    <\/div><\/div><\/div><\/div><div class=\"vc_row-full-width vc_clearfix\"><\/div><div class=\"vc_row wpb_row vc_row-fluid vc_row-69f361b0e1245\"><div class=\"wpb_column vc_column_container vc_col-sm-12 vc_row-69f361b0e13d3\"><div class=\"vc_column-inner\"><div class=\"wpb_wrapper\">\n\t<div class=\"wpb_text_column wpb_content_element\" >\n\t\t<div class=\"wpb_wrapper\">\n\t\t\t<div data-src=\"https:\/\/cdn.trustindex.io\/loader.js?8a3f92525b2a717a0416668ff2c\"><\/div>\n\n\t\t<\/div>\n\t<\/div>\n<\/div><\/div><\/div><\/div><div class=\"vc_row wpb_row vc_row-fluid vc_custom_1645949825633 vc_row-69f361b0e176b\"><div class=\"wpb_column vc_column_container vc_col-sm-12 vc_row-69f361b0e18c0\"><div class=\"vc_column-inner\"><div class=\"wpb_wrapper\">\n\t<div class=\"wpb_text_column wpb_content_element\" >\n\t\t<div class=\"wpb_wrapper\">\n\t\t\t<h2><span style=\"font-size: 22px;\">NA\u0160A MISIJA I PRISTUP<\/span><\/h2>\n<p>Na\u0161a misija je da svako ven\u010danje pretvorimo u umetni\u010dko delo.<br \/>\nSmatramo da ven\u010danje nije samo doga\u0111aj, ve\u0107 jedinstvena pri\u010da ispunjena emocijama, ljubavlju i nezaboravnim trenucima.<br \/>\nKao tim profesionalaca, posve\u0107eni smo tome da zabele\u017eimo svaki zna\u010dajan trenutak na na\u010din koji prenosi autenti\u010dnost i emocije tog dana.<\/p>\n<h2><span style=\"font-size: 22px;\">LOKACIJE \u0160IROM SVIJETA<\/span><\/h2>\n<p>Jedna od na\u0161ih glavnih prednosti je sposobnost prilago\u0111avanja razli\u010ditim lokacijama \u0161irom sveta. Na\u0161 tim je imao privilegiju da zabele\u017ei ven\u010danja na nekim od najlep\u0161ih destinacija, uklju\u010duju\u0107i Bosnu i Hercegovinu, Hrvatsku, Sej\u0161ele, Indoneziju, kao i mnoge zemlje \u0161irom Evrope.<br \/>\nOve razli\u010dite destinacije pru\u017eaju nam priliku da eksperimenti\u0161emo sa svetlom, bojama i kompozicijama, stvaraju\u0107i unikatne fotografije i video zapise koji odra\u017eavaju duh svakog mesta.<\/p>\n<h3><span style=\"font-size: 20px;\">POGLEDAJTE NEKE OD PONUDA NA\u0160IH PAKETA<\/span><\/h3>\n<p><span style=\"font-size: 16px;\">za ostale opcije na\u0161ih paketa kontaktirajte nas.<\/span><\/p>\n\n\t\t<\/div>\n\t<\/div>\n<\/div><\/div><\/div><\/div><div data-vc-full-width=\"true\" data-vc-full-width-init=\"false\" data-vc-stretch-content=\"true\" class=\"vc_row wpb_row vc_row-fluid vc_custom_1649616298489 vc_row-62530b5f356d8 vc_row-no-padding\"><div class=\"wpb_column vc_column_container vc_col-sm-12 vc_row-69f361b0e1d2d\"><div class=\"vc_column-inner\"><div class=\"wpb_wrapper\"><div class=\"price-list-type2 row price-list-type2-59c284b183e9e\"><div class=\"item price-list-type2-item-59c28461bdf64 col-12 col-sm-12 col-md-6 col-lg-3\">\r\n        <h6 class=\"h\">Fotografiranje vjen\u010danja<\/h6>\r\n        \r\n        <div class=\"img\" style=\"background-image: url(https://spcdn.shortpixel.ai/spio/ret_img,q_cdnize,to_auto,s_webp:avif/angels35.com/wp-content/uploads/2022/04/Fotograf-vjencanja-paket-cijena.jpg)\"><\/div>\r\n        <div class=\"options\">\r\n            <div class=\"heading-decor\"><h5>Foto Paket<\/h5><\/div>\r\n            <div class=\"o-row\">2 x Profesionalni fotograf<br \/><\/div><div class=\"o-row\">12-14 radnih sati<br \/><\/div><div class=\"o-row\">Photo book<br \/><\/div><div class=\"o-row\">Web gallery za dijeljenje<\/div>\r\n        <\/div>\r\n        <a href=\"https:\/\/angels35.com\/hr\/fotografiranje-vjencanja-cijena-paket\/\" class=\"button-style1\">pogledaj paket<\/a>\r\n    <\/div><div class=\"item price-list-type2-item-59c28461bdf64 col-12 col-sm-12 col-md-6 col-lg-3\">\r\n        <h6 class=\"h\">FOTO + VIDEO<\/h6>\r\n        <div class=\"price\">PREPORU\u010cENO<\/div>\r\n        <div class=\"img\" style=\"background-image: url(https://spcdn.shortpixel.ai/spio/ret_img,q_cdnize,to_auto,s_webp:avif/angels35.com/wp-content/uploads/2022/04/Snimanje-vjencanja-paket-2-cijena.jpg)\"><\/div>\r\n        <div class=\"options\">\r\n            <div class=\"heading-decor\"><h5>FOTO + VIDEO PAKET<\/h5><\/div>\r\n            <div class=\"o-row\">1 x Profesionalni fotograf<br \/><\/div><div class=\"o-row\">1 x Profesionalni video snimatelj<br \/><\/div><div class=\"o-row\">12-14 Radnih sati<br \/><\/div><div class=\"o-row\">Photo book +Spot + Film<\/div>\r\n        <\/div>\r\n        <a href=\"https:\/\/angels35.com\/hr\/fotografiranje-snimanje-vjencanja-paket-cijena\/\" class=\"button-style1\">POGLEDAJ PAKET<\/a>\r\n    <\/div><div class=\"item price-list-type2-item-59c28461bdf64 col-12 col-sm-12 col-md-6 col-lg-3\">\r\n        <h6 class=\"h\">SNIMANJE<\/h6>\r\n        \r\n        <div class=\"img\" style=\"background-image: url(https://spcdn.shortpixel.ai/spio/ret_img,q_cdnize,to_auto,s_webp:avif/angels35.com/wp-content/uploads/2022/04/fotograf-vjencanja-cijena-paket.jpg)\"><\/div>\r\n        <div class=\"options\">\r\n            <div class=\"heading-decor\"><h5>VIDEO PAKET 1<\/h5><\/div>\r\n            <div class=\"o-row\">1 x video snimatelj<br \/><\/div><div class=\"o-row\">Snimanje dronom<br \/><\/div><div class=\"o-row\">Wedding spot<br \/><\/div><div class=\"o-row\">12-14 Radnih sati<\/div>\r\n        <\/div>\r\n        <a href=\"https:\/\/angels35.com\/hr\/snimanje-vjencanja-paket-1-cijena\/\" class=\"button-style1\">POGLEDAJ PAKET<\/a>\r\n    <\/div><div class=\"item price-list-type2-item-59c28461bdf64 col-12 col-sm-12 col-md-6 col-lg-3\">\r\n        <h6 class=\"h\">SNIMANJE<\/h6>\r\n        \r\n        <div class=\"img\" style=\"background-image: url(https://spcdn.shortpixel.ai/spio/ret_img,q_cdnize,to_auto,s_webp:avif/angels35.com/wp-content/uploads/2022/04/Snimanje-vjencanja-paket-1-cijena.jpg)\"><\/div>\r\n        <div class=\"options\">\r\n            <div class=\"heading-decor\"><h5>VIDEO PAKET 2<\/h5><\/div>\r\n            <div class=\"o-row\">2 x video snimatelja<br \/><\/div><div class=\"o-row\">Snimanje dronom<br \/><\/div><div class=\"o-row\">Wedding spot<br \/><\/div><div class=\"o-row\">Filmski kratki video vjen\u010danja + FULL ...<\/div>\r\n        <\/div>\r\n        <a href=\"https:\/\/angels35.com\/hr\/snimanje-vjencanja-paket-2-cijena\/\" class=\"button-style1\">POGLEDAJ PAKET<\/a>\r\n    <\/div><\/div><\/div><\/div><\/div><\/div><div class=\"vc_row-full-width vc_clearfix\"><\/div><div class=\"vc_row wpb_row vc_row-fluid vc_row-69f361b0e37cb\"><div class=\"wpb_column vc_column_container vc_col-sm-12 vc_row-69f361b0e393a\"><div class=\"vc_column-inner\"><div class=\"wpb_wrapper\">\n\t<div class=\"wpb_text_column wpb_content_element\" >\n\t\t<div class=\"wpb_wrapper\">\n\t\t\t<h3><span style=\"font-size: 26px;\">Kako odabrati pravi paket ?<\/span><\/h3>\n<p>fotograf vjen\u010danja cijene paketi &#8211; snimanje vjen\u010danja cijene paketi<\/p>\n<p><strong>Kontaktirajte nas , posla\u0107emo Vam na\u0161e standardne cijene i pakete.<\/strong><br \/>\nU ponudi imamo i opcije snimanja <a href=\"https:\/\/angels35.com\/hr\/#poseban dan\">posebnog dana<\/a> video <a href=\"https:\/\/angels35.com\/hr\/pozivnica-za-vjencanje\/\">pozivnica za vjen\u010danje<\/a>.<\/p>\n<p>U razgovoru s nama i u skladu s va\u0161im planovima za dan vjen\u010danja uvijek mo\u017eete dobiti posebnu ponudu napravljenu samo za vas. Ako imate veliko vjen\u010danje ili mikro vjen\u010danje, s nama se mo\u017eete dogovoriti za najbolje pakete koji \u0107e odgovarati danu va\u0161eg vjen\u010danja.<\/p>\n\n\t\t<\/div>\n\t<\/div>\n<\/div><\/div><\/div><\/div><div class=\"vc_row wpb_row vc_row-fluid vc_custom_1647500998280 vc_row-621b318783a9e\"><div class=\"wpb_column vc_column_container vc_col-sm-12 vc_row-69f361b0e3dba\"><div class=\"vc_column-inner\"><div class=\"wpb_wrapper\">\n\t<div class=\"wpb_raw_code wpb_raw_html wpb_content_element\" >\n\t\t<div class=\"wpb_wrapper\">\n\t\t\t<div style=\"position: relative; padding-bottom: 56.25%; height: 0; overflow: hidden;\">\r\n  <iframe src=\"https:\/\/www.youtube.com\/embed\/T7tCLfbvo4c\" frameborder=\"0\" allowfullscreen style=\"position: absolute; top: 0; left: 0; width: 100%; height: 100%;\">\r\n  <\/iframe>\r\n<\/div>\n\t\t<\/div>\n\t<\/div>\n<\/div><\/div><\/div><\/div><div class=\"vc_row wpb_row vc_row-fluid vc_custom_1662726340471 vc_row-6252ebd44c737\"><div class=\"wpb_column vc_column_container vc_col-sm-12 vc_row-69f361b0e42da\"><div class=\"vc_column-inner\"><div class=\"wpb_wrapper\">\n\t<div class=\"wpb_raw_code wpb_raw_html wpb_content_element\" >\n\t\t<div class=\"wpb_wrapper\">\n\t\t\t<script type=\"text\/javascript\" src=\"https:\/\/form.jotform.com\/jsform\/222301212689045\"><\/script>\n\t\t<\/div>\n\t<\/div>\n<\/div><\/div><\/div><\/div><div class=\"vc_row wpb_row vc_row-fluid vc_row-62ff50d4be688\"><div class=\"wpb_column vc_column_container vc_col-sm-12 vc_row-69f361b0e480e\"><div class=\"vc_column-inner\"><div class=\"wpb_wrapper\"><div class=\"vc_empty_space\"   style=\"height: 32px\"><span class=\"vc_empty_space_inner\"><\/span><\/div><\/div><\/div><\/div><\/div><div class=\"vc_row wpb_row vc_row-fluid vc_custom_1660899627333 vc_row-6213a0a920575\"><div class=\"wpb_column vc_column_container vc_col-sm-12 vc_row-69f361b0e4d47\"><div class=\"vc_column-inner\"><div class=\"wpb_wrapper\"><div class=\"vc_separator wpb_content_element vc_separator_align_center vc_sep_width_100 vc_sep_border_width_2 vc_sep_pos_align_center vc_separator_no_text vc_sep_color_grey wpb_content_element  wpb_content_element\" ><span class=\"vc_sep_holder vc_sep_holder_l\"><span class=\"vc_sep_line\"><\/span><\/span><span class=\"vc_sep_holder vc_sep_holder_r\"><span class=\"vc_sep_line\"><\/span><\/span>\n<\/div><div class=\"vc_row wpb_row vc_inner vc_row-fluid\"><div class=\"wpb_column vc_column_container vc_col-sm-12\"><div class=\"vc_column-inner\"><div class=\"wpb_wrapper\"><\/div><\/div><\/div><\/div><\/div><\/div><\/div><\/div><div class=\"vc_row wpb_row vc_row-fluid vc_custom_1645950833069 vc_row-6065b69c88a52\"><div class=\"wpb_column vc_column_container vc_col-sm-12 vc_col-lg-4 vc_col-md-12 vc_row-69f361b0e59de\"><div class=\"vc_column-inner\"><div class=\"wpb_wrapper\"><div class=\"vc_row wpb_row vc_inner vc_row-fluid\"><div class=\"wpb_column vc_column_container vc_col-sm-3\"><div class=\"vc_column-inner\"><div class=\"wpb_wrapper\"><div class=\"vc_icon_element vc_icon_element-outer vc_do_icon vc_icon_element-align-left vc_icon_element-have-style\"><div class=\"vc_icon_element-inner vc_icon_element-color-custom vc_icon_element-have-style-inner vc_icon_element-size-md vc_icon_element-style-rounded-outline vc_icon_element-outline vc_icon_element-background-color-custom\"  style=\"border-color:#c48f56\"><span class=\"vc_icon_element-icon multimedia-icon-smartphone\" ><\/span><\/div><\/div><\/div><\/div><\/div><div class=\"wpb_column vc_column_container vc_col-sm-9\"><div class=\"vc_column-inner\"><div class=\"wpb_wrapper\">\n\t<div class=\"wpb_text_column wpb_content_element\" >\n\t\t<div class=\"wpb_wrapper\">\n\t\t\t<p style=\"text-align: left;\"><span style=\"font-size: 14px; font-weight: 300;\">+387 65 880 906<\/span><\/p>\n\n\t\t<\/div>\n\t<\/div>\n<\/div><\/div><\/div><\/div><\/div><\/div><\/div><div class=\"wpb_column vc_column_container vc_col-sm-12 vc_col-lg-4 vc_col-md-6 vc_col-xs-12 vc_row-69f361b0e6324\"><div class=\"vc_column-inner\"><div class=\"wpb_wrapper\"><div class=\"vc_row wpb_row vc_inner vc_row-fluid\"><div class=\"wpb_column vc_column_container vc_col-sm-3\"><div class=\"vc_column-inner\"><div class=\"wpb_wrapper\"><div class=\"vc_icon_element vc_icon_element-outer vc_do_icon vc_icon_element-align-left vc_icon_element-have-style\"><div class=\"vc_icon_element-inner vc_icon_element-color-custom vc_icon_element-have-style-inner vc_icon_element-size-md vc_icon_element-style-rounded-outline vc_icon_element-outline vc_icon_element-background-color-custom\"  style=\"border-color:#c48f56\"><span class=\"vc_icon_element-icon multimedia-icon-envelope\" ><\/span><\/div><\/div><\/div><\/div><\/div><div class=\"wpb_column vc_column_container vc_col-sm-9\"><div class=\"vc_column-inner\"><div class=\"wpb_wrapper\">\n\t<div class=\"wpb_text_column wpb_content_element\" >\n\t\t<div class=\"wpb_wrapper\">\n\t\t\t<p style=\"text-align: left;\"><a href=\"mailto:info@angels35.com\"><span style=\"font-weight: 300;\">info@angels35.com<\/span><\/a><\/p>\n\n\t\t<\/div>\n\t<\/div>\n<\/div><\/div><\/div><\/div><\/div><\/div><\/div><div class=\"wpb_column vc_column_container vc_col-sm-12 vc_col-lg-4 vc_col-md-6 vc_row-69f361b0e6ad7\"><div class=\"vc_column-inner\"><div class=\"wpb_wrapper\"><div class=\"vc_row wpb_row vc_inner vc_row-fluid\"><div class=\"wpb_column vc_column_container vc_col-sm-3\"><div class=\"vc_column-inner\"><div class=\"wpb_wrapper\"><div class=\"vc_icon_element vc_icon_element-outer vc_do_icon vc_icon_element-align-left vc_icon_element-have-style\"><div class=\"vc_icon_element-inner vc_icon_element-color-custom vc_icon_element-have-style-inner vc_icon_element-size-md vc_icon_element-style-rounded-outline vc_icon_element-outline vc_icon_element-background-color-custom\"  style=\"border-color:#c48f56\"><span class=\"vc_icon_element-icon multimedia-icon-placeholder\" ><\/span><\/div><\/div><\/div><\/div><\/div><div class=\"wpb_column vc_column_container vc_col-sm-9\"><div class=\"vc_column-inner\"><div class=\"wpb_wrapper\">\n\t<div class=\"wpb_text_column wpb_content_element\" >\n\t\t<div class=\"wpb_wrapper\">\n\t\t\t<p style=\"text-align: left;\"><span style=\"font-weight: 300;\">Banja Luka , Bosnia and Herzegovina<\/span><\/p>\n\n\t\t<\/div>\n\t<\/div>\n<\/div><\/div><\/div><\/div><\/div><\/div><\/div><\/div><div class=\"vc_row wpb_row vc_row-fluid vc_row-62ff2f13a1b0f\"><div class=\"wpb_column vc_column_container vc_col-sm-12 vc_row-69f361b0e742b\"><div class=\"vc_column-inner\"><div class=\"wpb_wrapper\"><div class=\"vc_separator wpb_content_element vc_separator_align_center vc_sep_width_100 vc_sep_border_width_2 vc_sep_pos_align_center vc_separator_no_text vc_sep_color_grey wpb_content_element  wpb_content_element\" ><span class=\"vc_sep_holder vc_sep_holder_l\"><span class=\"vc_sep_line\"><\/span><\/span><span class=\"vc_sep_holder vc_sep_holder_r\"><span class=\"vc_sep_line\"><\/span><\/span>\n<\/div><\/div><\/div><\/div><\/div>\n<\/div>","protected":false},"excerpt":{"rendered":"CIJENE I PAKETI VJEN\u010cANJA - snimanje i fotograf Cijene i paketi na\u0161ih usluga za profesionalno snimanje i fotografa vjen\u010danja je malo te\u017ee definisati. Naravno da postoje standardne cijene i paketi koji se krecu od 400 - 3500 eura, sve zavisi od \u017eelja, ideja i zahtjeva\u00a0 mladenaca , koliko je veliko vjen\u010danje, koliko je potrebno fotografa [...]","protected":false},"author":1,"featured_media":5154,"parent":0,"menu_order":0,"comment_status":"closed","ping_status":"closed","template":"template-landing.php","meta":{"_acf_changed":false,"footnotes":""},"class_list":["post-3390","page","type-page","status-publish","has-post-thumbnail","hentry"],"acf":[],"_links":{"self":[{"href":"https:\/\/angels35.com\/hr\/wp-json\/wp\/v2\/pages\/3390","targetHints":{"allow":["GET"]}}],"collection":[{"href":"https:\/\/angels35.com\/hr\/wp-json\/wp\/v2\/pages"}],"about":[{"href":"https:\/\/angels35.com\/hr\/wp-json\/wp\/v2\/types\/page"}],"author":[{"embeddable":true,"href":"https:\/\/angels35.com\/hr\/wp-json\/wp\/v2\/users\/1"}],"replies":[{"embeddable":true,"href":"https:\/\/angels35.com\/hr\/wp-json\/wp\/v2\/comments?post=3390"}],"version-history":[{"count":34,"href":"https:\/\/angels35.com\/hr\/wp-json\/wp\/v2\/pages\/3390\/revisions"}],"predecessor-version":[{"id":9276,"href":"https:\/\/angels35.com\/hr\/wp-json\/wp\/v2\/pages\/3390\/revisions\/9276"}],"wp:featuredmedia":[{"embeddable":true,"href":"https:\/\/angels35.com\/hr\/wp-json\/wp\/v2\/media\/5154"}],"wp:attachment":[{"href":"https:\/\/angels35.com\/hr\/wp-json\/wp\/v2\/media?parent=3390"}],"curies":[{"name":"wp","href":"https:\/\/api.w.org\/{rel}","templated":true}]}}