{"id":3417,"date":"2022-02-16T12:01:40","date_gmt":"2022-02-16T12:01:40","guid":{"rendered":"https:\/\/angels35.com\/?page_id=3417"},"modified":"2025-06-18T09:46:56","modified_gmt":"2025-06-18T08:46:56","slug":"pozivnica-za-vjencanje","status":"publish","type":"page","link":"https:\/\/angels35.com\/hr\/pozivnice-za-vjencanje\/","title":{"rendered":"Unikatne video pozivnice za vjen\u010danja"},"content":{"rendered":"<div class=\"wpb-content-wrapper\"><div data-vc-full-width=\"true\" data-vc-full-width-init=\"false\" data-vc-stretch-content=\"true\" class=\"vc_row wpb_row vc_row-fluid vc_row-6077376562fa1 vc_row-no-padding\"><div class=\"wpb_column vc_column_container vc_col-sm-12 vc_row-69f37987cfbe3\"><div class=\"vc_column-inner\"><div class=\"wpb_wrapper\"><div class=\"banner-area banner-area-5d63ae4f0bb6e banner-color-inherit\" data-settings=\"{&quot;loop&quot;:false,&quot;speed&quot;:500,&quot;autoplay&quot;:false,&quot;arrows&quot;:false,&quot;dots&quot;:false,&quot;dots_position&quot;:&quot;left&quot;,&quot;animation&quot;:&quot;&quot;}\"><div class=\"banner banner-5d63ae4f0bb6e  fixed-height\" style=\"height:800px; --transition-speed: 2500ms;\"><div class=\"swiper-container\"><div class=\"swiper-wrapper\"><div class=\"item swiper-slide banner-item-5d63c3a5d9fdc tal with-shadow\">\n      <div class=\"bg-image\" style=\"background-image: url(https://spcdn.shortpixel.ai/spio/ret_img,q_cdnize,to_auto,s_webp:avif/angels35.com/wp-content/uploads/2022/02/Pozivnice-za-vjencanje.jpg)\"><\/div>\n      \n      <div class=\"banner-decor-elements\"><div><\/div><div><\/div><div><\/div><div><\/div><\/div>\n      <div class=\"container\">\n        <div class=\"cell bottom\">\n          <div class=\"heading\">\n        <div class=\"sub-h\">ANGELS35 WEDDING STUDIO<\/div>\n        <h1 class=\"h\">POZIVNICE ZA VJEN\u010cANJE<\/h1>\n      <\/div>\n          \n          \n          \n        <\/div>\n      <\/div>\n    <\/div><\/div><\/div><\/div><\/div><\/div><\/div><\/div><\/div><div class=\"vc_row-full-width vc_clearfix\"><\/div><div class=\"vc_row wpb_row vc_row-fluid vc_custom_1645448334414 vc_row-62138c8970d35\"><div class=\"wpb_column vc_column_container vc_col-sm-12 vc_row-69f37987d0917\"><div class=\"vc_column-inner\"><div class=\"wpb_wrapper\">\n\t<div class=\"wpb_text_column wpb_content_element\" >\n\t\t<div class=\"wpb_wrapper\">\n\t\t\t<p>When we say <a href=\"https:\/\/angels35.com\/hr\/\" target=\"_blank\" rel=\"noopener\">wedding invitations<\/a> prva asocijacija na to je lijepo dizajnirana pozivnica od papira s detaljima vjen\u010danja.<\/p>\n<p class=\"translation-block\">Ali ne mora samo da bude to. Mi svojim <a href=\"https:\/\/angels35.com\/hr\/snimanja-fotografiranja-vjencanja-price\/\" target=\"_blank\" rel=\"noopener\">parovima<\/a> nudimo opciju video pozivnice .<br><\/p>\n\n\t\t<\/div>\n\t<\/div>\n<\/div><\/div><\/div><\/div><div class=\"vc_row wpb_row vc_row-fluid vc_row-69f37987d0d08\"><div class=\"wpb_column vc_column_container vc_col-sm-12 vc_row-69f37987d0e64\"><div class=\"vc_column-inner\"><div class=\"wpb_wrapper\">\n\t<div class=\"wpb_text_column wpb_content_element\" >\n\t\t<div class=\"wpb_wrapper\">\n\t\t\t<h4><span style=\"font-size: 30px;\">Unikatne video pozivnice za vjen\u010danja<\/span><\/h4>\n<p>Video pozivnice novi su na\u010din ma\u0161tovitog i kreativnog pozivanja gostiju na vjen\u010danje. Vrlo su prakti\u010dni posebno u ovim uvjetima <a href=\"https:\/\/en.wikipedia.org\/wiki\/COVID-19_pandemic\" target=\"_blank\" rel=\"noopener\">Covida<\/a> i za obitelj i prijatelje koji su daleko. <strong>Va\u0161im budu\u0107im gostima pozivnica se \u0161alje elektroni\u010dkim putem.<\/strong><\/p>\n<p>&nbsp;<\/p>\n<h5><span style=\"font-size: 24px;\">Kako napraviti takvu unikatnu video pozivnicu ?<\/span><\/h5>\n<p><a href=\"https:\/\/angels35.com\/hr\/fotograf-vjencanja\/\" target=\"_blank\" rel=\"noopener\">Fotografiranje<\/a> ja <a href=\"https:\/\/angels35.com\/hr\/snimanje-vjencanja-hrvatska\/\" target=\"_blank\" rel=\"noopener\">video snimanje<\/a> radi se nekoliko dana, mjeseci prije vjen\u010danja.<\/p>\n<p>Svaki par ima ne\u0161to \u0161to mu je jedinstveno i po \u010demu su poznati u krugu obitelji i prijatelja.<br \/>\nObi\u010dno se tako ne\u0161to izabere, recimo oboje vole sport, onda se snima video u tom fazonu.<\/p>\n<p>Mo\u017eete se prisjetiti zaruka, prvog poljupca ili mjesta prvog spoja. <a href=\"https:\/\/angels35.com\/hr\/vjencanje-iz-snova\/\">Va\u0161a ma\u0161ta mo\u017ee sva\u0161ta<\/a>.<br \/>\nNeki mladenci obi\u010dno ve\u0107 imaju ideju koje su to stvari koje su najvi\u0161e vezane uz njih . Izaberu u kojoj garderobi \u017eele da se snimaju i fotorgafi\u0161u,<br \/>\na oko lokacije i pri\u010de se dogovorimo.<\/p>\n<p>Od ovih snimaka i fotografija izra\u0111ujemo video pozivnicu, koja ne slu\u017ei samo kao pozivnica, ve\u0107 i kao najava vjen\u010danja.<br \/>\nFotografije i video snimke koje uradimo taj dan, mo\u017eemo ga nazvati<a href=\"https:\/\/angels35.com\/hr\/#poseban dan\"> <strong>poseban dan<\/strong> <\/a>, koristimo ga i u monta\u017ei zavr\u0161nog videa vjen\u010danja, kratkog videa vjen\u010danja, u izradi PHOTO BOOKA.<\/p>\n<p>Ako imate bilo kakva pitanja vezano za ovu vrstu pozivnica, <a href=\"https:\/\/angels35.com\/hr\/fotograf-vjencanja-cijene-paketi\/\">kontaktirate nas<\/a>.<\/p>\n<p>Podgledajte kako smo uradili pozivnicu na\u0161em paru Milani i Marku.<\/p>\n\n\t\t<\/div>\n\t<\/div>\n<\/div><\/div><\/div><\/div><div class=\"vc_row wpb_row vc_row-fluid vc_row-608e6f06b1a2d\"><div class=\"wpb_column vc_column_container vc_col-sm-12 vc_row-69f37987d12e4\"><div class=\"vc_column-inner\"><div class=\"wpb_wrapper\"><div class=\"vc_row wpb_row vc_inner vc_row-fluid vc_column-gap-5\"><div class=\"wpb_column vc_column_container vc_col-sm-12\"><div class=\"vc_column-inner\"><div class=\"wpb_wrapper\">\n\t<div class=\"wpb_raw_code wpb_raw_html wpb_content_element\" >\n\t\t<div class=\"wpb_wrapper\">\n\t\t\t<div style=\"position: relative; padding-bottom: 56.25%; height: 0; overflow: hidden;\">\r\n  <iframe src=\"https:\/\/www.youtube.com\/embed\/MDwMIPFuVBE\" frameborder=\"0\" allowfullscreen style=\"position: absolute; top: 0; left: 0; width: 100%; height: 100%;\">\r\n  <\/iframe>\r\n<\/div>\r\n\n\t\t<\/div>\n\t<\/div>\n<\/div><\/div><\/div><\/div><\/div><\/div><\/div><\/div><div class=\"vc_row wpb_row vc_row-fluid vc_row-69f37987d1c1d\"><div class=\"wpb_column vc_column_container vc_col-sm-12 vc_row-69f37987d1d73\"><div class=\"vc_column-inner\"><div class=\"wpb_wrapper\">\n\t<div class=\"wpb_text_column wpb_content_element\" >\n\t\t<div class=\"wpb_wrapper\">\n\t\t\t<h5>Video pozivnica ne mora da bude samo za vjen\u010danja.<\/h5>\n<p>\u017divimo u svijetu u kojem svi koristimo internet, pa su ga i na\u0161e bake nau\u010dile koristiti. Stoga mo\u017eete napraviti video pozivnicu za bilo koju drugu priliku.<\/p>\n<p>Ro\u0111enje djeteta prekrasan je povod za snimanje malog videa kojim \u0107e rodbinu i prijatelje obavijestiti o novom \u010dlanu obitelji.<br \/>\nKada do\u0111e vrijeme za kr\u0161tenje, uputite pozivnicu na kr\u0161tenje. Za svaku prigodu i proslavu svoje najdra\u017ee mo\u017eete pozvati unikatnom video pozivnicom.<br \/>\nI uvijek postoji prilika, tu su ro\u0111endani (posebno isti\u010dem 18.), mature, mature, godi\u0161njice itd...<br \/>\nUmjesto standarda i stereotipa budite unikatni i iznenadite druge sa video pozivnicom.<\/p>\n\n\t\t<\/div>\n\t<\/div>\n<\/div><\/div><\/div><\/div><div class=\"vc_row wpb_row vc_row-fluid vc_row-69f37987d2026\"><div class=\"wpb_column vc_column_container vc_col-sm-12 vc_row-69f37987d21a7\"><div class=\"vc_column-inner\"><div class=\"wpb_wrapper\"><div class=\"vc_empty_space\"   style=\"height: 40px\"><span class=\"vc_empty_space_inner\"><\/span><\/div><\/div><\/div><\/div><\/div>\n<\/div>","protected":false},"excerpt":{"rendered":"ANGELS35 WEDDING STUDIO POZIVNICE ZA VJEN\u010cANJE Kada ka\u017eemo pozivnice za vjen\u010danje prva asocijaciija na to je ljepo dizajnirana papirna pozivnica sa detaljima o vjen\u010danju. Ali ne mora samo da bude to. Mi svojim parovima nudimo opciju video pozivnice . \"Ograni\u010denja postoje samo u na\u0161im umovima. Ako koristimo ma\u0161tu, otvaramo si svijet beskona\u010dnih mogu\u0107nosti.\" - Jamie [...]","protected":false},"author":1,"featured_media":3450,"parent":0,"menu_order":0,"comment_status":"closed","ping_status":"closed","template":"template-landing.php","meta":{"_acf_changed":false,"footnotes":""},"class_list":["post-3417","page","type-page","status-publish","has-post-thumbnail","hentry"],"acf":[],"_links":{"self":[{"href":"https:\/\/angels35.com\/hr\/wp-json\/wp\/v2\/pages\/3417","targetHints":{"allow":["GET"]}}],"collection":[{"href":"https:\/\/angels35.com\/hr\/wp-json\/wp\/v2\/pages"}],"about":[{"href":"https:\/\/angels35.com\/hr\/wp-json\/wp\/v2\/types\/page"}],"author":[{"embeddable":true,"href":"https:\/\/angels35.com\/hr\/wp-json\/wp\/v2\/users\/1"}],"replies":[{"embeddable":true,"href":"https:\/\/angels35.com\/hr\/wp-json\/wp\/v2\/comments?post=3417"}],"version-history":[{"count":3,"href":"https:\/\/angels35.com\/hr\/wp-json\/wp\/v2\/pages\/3417\/revisions"}],"predecessor-version":[{"id":9261,"href":"https:\/\/angels35.com\/hr\/wp-json\/wp\/v2\/pages\/3417\/revisions\/9261"}],"wp:featuredmedia":[{"embeddable":true,"href":"https:\/\/angels35.com\/hr\/wp-json\/wp\/v2\/media\/3450"}],"wp:attachment":[{"href":"https:\/\/angels35.com\/hr\/wp-json\/wp\/v2\/media?parent=3417"}],"curies":[{"name":"wp","href":"https:\/\/api.w.org\/{rel}","templated":true}]}}