{"id":5503,"date":"2022-04-10T18:33:14","date_gmt":"2022-04-10T17:33:14","guid":{"rendered":"https:\/\/angels35.com\/?page_id=5503"},"modified":"2025-04-10T06:58:17","modified_gmt":"2025-04-10T05:58:17","slug":"fotografiranje-vjencanja-cijena-paket","status":"publish","type":"page","link":"https:\/\/angels35.com\/hr\/fotograf-vjencanja-cijena\/","title":{"rendered":"Fotografiranje vjen\u010danja cijena"},"content":{"rendered":"<div class=\"wpb-content-wrapper\"><div class=\"vc_row wpb_row vc_row-fluid vc_row-6077376562fa1\"><div class=\"wpb_column vc_column_container vc_col-sm-12 vc_row-69e9efdd4e980\"><div class=\"vc_column-inner\"><div class=\"wpb_wrapper\">      <div class=\"heading-block heading-6252dc48fdb20 tal h-h1\">\n                  <div class=\"sub-h\">ANGELS35 WEDDING STUDIO<\/div>\n                  <h1 class=\"h\">FOTOGRAFIRANJE VJEN\u010cANJA CIJENA<\/h1>\n              <\/div>\n    <\/div><\/div><\/div><\/div><div data-vc-full-width=\"true\" data-vc-full-width-init=\"false\" class=\"vc_row wpb_row vc_row-fluid vc_custom_1649655348323 vc_row-60d07908d58b0 vc_row-has-fill vc_row-o-equal-height vc_row-o-content-middle vc_row-flex\"><div class=\"wpb_animate_when_almost_visible wpb_fadeInLeft fadeInLeft wpb_column vc_column_container vc_col-sm-6 vc_row-60d472f21239b vc_col-has-fill\"><div class=\"vc_column-inner vc_custom_1649660560899\"><div class=\"wpb_wrapper\"><\/div><\/div><\/div><div class=\"wpb_animate_when_almost_visible wpb_fadeInRight fadeInRight wpb_column vc_column_container vc_col-sm-6 vc_row-60d1beaebf03e\"><div class=\"vc_column-inner vc_custom_1624358579285\"><div class=\"wpb_wrapper\">      <div class=\"heading-block heading-5d67a36dc7e98 tal h-h2 with-line\">\n                  <h2 class=\"h\">An\u0111eli35<br \/>\n<span>FOTOGRAFIRANJE<\/span><\/h2>\n              <\/div>\n    \n\t<div class=\"wpb_text_column wpb_content_element\" >\n\t\t<div class=\"wpb_wrapper\">\n\t\t\t<p>Fotografiranje vjen\u010danja po\u010dinje od ranih jutarnjih sati .<br \/>\nFotografise se , frizer, \u0161minker , pripreme, porodi\u010dne fotografije itd &#8230;<\/p>\n<p>Oprema:<br \/>\n3 x <a href=\"https:\/\/www.canon-europe.com\/cameras\/eos-r6\/\" target=\"_blank\" rel=\"noopener\"><strong>Canon R6<\/strong><\/a> , veliki izbor objektiva <strong>Canon<\/strong> <strong>L<\/strong> serije 24, 35, 50, 85 , 24-70 , 70-200 , profesionalne bliceve, stative, zilberice.<\/p>\n<p><a href=\"https:\/\/angels35.com\/hr\/fotograf-vjencanja-cijene-paketi\/\">Kontaktirajte nas<\/a>, poslat \u0107emo Vam uzorke kompletnih vjen\u010danja.<\/p>\n\n\t\t<\/div>\n\t<\/div>\n<\/div><\/div><\/div><\/div><div class=\"vc_row-full-width vc_clearfix\"><\/div><div class=\"vc_row wpb_row vc_row-fluid vc_row-69e9efdd4f375\"><div class=\"wpb_animate_when_almost_visible wpb_fadeIn fadeIn wpb_column vc_column_container vc_col-sm-12 vc_row-69e9efdd4f510\"><div class=\"vc_column-inner\"><div class=\"wpb_wrapper\">\n\t<div class=\"wpb_text_column wpb_content_element\" >\n\t\t<div class=\"wpb_wrapper\">\n\t\t\t<p><span style=\"font-size: 18px;\"><strong>\u0160TA UKLJU\u010cUJE PAKET<\/strong><\/span><\/p>\n<ul>\n<li>1 x profesionalni fotograf &#8211; foto paket 1<\/li>\n<li>2 x profesionalni fotograf &#8211; foto paket 2 ili 3<\/li>\n<li>10-14 radnih sati<\/li>\n<li>Photo book 30&#215;20 &#8211; Otvoren 60&#215;20 &#8211; 20 listova &#8211; 40 stranica<\/li>\n<li>Obrada minimalno 300 &#8211; 600 fotografija &#8211; sve su fotografije obradjene u kolor i crno bijeloj varijanti<\/li>\n<li><strong>Sve fotografije<\/strong> fotorgafirane na dan vjen\u010danja \u2013 lagana kolor korekcija i kropovanje 1500 \u2013 4000 fotorgafija. <strong>Isporuka 2-7 dana<\/strong><\/li>\n<li><strong>Web galerija za dijeljenje<\/strong><\/li>\n<\/ul>\n<p>* <strong>ROK ISPORUKE<\/strong> photo booka, obra\u0111enih fotografija, web galerije\u00a0 <strong>30 &#8211; 120 dana<br \/>\n* Dodatni photo bookovi &#8211; cijena na upit<\/strong><\/p>\n\n\t\t<\/div>\n\t<\/div>\n<\/div><\/div><\/div><\/div><div class=\"vc_row wpb_row vc_row-fluid vc_custom_1645439611918 vc_row-62136a77e081e\"><div class=\"wpb_column vc_column_container vc_col-sm-12 vc_row-69e9efdd4f98b\"><div class=\"vc_column-inner\"><div class=\"wpb_wrapper\">      <div class=\"heading-block heading-62136a54b3088 tal h-h2\">\n                  <div class=\"sub-h\">Pogledajte nekoliko primjera na\u0161ih radova od parova koji su odabrali ovaj paket.<\/div>\n              <\/div>\n    <\/div><\/div><\/div><\/div><div class=\"vc_row wpb_row vc_row-fluid vc_row-69e9efdd4fb25\"><div class=\"wpb_column vc_column_container vc_col-sm-12 vc_row-69e9efdd4fcb7\"><div class=\"vc_column-inner\"><div class=\"wpb_wrapper\"><div class=\"blog-block\"><div class=\"blog-items load-wrap row blog-type-grid blog-63c98836e7e32\"><article class=\"blog-item  category-33 category-9 category-34 with-image col-12 col-sm-4 col-md-4\"><div class=\"wrap\"><div class=\"img\" data-original=\"https:\/\/angels35.com\/wp-content\/uploads\/2022\/08\/Fotograf-vjencanja-na-otvorenom-92-1024x683.jpg\"><a href=\"https:\/\/angels35.com\/hr\/jelena-i-marko-fotografisanje-vjencanja-na-otvorenom\/\" style=\"background-image: url(https://spcdn.shortpixel.ai/spio/ret_img,q_cdnize,to_auto,s_webp:avif/angels35.com/wp-content/uploads/2022/08/Fotograf-vjencanja-na-otvorenom-92-1024x683.jpg);\"><\/a><\/div><div class=\"content\"><h5><a href=\"https:\/\/angels35.com\/hr\/jelena-i-marko-fotografisanje-vjencanja-na-otvorenom\/\">Jelena i Marko - Vjen\u010danje na otvorenom<\/a><\/h5><p>Kada se ujutro probudite obasjani sun\u010devim zrakama, znate da \u0107e dan biti savr\u0161en za fotografiranje vjen\u010danja na otvorenom. Kao fotograf moram re\u0107i da mi je uvijek drago kada fotografi\u0161em vjen\u010d...<\/p><\/div><\/div><\/article><article class=\"blog-item  category-9 category-23 with-image col-12 col-sm-4 col-md-4\"><div class=\"wrap\"><div class=\"img\" data-original=\"https:\/\/angels35.com\/wp-content\/uploads\/2022\/02\/Fotografisanje-vjencanja-Aleksandra-i-Deni-3-1.jpg\"><a href=\"https:\/\/angels35.com\/hr\/aleksandra-deni-fotografisanje-vjencanja-rijeka\/\" style=\"background-image: url(https://spcdn.shortpixel.ai/spio/ret_img,q_cdnize,to_auto,s_webp:avif/angels35.com/wp-content/uploads/2022/02/Fotografisanje-vjencanja-Aleksandra-i-Deni-3-1.jpg);\"><\/a><\/div><div class=\"content\"><h5><a href=\"https:\/\/angels35.com\/hr\/aleksandra-deni-fotografisanje-vjencanja-rijeka\/\">Aleksandra &amp; Deni \u2013 Fotografiranje vjen\u010danja Rijeka<\/a><\/h5><p>Fotografiranje vjen\u010danja Rijeka \/ Opatija \/ Hrvatska\nTog jutra kada smo krenuli u smjeru Rijeke, nismo ni sanjali kakvom \u0107emo prekrasnom vjen\u010danju prisustvovati.\nBili smo sretni \u0161to smo kona\u010dno...<\/p><\/div><\/div><\/article><article class=\"blog-item  category-9 category-23 with-image col-12 col-sm-4 col-md-4\"><div class=\"wrap\"><div class=\"img\" data-original=\"https:\/\/angels35.com\/wp-content\/uploads\/2023\/02\/Fotograf-i-snimatelj-vjencanja-24-1024x683.jpg\"><a href=\"https:\/\/angels35.com\/hr\/fotografisanje-vjencanja-tuscany-branka-i-dragan\/\" style=\"background-image: url(https://spcdn.shortpixel.ai/spio/ret_img,q_cdnize,to_auto,s_webp:avif/angels35.com/wp-content/uploads/2023/02/Fotograf-i-snimatelj-vjencanja-24-1024x683.jpg);\"><\/a><\/div><div class=\"content\"><h5><a href=\"https:\/\/angels35.com\/hr\/fotografisanje-vjencanja-tuscany-branka-i-dragan\/\">Fotografiranje vjen\u010danja Tuscany - Branka i Dragan<\/a><\/h5><p>Na\u0161 posao kojim se bavimo vodi nas na razne strane svijeta i mnoge zanimljive lokacije. Putovanja su sastavni dio na\u0161eg posla i uvijek se radujemo novim interesantnim destinacijama. Upravo na ...<\/p><\/div><\/div><\/article><\/div><\/div><\/div><\/div><\/div><\/div><div class=\"vc_row wpb_row vc_row-fluid vc_row-69e9efdd537a6\"><div class=\"wpb_column vc_column_container vc_col-sm-12 vc_row-69e9efdd5394f\"><div class=\"vc_column-inner\"><div class=\"wpb_wrapper\"><div class=\"vc_separator wpb_content_element vc_separator_align_center vc_sep_width_100 vc_sep_pos_align_center vc_separator_no_text vc_sep_color_grey wpb_content_element  wpb_content_element\" ><span class=\"vc_sep_holder vc_sep_holder_l\"><span class=\"vc_sep_line\"><\/span><\/span><span class=\"vc_sep_holder vc_sep_holder_r\"><span class=\"vc_sep_line\"><\/span><\/span>\n<\/div><\/div><\/div><\/div><\/div><div class=\"vc_row wpb_row vc_row-fluid vc_custom_1660898556170 vc_row-62ff4cf51e59b\"><div class=\"wpb_column vc_column_container vc_col-sm-12 vc_row-69e9efdd5409c\"><div class=\"vc_column-inner\"><div class=\"wpb_wrapper\">      <div class=\"heading-block heading-6253c60233e1c tac h-h3\">\n                  <div class=\"sub-h\">KONTAKT<\/div>\n                  <h3 class=\"h\">Fotografiranje vjen\u010danja cijena<\/h3>\n              <\/div>\n    <\/div><\/div><\/div><\/div><div class=\"vc_row wpb_row vc_row-fluid vc_custom_1662726403544 vc_row-6252ebd44c737\"><div class=\"wpb_column vc_column_container vc_col-sm-12 vc_row-69e9efdd5450e\"><div class=\"vc_column-inner\"><div class=\"wpb_wrapper\">\n\t<div class=\"wpb_raw_code wpb_raw_html wpb_content_element\" >\n\t\t<div class=\"wpb_wrapper\">\n\t\t\t<script type=\"text\/javascript\" src=\"https:\/\/form.jotform.com\/jsform\/222301212689045\"><\/script>\n\t\t<\/div>\n\t<\/div>\n<\/div><\/div><\/div><\/div><div class=\"vc_row wpb_row vc_row-fluid vc_row-69e9efdd548d5\"><div class=\"wpb_column vc_column_container vc_col-sm-12 vc_row-69e9efdd54a23\"><div class=\"vc_column-inner\"><div class=\"wpb_wrapper\"><div class=\"vc_separator wpb_content_element vc_separator_align_center vc_sep_width_100 vc_sep_pos_align_center vc_separator_no_text vc_sep_color_grey wpb_content_element  wpb_content_element\" ><span class=\"vc_sep_holder vc_sep_holder_l\"><span class=\"vc_sep_line\"><\/span><\/span><span class=\"vc_sep_holder vc_sep_holder_r\"><span class=\"vc_sep_line\"><\/span><\/span>\n<\/div><\/div><\/div><\/div><\/div><div class=\"vc_row wpb_row vc_row-fluid vc_custom_1645950833069 vc_row-6065b69c88a52\"><div class=\"wpb_column vc_column_container vc_col-sm-12 vc_col-lg-4 vc_col-md-12 vc_row-69e9efdd54fc0\"><div class=\"vc_column-inner\"><div class=\"wpb_wrapper\"><div class=\"vc_row wpb_row vc_inner vc_row-fluid\"><div class=\"wpb_column vc_column_container vc_col-sm-3\"><div class=\"vc_column-inner\"><div class=\"wpb_wrapper\"><div class=\"vc_icon_element vc_icon_element-outer vc_do_icon vc_icon_element-align-left vc_icon_element-have-style\"><div class=\"vc_icon_element-inner vc_icon_element-color-custom vc_icon_element-have-style-inner vc_icon_element-size-md vc_icon_element-style-rounded-outline vc_icon_element-outline vc_icon_element-background-color-custom\"  style=\"border-color:#c48f56\"><span class=\"vc_icon_element-icon multimedia-icon-smartphone\" ><\/span><\/div><\/div><\/div><\/div><\/div><div class=\"wpb_column vc_column_container vc_col-sm-9\"><div class=\"vc_column-inner\"><div class=\"wpb_wrapper\">\n\t<div class=\"wpb_text_column wpb_content_element\" >\n\t\t<div class=\"wpb_wrapper\">\n\t\t\t<p style=\"text-align: left;\"><span style=\"font-size: 14px; font-weight: 300;\">+387 65 880 906<\/span><\/p>\n\n\t\t<\/div>\n\t<\/div>\n<\/div><\/div><\/div><\/div><\/div><\/div><\/div><div class=\"wpb_column vc_column_container vc_col-sm-12 vc_col-lg-4 vc_col-md-6 vc_col-xs-12 vc_row-69e9efdd55bc6\"><div class=\"vc_column-inner\"><div class=\"wpb_wrapper\"><div class=\"vc_row wpb_row vc_inner vc_row-fluid\"><div class=\"wpb_column vc_column_container vc_col-sm-3\"><div class=\"vc_column-inner\"><div class=\"wpb_wrapper\"><div class=\"vc_icon_element vc_icon_element-outer vc_do_icon vc_icon_element-align-left vc_icon_element-have-style\"><div class=\"vc_icon_element-inner vc_icon_element-color-custom vc_icon_element-have-style-inner vc_icon_element-size-md vc_icon_element-style-rounded-outline vc_icon_element-outline vc_icon_element-background-color-custom\"  style=\"border-color:#c48f56\"><span class=\"vc_icon_element-icon multimedia-icon-envelope\" ><\/span><\/div><\/div><\/div><\/div><\/div><div class=\"wpb_column vc_column_container vc_col-sm-9\"><div class=\"vc_column-inner\"><div class=\"wpb_wrapper\">\n\t<div class=\"wpb_text_column wpb_content_element\" >\n\t\t<div class=\"wpb_wrapper\">\n\t\t\t<p style=\"text-align: left;\"><a href=\"mailto:info@angels35.com\">info@angels35.com<\/a><\/p>\n\n\t\t<\/div>\n\t<\/div>\n<\/div><\/div><\/div><\/div><\/div><\/div><\/div><div class=\"wpb_column vc_column_container vc_col-sm-12 vc_col-lg-4 vc_col-md-6 vc_row-69e9efdd5637a\"><div class=\"vc_column-inner\"><div class=\"wpb_wrapper\"><div class=\"vc_row wpb_row vc_inner vc_row-fluid\"><div class=\"wpb_column vc_column_container vc_col-sm-3\"><div class=\"vc_column-inner\"><div class=\"wpb_wrapper\"><div class=\"vc_icon_element vc_icon_element-outer vc_do_icon vc_icon_element-align-left vc_icon_element-have-style\"><div class=\"vc_icon_element-inner vc_icon_element-color-custom vc_icon_element-have-style-inner vc_icon_element-size-md vc_icon_element-style-rounded-outline vc_icon_element-outline vc_icon_element-background-color-custom\"  style=\"border-color:#c48f56\"><span class=\"vc_icon_element-icon multimedia-icon-placeholder\" ><\/span><\/div><\/div><\/div><\/div><\/div><div class=\"wpb_column vc_column_container vc_col-sm-9\"><div class=\"vc_column-inner\"><div class=\"wpb_wrapper\">\n\t<div class=\"wpb_text_column wpb_content_element\" >\n\t\t<div class=\"wpb_wrapper\">\n\t\t\t<p style=\"text-align: left;\"><span style=\"font-weight: 300;\">Banja Luka , Bosnia and Herzegovina<\/span><\/p>\n\n\t\t<\/div>\n\t<\/div>\n<\/div><\/div><\/div><\/div><\/div><\/div><\/div><\/div><div data-vc-full-width=\"true\" data-vc-full-width-init=\"false\" data-vc-stretch-content=\"true\" class=\"vc_row wpb_row vc_row-fluid vc_custom_1649657095995 vc_row-62530b5f356d8 vc_row-has-fill vc_row-no-padding\"><div class=\"wpb_column vc_column_container vc_col-sm-12 vc_row-69e9efdd56cd4\"><div class=\"vc_column-inner\"><div class=\"wpb_wrapper\"><div class=\"price-list-type2 row price-list-type2-59c284b183e9e\"><div class=\"item price-list-type2-item-59c28461bdf64 col-12 col-sm-12 col-md-6 col-lg-3\">\r\n        <h6 class=\"h\">Fotografiranje vjen\u010danja<\/h6>\r\n        \r\n        <div class=\"img\" style=\"background-image: url(https://spcdn.shortpixel.ai/spio/ret_img,q_cdnize,to_auto,s_webp:avif/angels35.com/wp-content/uploads/2022/04/Fotograf-vjencanja-paket-cijena.jpg)\"><\/div>\r\n        <div class=\"options\">\r\n            <div class=\"heading-decor\"><h5>Foto Paket<\/h5><\/div>\r\n            \r\n        <\/div>\r\n        <a href=\"https:\/\/angels35.com\/hr\/fotografiranje-vjencanja-cijena-paket\/\" class=\"button-style1\">pogledaj paket<\/a>\r\n    <\/div><div class=\"item price-list-type2-item-59c28461bdf64 col-12 col-sm-12 col-md-6 col-lg-3\">\r\n        <h6 class=\"h\">FOTO + VIDEO<\/h6>\r\n        <div class=\"price\">PREPORU\u010cENO<\/div>\r\n        <div class=\"img\" style=\"background-image: url(https://spcdn.shortpixel.ai/spio/ret_img,q_cdnize,to_auto,s_webp:avif/angels35.com/wp-content/uploads/2022/04/Snimanje-vjencanja-paket-2-cijena.jpg)\"><\/div>\r\n        <div class=\"options\">\r\n            <div class=\"heading-decor\"><h5>FOTO + VIDEO PAKET<\/h5><\/div>\r\n            \r\n        <\/div>\r\n        <a href=\"https:\/\/angels35.com\/hr\/fotografiranje-snimanje-vjencanja-paket-cijena\/\" class=\"button-style1\">POGLEDAJ PAKET<\/a>\r\n    <\/div><div class=\"item price-list-type2-item-59c28461bdf64 col-12 col-sm-12 col-md-6 col-lg-3\">\r\n        <h6 class=\"h\">SNIMANJE<\/h6>\r\n        \r\n        <div class=\"img\" style=\"background-image: url(https://spcdn.shortpixel.ai/spio/ret_img,q_cdnize,to_auto,s_webp:avif/angels35.com/wp-content/uploads/2022/04/fotograf-vjencanja-cijena-paket.jpg)\"><\/div>\r\n        <div class=\"options\">\r\n            <div class=\"heading-decor\"><h5>VIDEO PAKET 1<\/h5><\/div>\r\n            \r\n        <\/div>\r\n        <a href=\"https:\/\/angels35.com\/hr\/snimanje-vjencanja-paket-1-cijena\/\" class=\"button-style1\">POGLEDAJ PAKET<\/a>\r\n    <\/div><div class=\"item price-list-type2-item-59c28461bdf64 col-12 col-sm-12 col-md-6 col-lg-3\">\r\n        <h6 class=\"h\">SNIMANJE<\/h6>\r\n        \r\n        <div class=\"img\" style=\"background-image: url(https://spcdn.shortpixel.ai/spio/ret_img,q_cdnize,to_auto,s_webp:avif/angels35.com/wp-content/uploads/2022/04/Snimanje-vjencanja-paket-1-cijena.jpg)\"><\/div>\r\n        <div class=\"options\">\r\n            <div class=\"heading-decor\"><h5>VIDEO PAKET 2<\/h5><\/div>\r\n            \r\n        <\/div>\r\n        <a href=\"https:\/\/angels35.com\/hr\/snimanje-vjencanja-paket-2-cijena\/\" class=\"button-style1\">POGLEDAJ PAKET<\/a>\r\n    <\/div><\/div><\/div><\/div><\/div><\/div><div class=\"vc_row-full-width vc_clearfix\"><\/div>\n<\/div>","protected":false},"excerpt":{"rendered":"FacebookYouTube Fotografisanje vjen\u010danja Tuscany\/ Snimanje vjen\u010danja Tuscany Branka i Dragan Fotografisanje i snimanje vjen\u010danja Tuscany Branka i Dragan Lokacija: Tuscany Lokacija: Banja Luka Fotograf vjen\u010danja : Renata Video vjen\u010danja : Gogson Fotograf vjen\u010danja je zanimljiv, kreativan i veoma dinami\u010dan posao. Svaki novi par klijenata sa kojima radimo je nova pri\u010da, nova avantura. Svi oni su [...]","protected":false},"author":1,"featured_media":5590,"parent":0,"menu_order":0,"comment_status":"closed","ping_status":"closed","template":"template-landing.php","meta":{"_acf_changed":false,"footnotes":""},"class_list":["post-5503","page","type-page","status-publish","has-post-thumbnail","hentry"],"acf":[],"_links":{"self":[{"href":"https:\/\/angels35.com\/hr\/wp-json\/wp\/v2\/pages\/5503","targetHints":{"allow":["GET"]}}],"collection":[{"href":"https:\/\/angels35.com\/hr\/wp-json\/wp\/v2\/pages"}],"about":[{"href":"https:\/\/angels35.com\/hr\/wp-json\/wp\/v2\/types\/page"}],"author":[{"embeddable":true,"href":"https:\/\/angels35.com\/hr\/wp-json\/wp\/v2\/users\/1"}],"replies":[{"embeddable":true,"href":"https:\/\/angels35.com\/hr\/wp-json\/wp\/v2\/comments?post=5503"}],"version-history":[{"count":44,"href":"https:\/\/angels35.com\/hr\/wp-json\/wp\/v2\/pages\/5503\/revisions"}],"predecessor-version":[{"id":8323,"href":"https:\/\/angels35.com\/hr\/wp-json\/wp\/v2\/pages\/5503\/revisions\/8323"}],"wp:featuredmedia":[{"embeddable":true,"href":"https:\/\/angels35.com\/hr\/wp-json\/wp\/v2\/media\/5590"}],"wp:attachment":[{"href":"https:\/\/angels35.com\/hr\/wp-json\/wp\/v2\/media?parent=5503"}],"curies":[{"name":"wp","href":"https:\/\/api.w.org\/{rel}","templated":true}]}}