{"id":5512,"date":"2022-04-10T16:15:01","date_gmt":"2022-04-10T15:15:01","guid":{"rendered":"https:\/\/angels35.com\/?page_id=5512"},"modified":"2025-05-08T15:46:38","modified_gmt":"2025-05-08T14:46:38","slug":"snimanje-vjencanja-paket-2-cijena","status":"publish","type":"page","link":"https:\/\/angels35.com\/hr\/snimanje-vjencanja-paket-2-cijena\/","title":{"rendered":"Snimanje vjen\u010danja paket 2 cijena"},"content":{"rendered":"<div class=\"wpb-content-wrapper\"><div class=\"vc_row wpb_row vc_row-fluid vc_row-6077376562fa1\"><div class=\"wpb_column vc_column_container vc_col-sm-12 vc_row-69e391dd0e2e0\"><div class=\"vc_column-inner\"><div class=\"wpb_wrapper\">      <div class=\"heading-block heading-6252dc48fdb20 tal h-h1\">\n                  <div class=\"sub-h\">ANGELS35 WEDDING STUDIO<\/div>\n                  <h1 class=\"h\">SNIMANJE VJEN\u010cANJA PAKET 2 - CIJENA<\/h1>\n              <\/div>\n    <\/div><\/div><\/div><\/div><div data-vc-full-width=\"true\" data-vc-full-width-init=\"false\" class=\"vc_row wpb_row vc_row-fluid vc_custom_1649655348323 vc_row-60d07908d58b0 vc_row-has-fill vc_row-o-equal-height vc_row-o-content-middle vc_row-flex\"><div class=\"wpb_animate_when_almost_visible wpb_fadeInLeft fadeInLeft wpb_column vc_column_container vc_col-sm-6 vc_row-60d472f21239b vc_col-has-fill\"><div class=\"vc_column-inner vc_custom_1649661549228\"><div class=\"wpb_wrapper\"><\/div><\/div><\/div><div class=\"wpb_animate_when_almost_visible wpb_fadeInRight fadeInRight wpb_column vc_column_container vc_col-sm-6 vc_row-60d1beaebf03e\"><div class=\"vc_column-inner vc_custom_1624358579285\"><div class=\"wpb_wrapper\">      <div class=\"heading-block heading-5d67a36dc7e98 tal h-h2 with-line\">\n                  <h2 class=\"h\">An\u0111eli35<br \/>\n<span>VIDEO PAKET 2<\/span><\/h2>\n              <\/div>\n    \n\t<div class=\"wpb_text_column wpb_content_element\" >\n\t\t<div class=\"wpb_wrapper\">\n\t\t\t<p>Snimanje po\u010dinjemo od najranijih jutarnjih sati.<br \/>\nJedan kamerman kod mlade, \u0161minker, frizer, pripreme mlade, atmosfera kod mlade itd ..<br \/>\nDrugi kamerman je kod mlado\u017eenje od ranih jutarnjih sati ( po dogovoru ) , pripreme mlado\u017eenje, atmosfera , itd ..<\/p>\n<p>Oprema:<br \/>\n3 x <a href=\"https:\/\/www.canon-europe.com\/cameras\/eos-r6\/\" target=\"_blank\" rel=\"noopener\"><strong>Canon R6<\/strong><\/a> , veliki izbor objektiva <strong>Canon<\/strong> <strong>L<\/strong> serije 24, 35, 50, 85 , 24-70 , 70-200 , <strong>Sony a7 III<\/strong> i veliki broj sony objektiva , <a href=\"https:\/\/www.dji.com\/air-2s\" target=\"_blank\" rel=\"noopener\">Dronovi 2 x Dji Air 2S<\/a> ,\u00a0 profesionalni gimbali, profesionalna rasvjeta i profesionalni audio snima\u010di.<\/p>\n<p>Kontaktirajte nas, poslat \u0107emo Vam uzorke kompletnih snimljenih vjen\u010danja.<\/p>\n<p><a href=\"https:\/\/angels35.com\/hr\/snimanje-vjencanja-hrvatska\/\">Pogledajte na\u0161a videa<\/a><\/p>\n\n\t\t<\/div>\n\t<\/div>\n<\/div><\/div><\/div><\/div><div class=\"vc_row-full-width vc_clearfix\"><\/div><div class=\"vc_row wpb_row vc_row-fluid vc_row-69e391dd0ecbf\"><div class=\"wpb_animate_when_almost_visible wpb_fadeIn fadeIn wpb_column vc_column_container vc_col-sm-12 vc_row-69e391dd0ee5d\"><div class=\"vc_column-inner\"><div class=\"wpb_wrapper\">\n\t<div class=\"wpb_text_column wpb_content_element\" >\n\t\t<div class=\"wpb_wrapper\">\n\t\t\t<ul>\n<li>Video paket 2 &#8211; 2 x profesionalni video snimatelja<\/li>\n<li>Video paket 3 &#8211; 2 x profesionalni video snimatelj + dron operater<\/li>\n<li>Svaki kamerman ima svoj dron<\/li>\n<li>10-14 radnih sati<\/li>\n<li>Kamere u automobilima<\/li>\n<li>Interviju<\/li>\n<li>Svi doga\u0111aji su pokriveni profesionalnim audio snima\u010dima<\/li>\n<li><strong>FINALNI PROIZVOD<\/strong><br \/>\nFull smontiran video 120-180 minuta + wedding spot<\/li>\n<li>Kolor korekcija<\/li>\n<li><strong>Snimanje dronom<\/strong><\/li>\n<\/ul>\n<p>* <strong>ROK ISPORUKE<\/strong> finalnih videa putem wetransvera\u00a0 <strong>20 &#8211; 150 dana<\/strong><\/p>\n<p>* Posebna ponuda cijene za poseban dan, ako se radi zajedno FOTO + VIDEO<\/p>\n\n\t\t<\/div>\n\t<\/div>\n<\/div><\/div><\/div><\/div><div class=\"vc_row wpb_row vc_row-fluid vc_row-681cc0e92ea05\"><div class=\"wpb_column vc_column_container vc_col-sm-12 vc_row-69e391dd0f439\"><div class=\"vc_column-inner\"><div class=\"wpb_wrapper\">\n\t<div class=\"wpb_raw_code wpb_raw_html wpb_content_element\" >\n\t\t<div class=\"wpb_wrapper\">\n\t\t\t<style>\r\n.video-flex-row {\r\n  display: flex;\r\n  flex-wrap: wrap;\r\n  gap: 20px;\r\n  justify-content: space-between;\r\n}\r\n\r\n.video-flex-item {\r\n  flex: 1 1 32%;\r\n  aspect-ratio: 16 \/ 9;\r\n  position: relative;\r\n  overflow: hidden;\r\n}\r\n\r\n.video-flex-item iframe {\r\n  position: absolute;\r\n  top: 0;\r\n  left: 0;\r\n  width: 100%;\r\n  height: 100%;\r\n}\r\n\r\n@media (max-width: 768px) {\r\n  .video-flex-item {\r\n    flex: 1 1 100%;\r\n  }\r\n}\r\n<\/style>\r\n\r\n<div class=\"video-flex-row\">\r\n  <div class=\"video-flex-item\">\r\n    <iframe src=\"https:\/\/www.youtube.com\/embed\/Wo41hz23tFY?rel=0&modestbranding=1\" frameborder=\"0\" allowfullscreen><\/iframe>\r\n  <\/div>\r\n  <div class=\"video-flex-item\">\r\n    <iframe src=\"https:\/\/www.youtube.com\/embed\/LoUYsL3oG9o?rel=0&modestbranding=1\" frameborder=\"0\" allowfullscreen><\/iframe>\r\n  <\/div>\r\n  <div class=\"video-flex-item\">\r\n    <iframe src=\"https:\/\/www.youtube.com\/embed\/vjMR1ZFPkJE?rel=0&modestbranding=1\" frameborder=\"0\" allowfullscreen><\/iframe>\r\n  <\/div>\r\n<\/div>\r\n\n\t\t<\/div>\n\t<\/div>\n<\/div><\/div><\/div><\/div><div class=\"vc_row wpb_row vc_row-fluid vc_row-69e391dd0f80c\"><div class=\"wpb_column vc_column_container vc_col-sm-12 vc_row-69e391dd0f953\"><div class=\"vc_column-inner\"><div class=\"wpb_wrapper\">      <div class=\"heading-block heading-6253c60233e1c tac h-h3\">\n                  <div class=\"sub-h\">KONTAKT<\/div>\n                  <h3 class=\"h\">Snimanje vjen\u010danja paket 2<\/h3>\n              <\/div>\n    <\/div><\/div><\/div><\/div><div class=\"vc_row wpb_row vc_row-fluid vc_custom_1660898566650 vc_row-6252ebd44c737\"><div class=\"wpb_column vc_column_container vc_col-sm-12 vc_row-69e391dd0fc38\"><div class=\"vc_column-inner\"><div class=\"wpb_wrapper\">\n\t<div class=\"wpb_raw_code wpb_raw_html wpb_content_element\" >\n\t\t<div class=\"wpb_wrapper\">\n\t\t\t<script type=\"text\/javascript\" src=\"https:\/\/form.jotform.com\/jsform\/222301212689045\"><\/script>\n\t\t<\/div>\n\t<\/div>\n<\/div><\/div><\/div><\/div><div class=\"vc_row wpb_row vc_row-fluid vc_row-69e391dd0fec3\"><div class=\"wpb_column vc_column_container vc_col-sm-12 vc_row-69e391dd10048\"><div class=\"vc_column-inner\"><div class=\"wpb_wrapper\"><div class=\"vc_separator wpb_content_element vc_separator_align_center vc_sep_width_100 vc_sep_pos_align_center vc_separator_no_text vc_sep_color_grey wpb_content_element  wpb_content_element\" ><span class=\"vc_sep_holder vc_sep_holder_l\"><span class=\"vc_sep_line\"><\/span><\/span><span class=\"vc_sep_holder vc_sep_holder_r\"><span class=\"vc_sep_line\"><\/span><\/span>\n<\/div><\/div><\/div><\/div><\/div><div class=\"vc_row wpb_row vc_row-fluid vc_custom_1645950833069 vc_row-6065b69c88a52\"><div class=\"wpb_column vc_column_container vc_col-sm-12 vc_col-lg-4 vc_col-md-12 vc_row-69e391dd107a2\"><div class=\"vc_column-inner\"><div class=\"wpb_wrapper\"><div class=\"vc_row wpb_row vc_inner vc_row-fluid\"><div class=\"wpb_column vc_column_container vc_col-sm-3\"><div class=\"vc_column-inner\"><div class=\"wpb_wrapper\"><div class=\"vc_icon_element vc_icon_element-outer vc_do_icon vc_icon_element-align-left vc_icon_element-have-style\"><div class=\"vc_icon_element-inner vc_icon_element-color-custom vc_icon_element-have-style-inner vc_icon_element-size-md vc_icon_element-style-rounded-outline vc_icon_element-outline vc_icon_element-background-color-custom\"  style=\"border-color:#c48f56\"><span class=\"vc_icon_element-icon multimedia-icon-smartphone\" ><\/span><\/div><\/div><\/div><\/div><\/div><div class=\"wpb_column vc_column_container vc_col-sm-9\"><div class=\"vc_column-inner\"><div class=\"wpb_wrapper\">\n\t<div class=\"wpb_text_column wpb_content_element\" >\n\t\t<div class=\"wpb_wrapper\">\n\t\t\t<p style=\"text-align: left;\"><span style=\"font-size: 14px; font-weight: 300;\">+387 65 880 906<\/span><\/p>\n\n\t\t<\/div>\n\t<\/div>\n<\/div><\/div><\/div><\/div><\/div><\/div><\/div><div class=\"wpb_column vc_column_container vc_col-sm-12 vc_col-lg-4 vc_col-md-6 vc_col-xs-12 vc_row-69e391dd11351\"><div class=\"vc_column-inner\"><div class=\"wpb_wrapper\"><div class=\"vc_row wpb_row vc_inner vc_row-fluid\"><div class=\"wpb_column vc_column_container vc_col-sm-3\"><div class=\"vc_column-inner\"><div class=\"wpb_wrapper\"><div class=\"vc_icon_element vc_icon_element-outer vc_do_icon vc_icon_element-align-left vc_icon_element-have-style\"><div class=\"vc_icon_element-inner vc_icon_element-color-custom vc_icon_element-have-style-inner vc_icon_element-size-md vc_icon_element-style-rounded-outline vc_icon_element-outline vc_icon_element-background-color-custom\"  style=\"border-color:#c48f56\"><span class=\"vc_icon_element-icon multimedia-icon-envelope\" ><\/span><\/div><\/div><\/div><\/div><\/div><div class=\"wpb_column vc_column_container vc_col-sm-9\"><div class=\"vc_column-inner\"><div class=\"wpb_wrapper\">\n\t<div class=\"wpb_text_column wpb_content_element\" >\n\t\t<div class=\"wpb_wrapper\">\n\t\t\t<p style=\"text-align: left;\"><a href=\"mailto:info@angels35.com\"><span style=\"font-weight: 300;\">info@angels35.com<\/span><\/a><\/p>\n\n\t\t<\/div>\n\t<\/div>\n<\/div><\/div><\/div><\/div><\/div><\/div><\/div><div class=\"wpb_column vc_column_container vc_col-sm-12 vc_col-lg-4 vc_col-md-6 vc_row-69e391dd11af3\"><div class=\"vc_column-inner\"><div class=\"wpb_wrapper\"><div class=\"vc_row wpb_row vc_inner vc_row-fluid\"><div class=\"wpb_column vc_column_container vc_col-sm-3\"><div class=\"vc_column-inner\"><div class=\"wpb_wrapper\"><div class=\"vc_icon_element vc_icon_element-outer vc_do_icon vc_icon_element-align-left vc_icon_element-have-style\"><div class=\"vc_icon_element-inner vc_icon_element-color-custom vc_icon_element-have-style-inner vc_icon_element-size-md vc_icon_element-style-rounded-outline vc_icon_element-outline vc_icon_element-background-color-custom\"  style=\"border-color:#c48f56\"><span class=\"vc_icon_element-icon multimedia-icon-placeholder\" ><\/span><\/div><\/div><\/div><\/div><\/div><div class=\"wpb_column vc_column_container vc_col-sm-9\"><div class=\"vc_column-inner\"><div class=\"wpb_wrapper\">\n\t<div class=\"wpb_text_column wpb_content_element\" >\n\t\t<div class=\"wpb_wrapper\">\n\t\t\t<p style=\"text-align: left;\"><span style=\"font-weight: 300;\">Banja Luka , Bosnia and Herzegovina<\/span><\/p>\n\n\t\t<\/div>\n\t<\/div>\n<\/div><\/div><\/div><\/div><\/div><\/div><\/div><\/div><div class=\"vc_row wpb_row vc_row-fluid vc_row-69e391dd123d0\"><div class=\"wpb_column vc_column_container vc_col-sm-12 vc_row-69e391dd12510\"><div class=\"vc_column-inner\"><div class=\"wpb_wrapper\"><div class=\"vc_separator wpb_content_element vc_separator_align_center vc_sep_width_100 vc_sep_pos_align_center vc_separator_no_text vc_sep_color_grey wpb_content_element  wpb_content_element\" ><span class=\"vc_sep_holder vc_sep_holder_l\"><span class=\"vc_sep_line\"><\/span><\/span><span class=\"vc_sep_holder vc_sep_holder_r\"><span class=\"vc_sep_line\"><\/span><\/span>\n<\/div><\/div><\/div><\/div><\/div><div data-vc-full-width=\"true\" data-vc-full-width-init=\"false\" data-vc-stretch-content=\"true\" class=\"vc_row wpb_row vc_row-fluid vc_custom_1649657095995 vc_row-62530b5f356d8 vc_row-has-fill vc_row-no-padding\"><div class=\"wpb_column vc_column_container vc_col-sm-12 vc_row-69e391dd12a93\"><div class=\"vc_column-inner\"><div class=\"wpb_wrapper\"><div class=\"price-list-type2 row price-list-type2-59c284b183e9e\"><div class=\"item price-list-type2-item-59c28461bdf64 col-12 col-sm-12 col-md-6 col-lg-3\">\r\n        <h6 class=\"h\">Fotografiranje vjen\u010danja<\/h6>\r\n        \r\n        <div class=\"img\" style=\"background-image: url(https://spcdn.shortpixel.ai/spio/ret_img,q_cdnize,to_auto,s_webp:avif/angels35.com/wp-content/uploads/2022/04/Fotograf-vjencanja-paket-cijena.jpg)\"><\/div>\r\n        <div class=\"options\">\r\n            <div class=\"heading-decor\"><h5>Foto Paket<\/h5><\/div>\r\n            \r\n        <\/div>\r\n        <a href=\"https:\/\/angels35.com\/hr\/fotografiranje-vjencanja-cijena-paket\/\" class=\"button-style1\">pogledaj paket<\/a>\r\n    <\/div><div class=\"item price-list-type2-item-59c28461bdf64 col-12 col-sm-12 col-md-6 col-lg-3\">\r\n        <h6 class=\"h\">FOTO + VIDEO<\/h6>\r\n        <div class=\"price\">PREPORU\u010cENO<\/div>\r\n        <div class=\"img\" style=\"background-image: url(https://spcdn.shortpixel.ai/spio/ret_img,q_cdnize,to_auto,s_webp:avif/angels35.com/wp-content/uploads/2022/04/Snimanje-vjencanja-paket-2-cijena.jpg)\"><\/div>\r\n        <div class=\"options\">\r\n            <div class=\"heading-decor\"><h5>FOTO + VIDEO PAKET<\/h5><\/div>\r\n            \r\n        <\/div>\r\n        <a href=\"https:\/\/angels35.com\/hr\/fotografiranje-snimanje-vjencanja-paket-cijena\/\" class=\"button-style1\">POGLEDAJ PAKET<\/a>\r\n    <\/div><div class=\"item price-list-type2-item-59c28461bdf64 col-12 col-sm-12 col-md-6 col-lg-3\">\r\n        <h6 class=\"h\">SNIMANJE<\/h6>\r\n        \r\n        <div class=\"img\" style=\"background-image: url(https://spcdn.shortpixel.ai/spio/ret_img,q_cdnize,to_auto,s_webp:avif/angels35.com/wp-content/uploads/2022/04/fotograf-vjencanja-cijena-paket.jpg)\"><\/div>\r\n        <div class=\"options\">\r\n            <div class=\"heading-decor\"><h5>VIDEO PAKET 1<\/h5><\/div>\r\n            \r\n        <\/div>\r\n        <a href=\"https:\/\/angels35.com\/hr\/snimanje-vjencanja-paket-1-cijena\/\" class=\"button-style1\">POGLEDAJ PAKET<\/a>\r\n    <\/div><div class=\"item price-list-type2-item-59c28461bdf64 col-12 col-sm-12 col-md-6 col-lg-3\">\r\n        <h6 class=\"h\">SNIMANJE<\/h6>\r\n        \r\n        <div class=\"img\" style=\"background-image: url(https://spcdn.shortpixel.ai/spio/ret_img,q_cdnize,to_auto,s_webp:avif/angels35.com/wp-content/uploads/2022/04/Snimanje-vjencanja-paket-1-cijena.jpg)\"><\/div>\r\n        <div class=\"options\">\r\n            <div class=\"heading-decor\"><h5>VIDEO PAKET 2<\/h5><\/div>\r\n            \r\n        <\/div>\r\n        <a href=\"https:\/\/angels35.com\/hr\/snimanje-vjencanja-paket-2-cijena\/\" class=\"button-style1\">POGLEDAJ PAKET<\/a>\r\n    <\/div><\/div><\/div><\/div><\/div><\/div><div class=\"vc_row-full-width vc_clearfix\"><\/div>\n<\/div>","protected":false},"excerpt":{"rendered":"ANGELS35 WEDDING STUDIO SNIMANJE VJEN\u010cANJA PAKET 2 - CIJENA Angels35 VIDEO PAKET 2 Snimanje po\u010dinjemo od najranijih jutarnjih sati. Jedan kamerman kod mlade, \u0161minker, frizer, pripreme mlade, atmosfera kod mlade itd .. Drugi kamerman je kod mlado\u017eenje od ranih jutarnjih sati ( po dogovoru ) , pripreme mlado\u017eenje, atmosfera , itd .. Oprema: 3 x [...]","protected":false},"author":1,"featured_media":5528,"parent":0,"menu_order":0,"comment_status":"closed","ping_status":"closed","template":"template-landing.php","meta":{"_acf_changed":false,"footnotes":""},"class_list":["post-5512","page","type-page","status-publish","has-post-thumbnail","hentry"],"acf":[],"_links":{"self":[{"href":"https:\/\/angels35.com\/hr\/wp-json\/wp\/v2\/pages\/5512","targetHints":{"allow":["GET"]}}],"collection":[{"href":"https:\/\/angels35.com\/hr\/wp-json\/wp\/v2\/pages"}],"about":[{"href":"https:\/\/angels35.com\/hr\/wp-json\/wp\/v2\/types\/page"}],"author":[{"embeddable":true,"href":"https:\/\/angels35.com\/hr\/wp-json\/wp\/v2\/users\/1"}],"replies":[{"embeddable":true,"href":"https:\/\/angels35.com\/hr\/wp-json\/wp\/v2\/comments?post=5512"}],"version-history":[{"count":36,"href":"https:\/\/angels35.com\/hr\/wp-json\/wp\/v2\/pages\/5512\/revisions"}],"predecessor-version":[{"id":7683,"href":"https:\/\/angels35.com\/hr\/wp-json\/wp\/v2\/pages\/5512\/revisions\/7683"}],"wp:featuredmedia":[{"embeddable":true,"href":"https:\/\/angels35.com\/hr\/wp-json\/wp\/v2\/media\/5528"}],"wp:attachment":[{"href":"https:\/\/angels35.com\/hr\/wp-json\/wp\/v2\/media?parent=5512"}],"curies":[{"name":"wp","href":"https:\/\/api.w.org\/{rel}","templated":true}]}}