{"id":5514,"date":"2022-04-10T16:16:35","date_gmt":"2022-04-10T15:16:35","guid":{"rendered":"https:\/\/angels35.com\/?page_id=5514"},"modified":"2026-04-08T16:42:36","modified_gmt":"2026-04-08T15:42:36","slug":"fotografiranje-snimanje-vjencanja-paket-cijena","status":"publish","type":"page","link":"https:\/\/angels35.com\/hr\/fotograf-snimanje-vjencanja-paket-cijena\/","title":{"rendered":"Fotograf snimanje vjen\u010danja paket cijena"},"content":{"rendered":"<div class=\"wpb-content-wrapper\"><div class=\"vc_row wpb_row vc_row-fluid vc_row-6077376562fa1\"><div class=\"wpb_column vc_column_container vc_col-sm-12 vc_row-69e37827b212d\"><div class=\"vc_column-inner\"><div class=\"wpb_wrapper\">      <div class=\"heading-block heading-6252dc48fdb20 tal h-h1\">\n                  <div class=\"sub-h\">ANGELS35 WEDDING STUDIO<\/div>\n                  <h1 class=\"h\">FOTOGRAF SNIMANJE VJEN\u010cANJA PAKET CIJENA<\/h1>\n              <\/div>\n    <\/div><\/div><\/div><\/div><div data-vc-full-width=\"true\" data-vc-full-width-init=\"false\" class=\"vc_row wpb_row vc_row-fluid vc_custom_1649655348323 vc_row-60d07908d58b0 vc_row-has-fill vc_row-o-equal-height vc_row-o-content-middle vc_row-flex\"><div class=\"wpb_animate_when_almost_visible wpb_fadeInLeft fadeInLeft wpb_column vc_column_container vc_col-sm-6 vc_row-60d472f21239b vc_col-has-fill\"><div class=\"vc_column-inner vc_custom_1649655768241\"><div class=\"wpb_wrapper\"><\/div><\/div><\/div><div class=\"wpb_animate_when_almost_visible wpb_fadeInRight fadeInRight wpb_column vc_column_container vc_col-sm-6 vc_row-60d1beaebf03e\"><div class=\"vc_column-inner vc_custom_1624358579285\"><div class=\"wpb_wrapper\">      <div class=\"heading-block heading-5d67a36dc7e98 tal h-h2 with-line\">\n                  <h2 class=\"h\">An\u0111eli35<br \/>\n<span>FOTO + VIDEO<\/span><\/h2>\n              <\/div>\n    \n\t<div class=\"wpb_text_column wpb_content_element\" >\n\t\t<div class=\"wpb_wrapper\">\n\t\t\t<p>Snimanje i fotografiranje vjen\u010danja po\u010dinjemo kod mlado\u017eenje , pripreme, obla\u010denje, atmosfera kod mlado\u017eenje, obitelj itd ..<br \/>\nOdlazak snimatelja i fotorgafa kod mlade prije dolaska mlado\u017eenje, pripreme mlade, atmosfera kod mlade, obitelj , dolazak mlado\u017eenje itd..<\/p>\n<p>Oprema:<br \/>\n4 x <a href=\"https:\/\/www.canon-europe.com\/cameras\/eos-r6\/\" target=\"_blank\" rel=\"noopener\"><strong>Canon <\/strong><b>R6<\/b><\/a>\u00a0, veliki izbor objektiva <strong>Canon<\/strong> <strong>L<\/strong> serije 24, 35, 50, 85 , 24-70 , 70-200 , Sony a7 III , sony objektivi , profesionalni gimbali, profesionalna rasvjeta, profesionalni audio snima\u010di , profesionalni blicevi, ki\u0161obrani, zilberice<\/p>\n<p>Kontaktirajte nas, poslat \u0107emo Vam uzorke kompletnih snimljenih i fotorgafiranih\u00a0 vjen\u010danja.<\/p>\n<p><a href=\"https:\/\/angels35.com\/hr\/snimanje-vjencanja-hrvatska\/\">Pogledajte na\u0161a videa<\/a><\/p>\n\n\t\t<\/div>\n\t<\/div>\n<\/div><\/div><\/div><\/div><div class=\"vc_row-full-width vc_clearfix\"><\/div><div class=\"vc_row wpb_row vc_row-fluid vc_row-6252d98cf5ed7\"><div class=\"wpb_animate_when_almost_visible wpb_fadeIn fadeIn wpb_column vc_column_container vc_col-sm-6 vc_row-6252e4fb73d6e\"><div class=\"vc_column-inner\"><div class=\"wpb_wrapper\">\n\t<div class=\"wpb_text_column wpb_content_element\" >\n\t\t<div class=\"wpb_wrapper\">\n\t\t\t<p><span style=\"font-size: 18px;\"><strong>\u0160TA UKLJU\u010cUJE PAKET<\/strong><\/span><\/p>\n<ul>\n<li>1 x profesionalni fotograf &#8211; foto paket 1<\/li>\n<li>2 x profesionalni fotograf &#8211; foto paket 2 ili 3<\/li>\n<li>10-14 radnih sati<\/li>\n<li>Photo book 30&#215;20 &#8211; Otvoren 60&#215;20 &#8211; 20 listova &#8211; 40 stranica<\/li>\n<li>Obrada minimalno 300 &#8211; 600 fotografija &#8211; sve su fotografije obradjene u kolor i crno bijeloj varijanti<\/li>\n<li><strong>Sve fotografije<\/strong> fotorgafirane na dan vjen\u010danja \u2013 lagana kolor korekcija i kropovanje 1500 \u2013 4000 fotorgafija. <strong>Isporuka 2-7 dana<\/strong><\/li>\n<li><strong>Web galerija za dijeljenje<\/strong><\/li>\n<\/ul>\n<p>* <strong>ROK ISPORUKE<\/strong> photo booka, obra\u0111enih fotografija, web galerije\u00a0 <strong>30 &#8211; 120 dana<br \/>\n* Dodatni photo bookovi &#8211; cijena na upit<\/strong><\/p>\n\n\t\t<\/div>\n\t<\/div>\n<\/div><\/div><\/div><div class=\"wpb_column vc_column_container vc_col-sm-6 vc_row-69e37827b2f9e\"><div class=\"vc_column-inner\"><div class=\"wpb_wrapper\">\n\t<div class=\"wpb_text_column wpb_content_element\" >\n\t\t<div class=\"wpb_wrapper\">\n\t\t\t<p><span style=\"font-size: 18px;\"><strong>VIDEO<\/strong><\/span><\/p>\n<ul>\n<li>1 profesionalni video snimatelja \/ video paket 1 \/<\/li>\n<li>2 profesionalna video snimatelja \/ video paket 2 \/<\/li>\n<li>2 profesionalna video snimatelja + poseban dron operater \/ video paket 3\/<\/li>\n<li>Svi doga\u0111aji su pokriveni profesionalnim audio snima\u010dima<\/li>\n<li><strong>Finalni proizvod<\/strong><br \/>\nFull smontiran video 20-180 minuta + wedding spot<br \/>\n+ instagram real\u00a0 \/ zavisno od odabranog paketa \/<\/li>\n<li><strong>Svaki kamerman ima svoj dron Dji air 3s<\/strong><\/li>\n<li><strong>Snimanje dronom uklju\u010deno u cijene<\/strong><\/li>\n<li>10-14 radnih sati<\/li>\n<\/ul>\n<p>* <strong>ROK ISPORUKE<\/strong> finalnih videa putem wetransvera\u00a0 <strong>30 &#8211; 150 dana<\/strong><\/p>\n\n\t\t<\/div>\n\t<\/div>\n<\/div><\/div><\/div><\/div><div class=\"vc_row wpb_row vc_row-fluid vc_custom_1645439611918 vc_row-62136a77e081e\"><div class=\"wpb_column vc_column_container vc_col-sm-12 vc_row-69e37827b33d4\"><div class=\"vc_column-inner\"><div class=\"wpb_wrapper\">      <div class=\"heading-block heading-62136a54b3088 tal h-h2\">\n                  <div class=\"sub-h\">Pogledajte nekoliko primjera na\u0161ih radova od parova koji su odabrali ovaj paket.<\/div>\n                  <h2 class=\"h\">FOTO + VIDEO PAKET<\/h2>\n              <\/div>\n    <\/div><\/div><\/div><\/div><div class=\"vc_row wpb_row vc_row-fluid vc_custom_1645180855961 vc_row-620f77ae81293\"><div class=\"wpb_column vc_column_container vc_col-sm-12 vc_row-69e37827b36f1\"><div class=\"vc_column-inner\"><div class=\"wpb_wrapper\">\n\t<div class=\"wpb_raw_code wpb_raw_html wpb_content_element\" >\n\t\t<div class=\"wpb_wrapper\">\n\t\t\t<div style=\"position: relative; padding-bottom: 56.25%; height: 0; overflow: hidden;\">\r\n  <iframe src=\"https:\/\/www.youtube.com\/embed\/_iCpaGCiN3U\" frameborder=\"0\" allowfullscreen style=\"position: absolute; top: 0; left: 0; width: 100%; height: 100%;\">\r\n  <\/iframe>\r\n<\/div>\n\t\t<\/div>\n\t<\/div>\n<\/div><\/div><\/div><\/div><div class=\"vc_row wpb_row vc_row-fluid vc_row-69e37827b3ab4\"><div class=\"wpb_column vc_column_container vc_col-sm-12 vc_row-69e37827b3c3c\"><div class=\"vc_column-inner\"><div class=\"wpb_wrapper\"><div class=\"blog-block\"><div class=\"blog-items load-wrap row blog-type-grid blog-63c98836e7e32\"><article class=\"blog-item  category-9 category-23 category-34 with-image col-12 col-sm-4 col-md-4\"><div class=\"wrap\"><div class=\"img\" data-original=\"https:\/\/angels35.com\/wp-content\/uploads\/2025\/12\/Vjencanje-Villa-Slatina-Banja-Luka-1-1024x682.jpg\"><a href=\"https:\/\/angels35.com\/hr\/samia-sahar-haris-vjencanje-villa-slatina-banja-luka\/\" style=\"background-image: url(https://spcdn.shortpixel.ai/spio/ret_img,q_cdnize,to_auto,s_webp:avif/angels35.com/wp-content/uploads/2025/12/Vjencanje-Villa-Slatina-Banja-Luka-1-1024x682.jpg);\"><\/a><\/div><div class=\"content\"><h5><a href=\"https:\/\/angels35.com\/hr\/samia-sahar-haris-vjencanje-villa-slatina-banja-luka\/\">Samia Sahar &amp; Haris - Vjen\u010danje Villa Slatina Banja Luka<\/a><\/h5><p>Elegantno i emotivno vjen\u010danje Samie Sahar i Harisa odr\u017eano je u predivnom ambijentu Ville Slatina u Banjoj Luci. Ovaj poseban dan spojio je razli\u010dite kulture, stil i sna\u017ene emocije u jednu is...<\/p><\/div><\/div><\/article><article class=\"blog-item  category-9 category-23 with-image col-12 col-sm-4 col-md-4\"><div class=\"wrap\"><div class=\"img\" data-original=\"https:\/\/angels35.com\/wp-content\/uploads\/2024\/09\/Fotograf-vjencanja-Banja-Luka-138-1024x683.jpg\"><a href=\"https:\/\/angels35.com\/hr\/fotograf-svadbe-banja-luka-jelena-i-dario-magicni-dan\/\" style=\"background-image: url(https://spcdn.shortpixel.ai/spio/ret_img,q_cdnize,to_auto,s_webp:avif/angels35.com/wp-content/uploads/2024/09/Fotograf-vjencanja-Banja-Luka-138-1024x683.jpg);\"><\/a><\/div><div class=\"content\"><h5><a href=\"https:\/\/angels35.com\/hr\/fotograf-svadbe-banja-luka-jelena-i-dario-magicni-dan\/\">Fotograf svadbe Banja Luka \u2013 Jelena i Dario | Magi\u010dni dan<\/a><\/h5><p>Fotograf svadbe Banja Luka \u2013 Jelena i Dario | Magi\u010dni dani \r\nVjen\u010danje Jelene i Daria ispri\u010dano je kroz vi\u0161e posebnih dana i razli\u010dite lokacije koje zajedno \u010dine jednu cjelinu. Od intimnih pri...<\/p><\/div><\/div><\/article><article class=\"blog-item  category-9 category-23 with-image col-12 col-sm-4 col-md-4\"><div class=\"wrap\"><div class=\"img\" data-original=\"https:\/\/angels35.com\/wp-content\/uploads\/2025\/12\/Nikolina-i-Domagoj-Fotografisanje-vjencanja-Zminj-6-1024x683.jpg\"><a href=\"https:\/\/angels35.com\/hr\/fotograf-vjencanja-zminj-nikolina-i-domagoj\/\" style=\"background-image: url(https://spcdn.shortpixel.ai/spio/ret_img,q_cdnize,to_auto,s_webp:avif/angels35.com/wp-content/uploads/2025/12/Nikolina-i-Domagoj-Fotografisanje-vjencanja-Zminj-6-1024x683.jpg);\"><\/a><\/div><div class=\"content\"><h5><a href=\"https:\/\/angels35.com\/hr\/fotograf-vjencanja-zminj-nikolina-i-domagoj\/\">Nikolina i Domagoj - Fotografiranje vjen\u010danja \u017dminj<\/a><\/h5><p>Vjen\u010danje Nikoline i Domagoja u \u017dminju i Svetvin\u010dentu, zabilje\u017eeno kroz profesionalno fotografisranje i snimanje vjen\u010danja. Pripreme u Agroturizmu Paladnjaki \u017dminj, crkvena ceremonija u crkvi N...<\/p><\/div><\/div><\/article><\/div><\/div><\/div><\/div><\/div><\/div><div class=\"vc_row wpb_row vc_row-fluid vc_custom_1645180855961 vc_row-620f77ae81293\"><div class=\"wpb_column vc_column_container vc_col-sm-12 vc_row-69e37827b75ac\"><div class=\"vc_column-inner\"><div class=\"wpb_wrapper\">\n\t<div class=\"wpb_raw_code wpb_raw_html wpb_content_element\" >\n\t\t<div class=\"wpb_wrapper\">\n\t\t\t<div style=\"position: relative; padding-bottom: 56.25%; height: 0; overflow: hidden;\">\r\n  <iframe src=\"https:\/\/www.youtube.com\/embed\/UFhdm2lg964\" frameborder=\"0\" allowfullscreen style=\"position: absolute; top: 0; left: 0; width: 100%; height: 100%;\">\r\n  <\/iframe>\r\n<\/div>\n\t\t<\/div>\n\t<\/div>\n<\/div><\/div><\/div><\/div><div class=\"vc_row wpb_row vc_row-fluid vc_row-69e37827b7996\"><div class=\"wpb_column vc_column_container vc_col-sm-12 vc_row-69e37827b7adf\"><div class=\"vc_column-inner\"><div class=\"wpb_wrapper\">      <div class=\"heading-block heading-6253c60233e1c tac h-h3\">\n                  <div class=\"sub-h\">KONTAKT<\/div>\n                  <h3 class=\"h\">Fotografiranje snimanje cijena paketi<\/h3>\n              <\/div>\n    <\/div><\/div><\/div><\/div><div class=\"vc_row wpb_row vc_row-fluid vc_custom_1660898566650 vc_row-6252ebd44c737\"><div class=\"wpb_column vc_column_container vc_col-sm-12 vc_row-69e37827b7db0\"><div class=\"vc_column-inner\"><div class=\"wpb_wrapper\">\n\t<div class=\"wpb_raw_code wpb_raw_html wpb_content_element\" >\n\t\t<div class=\"wpb_wrapper\">\n\t\t\t<script type=\"text\/javascript\" src=\"https:\/\/form.jotform.com\/jsform\/222301212689045\"><\/script>\n\t\t<\/div>\n\t<\/div>\n<\/div><\/div><\/div><\/div><div class=\"vc_row wpb_row vc_row-fluid vc_row-69e37827b803e\"><div class=\"wpb_column vc_column_container vc_col-sm-12 vc_row-69e37827b81c9\"><div class=\"vc_column-inner\"><div class=\"wpb_wrapper\"><div class=\"vc_separator wpb_content_element vc_separator_align_center vc_sep_width_100 vc_sep_pos_align_center vc_separator_no_text vc_sep_color_grey wpb_content_element  wpb_content_element\" ><span class=\"vc_sep_holder vc_sep_holder_l\"><span class=\"vc_sep_line\"><\/span><\/span><span class=\"vc_sep_holder vc_sep_holder_r\"><span class=\"vc_sep_line\"><\/span><\/span>\n<\/div><\/div><\/div><\/div><\/div><div class=\"vc_row wpb_row vc_row-fluid vc_custom_1645950833069 vc_row-6065b69c88a52\"><div class=\"wpb_column vc_column_container vc_col-sm-12 vc_col-lg-4 vc_col-md-12 vc_row-69e37827b893e\"><div class=\"vc_column-inner\"><div class=\"wpb_wrapper\"><div class=\"vc_row wpb_row vc_inner vc_row-fluid\"><div class=\"wpb_column vc_column_container vc_col-sm-3\"><div class=\"vc_column-inner\"><div class=\"wpb_wrapper\"><div class=\"vc_icon_element vc_icon_element-outer vc_do_icon vc_icon_element-align-left vc_icon_element-have-style\"><div class=\"vc_icon_element-inner vc_icon_element-color-custom vc_icon_element-have-style-inner vc_icon_element-size-md vc_icon_element-style-rounded-outline vc_icon_element-outline vc_icon_element-background-color-custom\"  style=\"border-color:#c48f56\"><span class=\"vc_icon_element-icon multimedia-icon-smartphone\" ><\/span><\/div><\/div><\/div><\/div><\/div><div class=\"wpb_column vc_column_container vc_col-sm-9\"><div class=\"vc_column-inner\"><div class=\"wpb_wrapper\">\n\t<div class=\"wpb_text_column wpb_content_element\" >\n\t\t<div class=\"wpb_wrapper\">\n\t\t\t<p style=\"text-align: left;\"><span style=\"font-size: 14px; font-weight: 300;\">+387 65 880 906<\/span><\/p>\n\n\t\t<\/div>\n\t<\/div>\n<\/div><\/div><\/div><\/div><\/div><\/div><\/div><div class=\"wpb_column vc_column_container vc_col-sm-12 vc_col-lg-4 vc_col-md-6 vc_col-xs-12 vc_row-69e37827b954a\"><div class=\"vc_column-inner\"><div class=\"wpb_wrapper\"><div class=\"vc_row wpb_row vc_inner vc_row-fluid\"><div class=\"wpb_column vc_column_container vc_col-sm-3\"><div class=\"vc_column-inner\"><div class=\"wpb_wrapper\"><div class=\"vc_icon_element vc_icon_element-outer vc_do_icon vc_icon_element-align-left vc_icon_element-have-style\"><div class=\"vc_icon_element-inner vc_icon_element-color-custom vc_icon_element-have-style-inner vc_icon_element-size-md vc_icon_element-style-rounded-outline vc_icon_element-outline vc_icon_element-background-color-custom\"  style=\"border-color:#c48f56\"><span class=\"vc_icon_element-icon multimedia-icon-envelope\" ><\/span><\/div><\/div><\/div><\/div><\/div><div class=\"wpb_column vc_column_container vc_col-sm-9\"><div class=\"vc_column-inner\"><div class=\"wpb_wrapper\">\n\t<div class=\"wpb_text_column wpb_content_element\" >\n\t\t<div class=\"wpb_wrapper\">\n\t\t\t<p style=\"text-align: left;\"><a href=\"mailto:info@angels35.com\"><span style=\"font-weight: 300;\">info@angels35.com<\/span><\/a><\/p>\n\n\t\t<\/div>\n\t<\/div>\n<\/div><\/div><\/div><\/div><\/div><\/div><\/div><div class=\"wpb_column vc_column_container vc_col-sm-12 vc_col-lg-4 vc_col-md-6 vc_row-69e37827b9d32\"><div class=\"vc_column-inner\"><div class=\"wpb_wrapper\"><div class=\"vc_row wpb_row vc_inner vc_row-fluid\"><div class=\"wpb_column vc_column_container vc_col-sm-3\"><div class=\"vc_column-inner\"><div class=\"wpb_wrapper\"><div class=\"vc_icon_element vc_icon_element-outer vc_do_icon vc_icon_element-align-left vc_icon_element-have-style\"><div class=\"vc_icon_element-inner vc_icon_element-color-custom vc_icon_element-have-style-inner vc_icon_element-size-md vc_icon_element-style-rounded-outline vc_icon_element-outline vc_icon_element-background-color-custom\"  style=\"border-color:#c48f56\"><span class=\"vc_icon_element-icon multimedia-icon-placeholder\" ><\/span><\/div><\/div><\/div><\/div><\/div><div class=\"wpb_column vc_column_container vc_col-sm-9\"><div class=\"vc_column-inner\"><div class=\"wpb_wrapper\">\n\t<div class=\"wpb_text_column wpb_content_element\" >\n\t\t<div class=\"wpb_wrapper\">\n\t\t\t<p style=\"text-align: left;\"><span style=\"font-weight: 300;\">Banja Luka , Bosnia and Herzegovina<\/span><\/p>\n\n\t\t<\/div>\n\t<\/div>\n<\/div><\/div><\/div><\/div><\/div><\/div><\/div><\/div><div class=\"vc_row wpb_row vc_row-fluid vc_row-69e37827ba632\"><div class=\"wpb_column vc_column_container vc_col-sm-12 vc_row-69e37827ba773\"><div class=\"vc_column-inner\"><div class=\"wpb_wrapper\"><div class=\"vc_separator wpb_content_element vc_separator_align_center vc_sep_width_100 vc_sep_pos_align_center vc_separator_no_text vc_sep_color_grey wpb_content_element  wpb_content_element\" ><span class=\"vc_sep_holder vc_sep_holder_l\"><span class=\"vc_sep_line\"><\/span><\/span><span class=\"vc_sep_holder vc_sep_holder_r\"><span class=\"vc_sep_line\"><\/span><\/span>\n<\/div><\/div><\/div><\/div><\/div><div data-vc-full-width=\"true\" data-vc-full-width-init=\"false\" data-vc-stretch-content=\"true\" class=\"vc_row wpb_row vc_row-fluid vc_custom_1649657095995 vc_row-62530b5f356d8 vc_row-has-fill vc_row-no-padding\"><div class=\"wpb_column vc_column_container vc_col-sm-12 vc_row-69e37827bad08\"><div class=\"vc_column-inner\"><div class=\"wpb_wrapper\"><div class=\"price-list-type2 row price-list-type2-59c284b183e9e\"><div class=\"item price-list-type2-item-59c28461bdf64 col-12 col-sm-12 col-md-6 col-lg-3\">\r\n        <h6 class=\"h\">Fotografiranje vjen\u010danja<\/h6>\r\n        \r\n        <div class=\"img\" style=\"background-image: url(https://spcdn.shortpixel.ai/spio/ret_img,q_cdnize,to_auto,s_webp:avif/angels35.com/wp-content/uploads/2022/04/Fotograf-vjencanja-paket-cijena.jpg)\"><\/div>\r\n        <div class=\"options\">\r\n            <div class=\"heading-decor\"><h5>Foto Paket<\/h5><\/div>\r\n            \r\n        <\/div>\r\n        <a href=\"https:\/\/angels35.com\/hr\/fotografiranje-vjencanja-cijena-paket\/\" class=\"button-style1\">pogledaj paket<\/a>\r\n    <\/div><div class=\"item price-list-type2-item-59c28461bdf64 col-12 col-sm-12 col-md-6 col-lg-3\">\r\n        <h6 class=\"h\">FOTO + VIDEO<\/h6>\r\n        <div class=\"price\">PREPORU\u010cENO<\/div>\r\n        <div class=\"img\" style=\"background-image: url(https://spcdn.shortpixel.ai/spio/ret_img,q_cdnize,to_auto,s_webp:avif/angels35.com/wp-content/uploads/2022/04/Snimanje-vjencanja-paket-2-cijena.jpg)\"><\/div>\r\n        <div class=\"options\">\r\n            <div class=\"heading-decor\"><h5>FOTO + VIDEO PAKET<\/h5><\/div>\r\n            \r\n        <\/div>\r\n        <a href=\"https:\/\/angels35.com\/hr\/fotografiranje-snimanje-vjencanja-paket-cijena\/\" class=\"button-style1\">POGLEDAJ PAKET<\/a>\r\n    <\/div><div class=\"item price-list-type2-item-59c28461bdf64 col-12 col-sm-12 col-md-6 col-lg-3\">\r\n        <h6 class=\"h\">SNIMANJE<\/h6>\r\n        \r\n        <div class=\"img\" style=\"background-image: url(https://spcdn.shortpixel.ai/spio/ret_img,q_cdnize,to_auto,s_webp:avif/angels35.com/wp-content/uploads/2022/04/fotograf-vjencanja-cijena-paket.jpg)\"><\/div>\r\n        <div class=\"options\">\r\n            <div class=\"heading-decor\"><h5>VIDEO PAKET 1<\/h5><\/div>\r\n            \r\n        <\/div>\r\n        <a href=\"https:\/\/angels35.com\/hr\/snimanje-vjencanja-paket-1-cijena\/\" class=\"button-style1\">POGLEDAJ PAKET<\/a>\r\n    <\/div><div class=\"item price-list-type2-item-59c28461bdf64 col-12 col-sm-12 col-md-6 col-lg-3\">\r\n        <h6 class=\"h\">SNIMANJE<\/h6>\r\n        \r\n        <div class=\"img\" style=\"background-image: url(https://spcdn.shortpixel.ai/spio/ret_img,q_cdnize,to_auto,s_webp:avif/angels35.com/wp-content/uploads/2022/04/Snimanje-vjencanja-paket-1-cijena.jpg)\"><\/div>\r\n        <div class=\"options\">\r\n            <div class=\"heading-decor\"><h5>VIDEO PAKET 2<\/h5><\/div>\r\n            \r\n        <\/div>\r\n        <a href=\"https:\/\/angels35.com\/hr\/snimanje-vjencanja-paket-2-cijena\/\" class=\"button-style1\">POGLEDAJ PAKET<\/a>\r\n    <\/div><\/div><\/div><\/div><\/div><\/div><div class=\"vc_row-full-width vc_clearfix\"><\/div>\n<\/div>","protected":false},"excerpt":{"rendered":"FacebookYouTube Fotograf vjencanja \u017dminj Nikolina &amp; Domagoj FOTOGRAF VJEN\u010cANJA \u017dMINJ Nikolina &amp; Domagoj\u00a0 Kao fotograf vjen\u010danja , uvijek nam je posebno zadovoljstvo raditi vjen\u010danja na autenti\u010dnim istarskim lokacijama, gdje se priroda, tradicija i emocije spajaju u jednu pri\u010du. Vjen\u010danje Nikoline i Domagoja upravo je takvo \u2013 iskreno, opu\u0161teno i potpuno u skladu s istarskim okru\u017eenjem. [...]","protected":false},"author":1,"featured_media":5529,"parent":0,"menu_order":0,"comment_status":"closed","ping_status":"closed","template":"template-landing.php","meta":{"_acf_changed":false,"footnotes":""},"class_list":["post-5514","page","type-page","status-publish","has-post-thumbnail","hentry"],"acf":[],"_links":{"self":[{"href":"https:\/\/angels35.com\/hr\/wp-json\/wp\/v2\/pages\/5514","targetHints":{"allow":["GET"]}}],"collection":[{"href":"https:\/\/angels35.com\/hr\/wp-json\/wp\/v2\/pages"}],"about":[{"href":"https:\/\/angels35.com\/hr\/wp-json\/wp\/v2\/types\/page"}],"author":[{"embeddable":true,"href":"https:\/\/angels35.com\/hr\/wp-json\/wp\/v2\/users\/1"}],"replies":[{"embeddable":true,"href":"https:\/\/angels35.com\/hr\/wp-json\/wp\/v2\/comments?post=5514"}],"version-history":[{"count":49,"href":"https:\/\/angels35.com\/hr\/wp-json\/wp\/v2\/pages\/5514\/revisions"}],"predecessor-version":[{"id":9291,"href":"https:\/\/angels35.com\/hr\/wp-json\/wp\/v2\/pages\/5514\/revisions\/9291"}],"wp:featuredmedia":[{"embeddable":true,"href":"https:\/\/angels35.com\/hr\/wp-json\/wp\/v2\/media\/5529"}],"wp:attachment":[{"href":"https:\/\/angels35.com\/hr\/wp-json\/wp\/v2\/media?parent=5514"}],"curies":[{"name":"wp","href":"https:\/\/api.w.org\/{rel}","templated":true}]}}